{"id":12472,"date":"2026-03-18T11:33:00","date_gmt":"2026-03-18T10:33:00","guid":{"rendered":"https:\/\/legrenierdelatour.be\/brocante\/?post_type=product&#038;p=12472"},"modified":"2026-03-18T11:33:00","modified_gmt":"2026-03-18T10:33:00","slug":"grande-jardiniere-en-laiton-art-deco","status":"publish","type":"product","link":"https:\/\/legrenierdelatour.be\/brocante\/produit\/grande-jardiniere-en-laiton-art-deco\/","title":{"rendered":"Grande jardini\u00e8re en laiton, Art d\u00e9co"},"content":{"rendered":"<p>Belle grande jardini\u00e8re ovale (54 cm de long) en laiton repouss\u00e9 avec un d\u00e9cor de fruits et fleurs, datant sans doute de la fin du 19\u00e8-d\u00e9but du 20\u00e8 si\u00e8cle. Elle repose sur 4 petits pieds en forme de pattes de mon.<\/p>\n<div>R\u00e9f 48.51<\/div>\n","protected":false},"excerpt":{"rendered":"<p>Belle grande jardini\u00e8re ovale (54 cm de long) en laiton repouss\u00e9 avec un d\u00e9cor de fruits et fleurs, datant sans doute de la fin du 19\u00e8-d\u00e9but du 20\u00e8 si\u00e8cle. Elle repose sur 4 petits pieds en forme de pattes de mon. R\u00e9f 48.51<\/p>\n","protected":false},"featured_media":12429,"comment_status":"open","ping_status":"closed","template":"","meta":{"neve_meta_sidebar":"","neve_meta_container":"","neve_meta_enable_content_width":"off","neve_meta_content_width":100,"neve_meta_title_alignment":"","neve_meta_author_avatar":"","neve_post_elements_order":"","neve_meta_disable_header":"","neve_meta_disable_footer":"","neve_meta_disable_title":""},"product_brand":[],"product_cat":[171,186],"product_tag":[],"class_list":{"0":"post-12472","1":"product","2":"type-product","3":"status-publish","4":"has-post-thumbnail","6":"product_cat-jeux-et-jardin","7":"product_cat-laiton","9":"first","10":"instock","11":"shipping-taxable","12":"purchasable","13":"product-type-simple"},"_links":{"self":[{"href":"https:\/\/legrenierdelatour.be\/brocante\/wp-json\/wp\/v2\/product\/12472","targetHints":{"allow":["GET"]}}],"collection":[{"href":"https:\/\/legrenierdelatour.be\/brocante\/wp-json\/wp\/v2\/product"}],"about":[{"href":"https:\/\/legrenierdelatour.be\/brocante\/wp-json\/wp\/v2\/types\/product"}],"replies":[{"embeddable":true,"href":"https:\/\/legrenierdelatour.be\/brocante\/wp-json\/wp\/v2\/comments?post=12472"}],"wp:featuredmedia":[{"embeddable":true,"href":"https:\/\/legrenierdelatour.be\/brocante\/wp-json\/wp\/v2\/media\/12429"}],"wp:attachment":[{"href":"https:\/\/legrenierdelatour.be\/brocante\/wp-json\/wp\/v2\/media?parent=12472"}],"wp:term":[{"taxonomy":"product_brand","embeddable":true,"href":"https:\/\/legrenierdelatour.be\/brocante\/wp-json\/wp\/v2\/product_brand?post=12472"},{"taxonomy":"product_cat","embeddable":true,"href":"https:\/\/legrenierdelatour.be\/brocante\/wp-json\/wp\/v2\/product_cat?post=12472"},{"taxonomy":"product_tag","embeddable":true,"href":"https:\/\/legrenierdelatour.be\/brocante\/wp-json\/wp\/v2\/product_tag?post=12472"}],"curies":[{"name":"wp","href":"https:\/\/api.w.org\/{rel}","templated":true}]}}