{"id":12398,"date":"2026-03-16T17:27:36","date_gmt":"2026-03-16T16:27:36","guid":{"rendered":"https:\/\/legrenierdelatour.be\/brocante\/?post_type=product&#038;p=12398"},"modified":"2026-03-16T17:27:36","modified_gmt":"2026-03-16T16:27:36","slug":"ensemble-pour-fumeur-en-laiton-1950","status":"publish","type":"product","link":"https:\/\/legrenierdelatour.be\/brocante\/produit\/ensemble-pour-fumeur-en-laiton-1950\/","title":{"rendered":"Ensemble pour fumeur en laiton, 1950."},"content":{"rendered":"<p>Ensemble pour fumeur se composant d\u2019un plateau (30 cm de long) d\u2019une bo\u00eete \u00e0 cigarettes, d\u2019un porte allumettes, d\u2019un bougeoir et d\u2019un cendrier. L\u2019ensemble\u00a0est en laiton et plastique (imitation bois) et date sans doute des ann\u00e9es 1950. Le service n\u2019a pas \u00e9t\u00e9 utilis\u00e9, si ce n\u2019est le plateau.<\/p>\n<div>R\u00e9f 49.34<\/div>\n","protected":false},"excerpt":{"rendered":"<p>Ensemble pour fumeur se composant d\u2019un plateau (30 cm de long) d\u2019une bo\u00eete \u00e0 cigarettes, d\u2019un porte allumettes, d\u2019un bougeoir et d\u2019un cendrier. L\u2019ensemble\u00a0est en laiton et plastique (imitation bois) et date sans doute des ann\u00e9es 1950. Le service n\u2019a pas \u00e9t\u00e9 utilis\u00e9, si ce n\u2019est le plateau. R\u00e9f 49.34<\/p>\n","protected":false},"featured_media":12399,"comment_status":"open","ping_status":"closed","template":"","meta":{"neve_meta_sidebar":"","neve_meta_container":"","neve_meta_enable_content_width":"off","neve_meta_content_width":100,"neve_meta_title_alignment":"","neve_meta_author_avatar":"","neve_post_elements_order":"","neve_meta_disable_header":"","neve_meta_disable_footer":"","neve_meta_disable_title":""},"product_brand":[],"product_cat":[183],"product_tag":[],"class_list":{"0":"post-12398","1":"product","2":"type-product","3":"status-publish","4":"has-post-thumbnail","6":"product_cat-bureau-et-fumoir","8":"first","9":"instock","10":"shipping-taxable","11":"purchasable","12":"product-type-simple"},"_links":{"self":[{"href":"https:\/\/legrenierdelatour.be\/brocante\/wp-json\/wp\/v2\/product\/12398","targetHints":{"allow":["GET"]}}],"collection":[{"href":"https:\/\/legrenierdelatour.be\/brocante\/wp-json\/wp\/v2\/product"}],"about":[{"href":"https:\/\/legrenierdelatour.be\/brocante\/wp-json\/wp\/v2\/types\/product"}],"replies":[{"embeddable":true,"href":"https:\/\/legrenierdelatour.be\/brocante\/wp-json\/wp\/v2\/comments?post=12398"}],"wp:featuredmedia":[{"embeddable":true,"href":"https:\/\/legrenierdelatour.be\/brocante\/wp-json\/wp\/v2\/media\/12399"}],"wp:attachment":[{"href":"https:\/\/legrenierdelatour.be\/brocante\/wp-json\/wp\/v2\/media?parent=12398"}],"wp:term":[{"taxonomy":"product_brand","embeddable":true,"href":"https:\/\/legrenierdelatour.be\/brocante\/wp-json\/wp\/v2\/product_brand?post=12398"},{"taxonomy":"product_cat","embeddable":true,"href":"https:\/\/legrenierdelatour.be\/brocante\/wp-json\/wp\/v2\/product_cat?post=12398"},{"taxonomy":"product_tag","embeddable":true,"href":"https:\/\/legrenierdelatour.be\/brocante\/wp-json\/wp\/v2\/product_tag?post=12398"}],"curies":[{"name":"wp","href":"https:\/\/api.w.org\/{rel}","templated":true}]}}