{"id":12395,"date":"2026-03-16T17:09:55","date_gmt":"2026-03-16T16:09:55","guid":{"rendered":"https:\/\/legrenierdelatour.be\/brocante\/?post_type=product&#038;p=12395"},"modified":"2026-03-16T17:25:36","modified_gmt":"2026-03-16T16:25:36","slug":"ustensiles-pour-couture-art-nouveau","status":"publish","type":"product","link":"https:\/\/legrenierdelatour.be\/brocante\/produit\/ustensiles-pour-couture-art-nouveau\/","title":{"rendered":"Ustensiles pour couture, Art Nouveau"},"content":{"rendered":"<p>Deux petits ustensiles en m\u00e9tal (7 cm de long) argent\u00e9 et dor\u00e9 dans le style Art Nouveau. Il s&rsquo;agit d\u2019ustensiles de couture, d\u2019un poin\u00e7on destin\u00e9 \u00e0 faire des trous dans le tissu et d\u2019un \u00e9tui \u00e0 aiguilles. Ils sont orn\u00e9s de fleurs, sans doute du muguet et datent sans doute des alentours de 1900.<\/p>\n<div>R\u00e9f 49.30<\/div>\n","protected":false},"excerpt":{"rendered":"<p>Deux petits ustensiles en m\u00e9tal (7 cm de long) argent\u00e9 et dor\u00e9 dans le style Art Nouveau. Il s&rsquo;agit d\u2019ustensiles de couture, d\u2019un poin\u00e7on destin\u00e9 \u00e0 faire des trous dans le tissu et d\u2019un \u00e9tui \u00e0 aiguilles. Ils sont orn\u00e9s de fleurs, sans doute du muguet et datent sans doute des alentours de 1900. R\u00e9f&hellip;&nbsp;<a href=\"https:\/\/legrenierdelatour.be\/brocante\/produit\/ustensiles-pour-couture-art-nouveau\/\" class=\"\" rel=\"bookmark\">Lire la suite &raquo;<span class=\"screen-reader-text\">Ustensiles pour couture, Art Nouveau<\/span><\/a><\/p>\n","protected":false},"featured_media":12397,"comment_status":"open","ping_status":"closed","template":"","meta":{"neve_meta_sidebar":"","neve_meta_container":"","neve_meta_enable_content_width":"off","neve_meta_content_width":100,"neve_meta_title_alignment":"","neve_meta_author_avatar":"","neve_post_elements_order":"","neve_meta_disable_header":"","neve_meta_disable_footer":"","neve_meta_disable_title":""},"product_brand":[],"product_cat":[15],"product_tag":[],"class_list":{"0":"post-12395","1":"product","2":"type-product","3":"status-publish","4":"has-post-thumbnail","6":"product_cat-non-classe","8":"first","9":"instock","10":"shipping-taxable","11":"purchasable","12":"product-type-simple"},"_links":{"self":[{"href":"https:\/\/legrenierdelatour.be\/brocante\/wp-json\/wp\/v2\/product\/12395","targetHints":{"allow":["GET"]}}],"collection":[{"href":"https:\/\/legrenierdelatour.be\/brocante\/wp-json\/wp\/v2\/product"}],"about":[{"href":"https:\/\/legrenierdelatour.be\/brocante\/wp-json\/wp\/v2\/types\/product"}],"replies":[{"embeddable":true,"href":"https:\/\/legrenierdelatour.be\/brocante\/wp-json\/wp\/v2\/comments?post=12395"}],"wp:featuredmedia":[{"embeddable":true,"href":"https:\/\/legrenierdelatour.be\/brocante\/wp-json\/wp\/v2\/media\/12397"}],"wp:attachment":[{"href":"https:\/\/legrenierdelatour.be\/brocante\/wp-json\/wp\/v2\/media?parent=12395"}],"wp:term":[{"taxonomy":"product_brand","embeddable":true,"href":"https:\/\/legrenierdelatour.be\/brocante\/wp-json\/wp\/v2\/product_brand?post=12395"},{"taxonomy":"product_cat","embeddable":true,"href":"https:\/\/legrenierdelatour.be\/brocante\/wp-json\/wp\/v2\/product_cat?post=12395"},{"taxonomy":"product_tag","embeddable":true,"href":"https:\/\/legrenierdelatour.be\/brocante\/wp-json\/wp\/v2\/product_tag?post=12395"}],"curies":[{"name":"wp","href":"https:\/\/api.w.org\/{rel}","templated":true}]}}