{"id":12387,"date":"2026-03-16T16:45:44","date_gmt":"2026-03-16T15:45:44","guid":{"rendered":"https:\/\/legrenierdelatour.be\/brocante\/?post_type=product&#038;p=12387"},"modified":"2026-03-16T16:45:44","modified_gmt":"2026-03-16T15:45:44","slug":"cruchon-emaischen-1994-comite-alstad","status":"publish","type":"product","link":"https:\/\/legrenierdelatour.be\/brocante\/produit\/cruchon-emaischen-1994-comite-alstad\/","title":{"rendered":"Cruchon Emaischen 1994, Comit\u00e9 Alstad"},"content":{"rendered":"<p>Petite cruche en c\u00e9ramique (13 cm de haut) \u00e9dit\u00e9e \u00e0 l\u2019occasion de l\u2019Emaischen 1994 par Le Comi\u00e9 Alstad de Luxembourg.<\/p>\n<div>R\u00e9f 49.28<\/div>\n","protected":false},"excerpt":{"rendered":"<p>Petite cruche en c\u00e9ramique (13 cm de haut) \u00e9dit\u00e9e \u00e0 l\u2019occasion de l\u2019Emaischen 1994 par Le Comi\u00e9 Alstad de Luxembourg. R\u00e9f 49.28<\/p>\n","protected":false},"featured_media":12388,"comment_status":"open","ping_status":"closed","template":"","meta":{"neve_meta_sidebar":"","neve_meta_container":"","neve_meta_enable_content_width":"off","neve_meta_content_width":100,"neve_meta_title_alignment":"","neve_meta_author_avatar":"","neve_post_elements_order":"","neve_meta_disable_header":"","neve_meta_disable_footer":"","neve_meta_disable_title":""},"product_brand":[],"product_cat":[16,166],"product_tag":[],"class_list":{"0":"post-12387","1":"product","2":"type-product","3":"status-publish","4":"has-post-thumbnail","6":"product_cat-ceramique","7":"product_cat-luxemburgensia-luxemburgensia","9":"first","10":"instock","11":"shipping-taxable","12":"purchasable","13":"product-type-simple"},"_links":{"self":[{"href":"https:\/\/legrenierdelatour.be\/brocante\/wp-json\/wp\/v2\/product\/12387","targetHints":{"allow":["GET"]}}],"collection":[{"href":"https:\/\/legrenierdelatour.be\/brocante\/wp-json\/wp\/v2\/product"}],"about":[{"href":"https:\/\/legrenierdelatour.be\/brocante\/wp-json\/wp\/v2\/types\/product"}],"replies":[{"embeddable":true,"href":"https:\/\/legrenierdelatour.be\/brocante\/wp-json\/wp\/v2\/comments?post=12387"}],"wp:featuredmedia":[{"embeddable":true,"href":"https:\/\/legrenierdelatour.be\/brocante\/wp-json\/wp\/v2\/media\/12388"}],"wp:attachment":[{"href":"https:\/\/legrenierdelatour.be\/brocante\/wp-json\/wp\/v2\/media?parent=12387"}],"wp:term":[{"taxonomy":"product_brand","embeddable":true,"href":"https:\/\/legrenierdelatour.be\/brocante\/wp-json\/wp\/v2\/product_brand?post=12387"},{"taxonomy":"product_cat","embeddable":true,"href":"https:\/\/legrenierdelatour.be\/brocante\/wp-json\/wp\/v2\/product_cat?post=12387"},{"taxonomy":"product_tag","embeddable":true,"href":"https:\/\/legrenierdelatour.be\/brocante\/wp-json\/wp\/v2\/product_tag?post=12387"}],"curies":[{"name":"wp","href":"https:\/\/api.w.org\/{rel}","templated":true}]}}