{"id":12382,"date":"2026-03-16T16:34:39","date_gmt":"2026-03-16T15:34:39","guid":{"rendered":"https:\/\/legrenierdelatour.be\/brocante\/?post_type=product&#038;p=12382"},"modified":"2026-03-16T16:34:39","modified_gmt":"2026-03-16T15:34:39","slug":"feuille-de-vigne-en-faience-coceram","status":"publish","type":"product","link":"https:\/\/legrenierdelatour.be\/brocante\/produit\/feuille-de-vigne-en-faience-coceram\/","title":{"rendered":"Feuille de vigne en fa\u00efence, Coceram"},"content":{"rendered":"<p>Vide-poche ou d\u00e9coration murale (19 cm de long) en fa\u00efenceproduit par Coceram pour \u00ab\u00a0Cognac Staub, Rei Manuel porto\u00a0\u00bb, sans doute vers 1950. Coceram est une manufacture belge\u00a0fond\u00e9e par les fr\u00e8res Hector et Maurice Colin en 1947. Elle fermait en 1960. L&rsquo;accent de la production a \u00e9t\u00e9 mis sur des pi\u00e8ces, raviers ou cendriers publicitaires, mais on produisait aussi des vases, des pichets et des pi\u00e8ces d\u00e9coratives divers.<\/p>\n<div><span style=\"color: #333333; font-family: arial, helvetica, sans-serif;\">Un exemplaire bleu et un exemplaire bordeau disponibles au prix de 15\u20ac pi\u00e8ce.<br \/>\n<\/span><\/p>\n<div>R\u00e9f 49.26<\/div>\n<\/div>\n","protected":false},"excerpt":{"rendered":"<p>Vide-poche ou d\u00e9coration murale (19 cm de long) en fa\u00efenceproduit par Coceram pour \u00ab\u00a0Cognac Staub, Rei Manuel porto\u00a0\u00bb, sans doute vers 1950. Coceram est une manufacture belge\u00a0fond\u00e9e par les fr\u00e8res Hector et Maurice Colin en 1947. Elle fermait en 1960. L&rsquo;accent de la production a \u00e9t\u00e9 mis sur des pi\u00e8ces, raviers ou cendriers publicitaires, mais&hellip;&nbsp;<a href=\"https:\/\/legrenierdelatour.be\/brocante\/produit\/feuille-de-vigne-en-faience-coceram\/\" class=\"\" rel=\"bookmark\">Lire la suite &raquo;<span class=\"screen-reader-text\">Feuille de vigne en fa\u00efence, Coceram<\/span><\/a><\/p>\n","protected":false},"featured_media":12383,"comment_status":"open","ping_status":"closed","template":"","meta":{"neve_meta_sidebar":"","neve_meta_container":"","neve_meta_enable_content_width":"off","neve_meta_content_width":100,"neve_meta_title_alignment":"","neve_meta_author_avatar":"","neve_post_elements_order":"","neve_meta_disable_header":"","neve_meta_disable_footer":"","neve_meta_disable_title":""},"product_brand":[],"product_cat":[37,174,16],"product_tag":[],"class_list":{"0":"post-12382","1":"product","2":"type-product","3":"status-publish","4":"has-post-thumbnail","6":"product_cat-belgique","7":"product_cat-coceram","8":"product_cat-ceramique","10":"first","11":"instock","12":"shipping-taxable","13":"purchasable","14":"product-type-simple"},"_links":{"self":[{"href":"https:\/\/legrenierdelatour.be\/brocante\/wp-json\/wp\/v2\/product\/12382","targetHints":{"allow":["GET"]}}],"collection":[{"href":"https:\/\/legrenierdelatour.be\/brocante\/wp-json\/wp\/v2\/product"}],"about":[{"href":"https:\/\/legrenierdelatour.be\/brocante\/wp-json\/wp\/v2\/types\/product"}],"replies":[{"embeddable":true,"href":"https:\/\/legrenierdelatour.be\/brocante\/wp-json\/wp\/v2\/comments?post=12382"}],"wp:featuredmedia":[{"embeddable":true,"href":"https:\/\/legrenierdelatour.be\/brocante\/wp-json\/wp\/v2\/media\/12383"}],"wp:attachment":[{"href":"https:\/\/legrenierdelatour.be\/brocante\/wp-json\/wp\/v2\/media?parent=12382"}],"wp:term":[{"taxonomy":"product_brand","embeddable":true,"href":"https:\/\/legrenierdelatour.be\/brocante\/wp-json\/wp\/v2\/product_brand?post=12382"},{"taxonomy":"product_cat","embeddable":true,"href":"https:\/\/legrenierdelatour.be\/brocante\/wp-json\/wp\/v2\/product_cat?post=12382"},{"taxonomy":"product_tag","embeddable":true,"href":"https:\/\/legrenierdelatour.be\/brocante\/wp-json\/wp\/v2\/product_tag?post=12382"}],"curies":[{"name":"wp","href":"https:\/\/api.w.org\/{rel}","templated":true}]}}