{"id":12374,"date":"2026-03-16T15:49:21","date_gmt":"2026-03-16T14:49:21","guid":{"rendered":"https:\/\/legrenierdelatour.be\/brocante\/?post_type=product&#038;p=12374"},"modified":"2026-03-16T15:49:21","modified_gmt":"2026-03-16T14:49:21","slug":"bonbonniere-fete-des-roses-villeroy-boch","status":"publish","type":"product","link":"https:\/\/legrenierdelatour.be\/brocante\/produit\/bonbonniere-fete-des-roses-villeroy-boch\/","title":{"rendered":"Bonbonni\u00e8re \u00ab\u00a0F\u00eate des roses\u00a0\u00bb, Villeroy &#038; Boch"},"content":{"rendered":"<p>Bonbonni\u00e8re en fa\u00efence (10 cm de diam\u00e8tre) produite par Villeroy &amp; Boch Luxembourg en 1990, pour l\u2019anniversaire de la f\u00eate des roses de Walferdange. Elle est en parfait \u00e9tat.<\/p>\n<div>R\u00e9f 49.24<\/div>\n","protected":false},"excerpt":{"rendered":"<p>Bonbonni\u00e8re en fa\u00efence (10 cm de diam\u00e8tre) produite par Villeroy &amp; Boch Luxembourg en 1990, pour l\u2019anniversaire de la f\u00eate des roses de Walferdange. Elle est en parfait \u00e9tat. R\u00e9f 49.24<\/p>\n","protected":false},"featured_media":12376,"comment_status":"open","ping_status":"closed","template":"","meta":{"neve_meta_sidebar":"","neve_meta_container":"","neve_meta_enable_content_width":"off","neve_meta_content_width":100,"neve_meta_title_alignment":"","neve_meta_author_avatar":"","neve_post_elements_order":"","neve_meta_disable_header":"","neve_meta_disable_footer":"","neve_meta_disable_title":""},"product_brand":[],"product_cat":[16,165,29],"product_tag":[],"class_list":{"0":"post-12374","1":"product","2":"type-product","3":"status-publish","4":"has-post-thumbnail","6":"product_cat-ceramique","7":"product_cat-luxembourg","8":"product_cat-villeroy-boch","10":"first","11":"instock","12":"shipping-taxable","13":"purchasable","14":"product-type-simple"},"_links":{"self":[{"href":"https:\/\/legrenierdelatour.be\/brocante\/wp-json\/wp\/v2\/product\/12374","targetHints":{"allow":["GET"]}}],"collection":[{"href":"https:\/\/legrenierdelatour.be\/brocante\/wp-json\/wp\/v2\/product"}],"about":[{"href":"https:\/\/legrenierdelatour.be\/brocante\/wp-json\/wp\/v2\/types\/product"}],"replies":[{"embeddable":true,"href":"https:\/\/legrenierdelatour.be\/brocante\/wp-json\/wp\/v2\/comments?post=12374"}],"wp:featuredmedia":[{"embeddable":true,"href":"https:\/\/legrenierdelatour.be\/brocante\/wp-json\/wp\/v2\/media\/12376"}],"wp:attachment":[{"href":"https:\/\/legrenierdelatour.be\/brocante\/wp-json\/wp\/v2\/media?parent=12374"}],"wp:term":[{"taxonomy":"product_brand","embeddable":true,"href":"https:\/\/legrenierdelatour.be\/brocante\/wp-json\/wp\/v2\/product_brand?post=12374"},{"taxonomy":"product_cat","embeddable":true,"href":"https:\/\/legrenierdelatour.be\/brocante\/wp-json\/wp\/v2\/product_cat?post=12374"},{"taxonomy":"product_tag","embeddable":true,"href":"https:\/\/legrenierdelatour.be\/brocante\/wp-json\/wp\/v2\/product_tag?post=12374"}],"curies":[{"name":"wp","href":"https:\/\/api.w.org\/{rel}","templated":true}]}}