{"id":12370,"date":"2026-03-15T17:40:51","date_gmt":"2026-03-15T16:40:51","guid":{"rendered":"https:\/\/legrenierdelatour.be\/brocante\/?post_type=product&#038;p=12370"},"modified":"2026-03-15T17:40:51","modified_gmt":"2026-03-15T16:40:51","slug":"vase-cylindre-emaux-de-longwy-les-recollets-martine-guin-guan","status":"publish","type":"product","link":"https:\/\/legrenierdelatour.be\/brocante\/produit\/vase-cylindre-emaux-de-longwy-les-recollets-martine-guin-guan\/","title":{"rendered":"Vase cylindre Emaux de Longwy Les R\u00e9collets, Martine Guin-Guan"},"content":{"rendered":"<p>Beau vase cylindrique (23 cm de haut) produit par la manufacture Longwy, \u00e0 d\u00e9cor de chats et feuillages en \u00e9maux cloisonn\u00e9s. Il est porte les inscriptions suivantes sous la base : F.VA64 \u00ab\u00a0Le petit Monde de Martine\u00a0\u00bb tirage num\u00e9rot\u00e9 n\u00b034\/250\u00a0\u00bb. Il est sign\u00e9 sous la base Martine Guin-Guan, et porte le cachet de \u00ab\u00a0Les R\u00e9collets\u00a0\u00bb. Il est en parfait \u00e9tat. Martine Guin-Guan est une artiste n\u00e9e en 1945, qui a surtout peint des motifs enfantins et na\u00effs.<\/p>\n<div>R\u00e9f 49.23<\/div>\n","protected":false},"excerpt":{"rendered":"<p>Beau vase cylindrique (23 cm de haut) produit par la manufacture Longwy, \u00e0 d\u00e9cor de chats et feuillages en \u00e9maux cloisonn\u00e9s. Il est porte les inscriptions suivantes sous la base : F.VA64 \u00ab\u00a0Le petit Monde de Martine\u00a0\u00bb tirage num\u00e9rot\u00e9 n\u00b034\/250\u00a0\u00bb. Il est sign\u00e9 sous la base Martine Guin-Guan, et porte le cachet de \u00ab\u00a0Les R\u00e9collets\u00a0\u00bb.&hellip;&nbsp;<a href=\"https:\/\/legrenierdelatour.be\/brocante\/produit\/vase-cylindre-emaux-de-longwy-les-recollets-martine-guin-guan\/\" class=\"\" rel=\"bookmark\">Lire la suite &raquo;<span class=\"screen-reader-text\">Vase cylindre Emaux de Longwy Les R\u00e9collets, Martine Guin-Guan<\/span><\/a><\/p>\n","protected":false},"featured_media":12371,"comment_status":"open","ping_status":"closed","template":"","meta":{"neve_meta_sidebar":"","neve_meta_container":"","neve_meta_enable_content_width":"off","neve_meta_content_width":100,"neve_meta_title_alignment":"","neve_meta_author_avatar":"","neve_post_elements_order":"","neve_meta_disable_header":"","neve_meta_disable_footer":"","neve_meta_disable_title":""},"product_brand":[],"product_cat":[16,59,66],"product_tag":[],"class_list":{"0":"post-12370","1":"product","2":"type-product","3":"status-publish","4":"has-post-thumbnail","6":"product_cat-ceramique","7":"product_cat-france","8":"product_cat-longwy","10":"first","11":"instock","12":"shipping-taxable","13":"purchasable","14":"product-type-simple"},"_links":{"self":[{"href":"https:\/\/legrenierdelatour.be\/brocante\/wp-json\/wp\/v2\/product\/12370","targetHints":{"allow":["GET"]}}],"collection":[{"href":"https:\/\/legrenierdelatour.be\/brocante\/wp-json\/wp\/v2\/product"}],"about":[{"href":"https:\/\/legrenierdelatour.be\/brocante\/wp-json\/wp\/v2\/types\/product"}],"replies":[{"embeddable":true,"href":"https:\/\/legrenierdelatour.be\/brocante\/wp-json\/wp\/v2\/comments?post=12370"}],"wp:featuredmedia":[{"embeddable":true,"href":"https:\/\/legrenierdelatour.be\/brocante\/wp-json\/wp\/v2\/media\/12371"}],"wp:attachment":[{"href":"https:\/\/legrenierdelatour.be\/brocante\/wp-json\/wp\/v2\/media?parent=12370"}],"wp:term":[{"taxonomy":"product_brand","embeddable":true,"href":"https:\/\/legrenierdelatour.be\/brocante\/wp-json\/wp\/v2\/product_brand?post=12370"},{"taxonomy":"product_cat","embeddable":true,"href":"https:\/\/legrenierdelatour.be\/brocante\/wp-json\/wp\/v2\/product_cat?post=12370"},{"taxonomy":"product_tag","embeddable":true,"href":"https:\/\/legrenierdelatour.be\/brocante\/wp-json\/wp\/v2\/product_tag?post=12370"}],"curies":[{"name":"wp","href":"https:\/\/api.w.org\/{rel}","templated":true}]}}