{"id":12364,"date":"2026-03-14T18:44:16","date_gmt":"2026-03-14T17:44:16","guid":{"rendered":"https:\/\/legrenierdelatour.be\/brocante\/?post_type=product&#038;p=12364"},"modified":"2026-03-14T18:44:17","modified_gmt":"2026-03-14T17:44:17","slug":"verres-en-cristal-doubles-tailles-val-saint-lambert","status":"publish","type":"product","link":"https:\/\/legrenierdelatour.be\/brocante\/produit\/verres-en-cristal-doubles-tailles-val-saint-lambert\/","title":{"rendered":"Verres en cristal doubl\u00e9s, taill\u00e9s, Val Saint Lambert"},"content":{"rendered":"<div>Verres en cristal du Val Saint Lambert, en cristal doubl\u00e9 taill\u00e9, produits vers 1950. 3 veres \u00e0 vin (18,5cm de haut), 3 verres \u00e0 vin plus petits (13 cm de haut) et 1 verre \u00e0 digestif (12 cm de haut), dans des couleurs diff\u00e9rentes.<\/div>\n<div>Ils sont vendus \u00e0 50\u20ac les grands, 35\u20ac les moyens et 25\u20ac le petit.<\/div>\n<div>R\u00e9f 49.20<\/div>\n","protected":false},"excerpt":{"rendered":"<p>Verres en cristal du Val Saint Lambert, en cristal doubl\u00e9 taill\u00e9, produits vers 1950. 3 veres \u00e0 vin (18,5cm de haut), 3 verres \u00e0 vin plus petits (13 cm de haut) et 1 verre \u00e0 digestif (12 cm de haut), dans des couleurs diff\u00e9rentes. Ils sont vendus \u00e0 50\u20ac les grands, 35\u20ac les moyens et&hellip;&nbsp;<a href=\"https:\/\/legrenierdelatour.be\/brocante\/produit\/verres-en-cristal-doubles-tailles-val-saint-lambert\/\" class=\"\" rel=\"bookmark\">Lire la suite &raquo;<span class=\"screen-reader-text\">Verres en cristal doubl\u00e9s, taill\u00e9s, Val Saint Lambert<\/span><\/a><\/p>\n","protected":false},"featured_media":12352,"comment_status":"open","ping_status":"closed","template":"","meta":{"neve_meta_sidebar":"","neve_meta_container":"","neve_meta_enable_content_width":"off","neve_meta_content_width":100,"neve_meta_title_alignment":"","neve_meta_author_avatar":"","neve_post_elements_order":"","neve_meta_disable_header":"","neve_meta_disable_footer":"","neve_meta_disable_title":""},"product_brand":[],"product_cat":[162,63,22],"product_tag":[],"class_list":{"0":"post-12364","1":"product","2":"type-product","3":"status-publish","4":"has-post-thumbnail","6":"product_cat-productions-belges","7":"product_cat-val-saint-lambert","8":"product_cat-verrerie","10":"first","11":"instock","12":"shipping-taxable","13":"purchasable","14":"product-type-simple"},"_links":{"self":[{"href":"https:\/\/legrenierdelatour.be\/brocante\/wp-json\/wp\/v2\/product\/12364","targetHints":{"allow":["GET"]}}],"collection":[{"href":"https:\/\/legrenierdelatour.be\/brocante\/wp-json\/wp\/v2\/product"}],"about":[{"href":"https:\/\/legrenierdelatour.be\/brocante\/wp-json\/wp\/v2\/types\/product"}],"replies":[{"embeddable":true,"href":"https:\/\/legrenierdelatour.be\/brocante\/wp-json\/wp\/v2\/comments?post=12364"}],"wp:featuredmedia":[{"embeddable":true,"href":"https:\/\/legrenierdelatour.be\/brocante\/wp-json\/wp\/v2\/media\/12352"}],"wp:attachment":[{"href":"https:\/\/legrenierdelatour.be\/brocante\/wp-json\/wp\/v2\/media?parent=12364"}],"wp:term":[{"taxonomy":"product_brand","embeddable":true,"href":"https:\/\/legrenierdelatour.be\/brocante\/wp-json\/wp\/v2\/product_brand?post=12364"},{"taxonomy":"product_cat","embeddable":true,"href":"https:\/\/legrenierdelatour.be\/brocante\/wp-json\/wp\/v2\/product_cat?post=12364"},{"taxonomy":"product_tag","embeddable":true,"href":"https:\/\/legrenierdelatour.be\/brocante\/wp-json\/wp\/v2\/product_tag?post=12364"}],"curies":[{"name":"wp","href":"https:\/\/api.w.org\/{rel}","templated":true}]}}