{"id":12362,"date":"2026-03-14T18:25:37","date_gmt":"2026-03-14T17:25:37","guid":{"rendered":"https:\/\/legrenierdelatour.be\/brocante\/?post_type=product&#038;p=12362"},"modified":"2026-03-14T18:33:56","modified_gmt":"2026-03-14T17:33:56","slug":"verres-a-vin-romerglas-avec-vignes","status":"publish","type":"product","link":"https:\/\/legrenierdelatour.be\/brocante\/produit\/verres-a-vin-romerglas-avec-vignes\/","title":{"rendered":"Verres \u00e0 vin R\u00f6merglas avec vignes"},"content":{"rendered":"<p>Grand verre \u00e0 vin (14 cm de haut) ou petit verre \u00e0 vin (11 cm de haut) avec un gros pied vert, pour les vins de Moselle, produit par une manufacture fran\u00e7aise, sans doute Luminarc. Ce verre est d\u00e9cor\u00e9 de grappes de raison. Ce verre vintage date des ann\u00e9es 1970-80. Ce verre est appel\u00e9 R\u00f6merglas.<\/p>\n<div>14 grands verres et 5 petits verres disponibles au prix de 5\u20ac pi\u00e8ce.<\/div>\n<div>R\u00e9f 49.19<\/div>\n","protected":false},"excerpt":{"rendered":"<p>Grand verre \u00e0 vin (14 cm de haut) ou petit verre \u00e0 vin (11 cm de haut) avec un gros pied vert, pour les vins de Moselle, produit par une manufacture fran\u00e7aise, sans doute Luminarc. Ce verre est d\u00e9cor\u00e9 de grappes de raison. Ce verre vintage date des ann\u00e9es 1970-80. Ce verre est appel\u00e9 R\u00f6merglas.&hellip;&nbsp;<a href=\"https:\/\/legrenierdelatour.be\/brocante\/produit\/verres-a-vin-romerglas-avec-vignes\/\" class=\"\" rel=\"bookmark\">Lire la suite &raquo;<span class=\"screen-reader-text\">Verres \u00e0 vin R\u00f6merglas avec vignes<\/span><\/a><\/p>\n","protected":false},"featured_media":12363,"comment_status":"open","ping_status":"closed","template":"","meta":{"neve_meta_sidebar":"","neve_meta_container":"","neve_meta_enable_content_width":"off","neve_meta_content_width":100,"neve_meta_title_alignment":"","neve_meta_author_avatar":"","neve_post_elements_order":"","neve_meta_disable_header":"","neve_meta_disable_footer":"","neve_meta_disable_title":""},"product_brand":[],"product_cat":[117,163,22],"product_tag":[],"class_list":{"0":"post-12362","1":"product","2":"type-product","3":"status-publish","4":"has-post-thumbnail","6":"product_cat-luminarc","7":"product_cat-productions-francaises","8":"product_cat-verrerie","10":"first","11":"instock","12":"shipping-taxable","13":"purchasable","14":"product-type-simple"},"_links":{"self":[{"href":"https:\/\/legrenierdelatour.be\/brocante\/wp-json\/wp\/v2\/product\/12362","targetHints":{"allow":["GET"]}}],"collection":[{"href":"https:\/\/legrenierdelatour.be\/brocante\/wp-json\/wp\/v2\/product"}],"about":[{"href":"https:\/\/legrenierdelatour.be\/brocante\/wp-json\/wp\/v2\/types\/product"}],"replies":[{"embeddable":true,"href":"https:\/\/legrenierdelatour.be\/brocante\/wp-json\/wp\/v2\/comments?post=12362"}],"wp:featuredmedia":[{"embeddable":true,"href":"https:\/\/legrenierdelatour.be\/brocante\/wp-json\/wp\/v2\/media\/12363"}],"wp:attachment":[{"href":"https:\/\/legrenierdelatour.be\/brocante\/wp-json\/wp\/v2\/media?parent=12362"}],"wp:term":[{"taxonomy":"product_brand","embeddable":true,"href":"https:\/\/legrenierdelatour.be\/brocante\/wp-json\/wp\/v2\/product_brand?post=12362"},{"taxonomy":"product_cat","embeddable":true,"href":"https:\/\/legrenierdelatour.be\/brocante\/wp-json\/wp\/v2\/product_cat?post=12362"},{"taxonomy":"product_tag","embeddable":true,"href":"https:\/\/legrenierdelatour.be\/brocante\/wp-json\/wp\/v2\/product_tag?post=12362"}],"curies":[{"name":"wp","href":"https:\/\/api.w.org\/{rel}","templated":true}]}}