{"id":12361,"date":"2026-03-14T18:24:36","date_gmt":"2026-03-14T17:24:36","guid":{"rendered":"https:\/\/legrenierdelatour.be\/brocante\/?post_type=product&#038;p=12361"},"modified":"2026-03-15T14:38:17","modified_gmt":"2026-03-15T13:38:17","slug":"mini-bougeoirs-teco","status":"publish","type":"product","link":"https:\/\/legrenierdelatour.be\/brocante\/produit\/mini-bougeoirs-teco\/","title":{"rendered":"Mini bougeoirs Teco"},"content":{"rendered":"<p>Paire de mini bougeoir (5 cm de haut) produits par la soci\u00e9t\u00e9 Teco \u00e0 Bois de Breux \u00e0 Ch\u00ean\u00e9e puis Grivegn\u00e9e (soci\u00e9t\u00e9 cr\u00e9\u00e9e par Franz Theunissen, qui prend le nom de Teco en 1930. Producteur de porcelaine utilitaire, une section de porcelaine de table, religieuse et artistique est ouverte avec de nombreux designer : Georges Petit, Camille Balland, F.Delvaux, Charles Graffart). Les designers cr\u00e9ateurs en art religieux sont Josette et Suzanne Bolland, Madeleine Wouters, E.Gisimondi, A.Guelfi, L.Giannoni, Jeanne Hebbelynck-Dutry. La section fermera ses portes en 1970.<\/p>\n<div>\n<p>Deux paires disponibles au prix de 12\u20ac la paire.<\/p>\n<div>R\u00e9f 49.18<\/div>\n<\/div>\n","protected":false},"excerpt":{"rendered":"<p>Paire de mini bougeoir (5 cm de haut) produits par la soci\u00e9t\u00e9 Teco \u00e0 Bois de Breux \u00e0 Ch\u00ean\u00e9e puis Grivegn\u00e9e (soci\u00e9t\u00e9 cr\u00e9\u00e9e par Franz Theunissen, qui prend le nom de Teco en 1930. Producteur de porcelaine utilitaire, une section de porcelaine de table, religieuse et artistique est ouverte avec de nombreux designer : Georges&hellip;&nbsp;<a href=\"https:\/\/legrenierdelatour.be\/brocante\/produit\/mini-bougeoirs-teco\/\" class=\"\" rel=\"bookmark\">Lire la suite &raquo;<span class=\"screen-reader-text\">Mini bougeoirs Teco<\/span><\/a><\/p>\n","protected":false},"featured_media":12339,"comment_status":"open","ping_status":"closed","template":"","meta":{"neve_meta_sidebar":"","neve_meta_container":"","neve_meta_enable_content_width":"off","neve_meta_content_width":100,"neve_meta_title_alignment":"","neve_meta_author_avatar":"","neve_post_elements_order":"","neve_meta_disable_header":"","neve_meta_disable_footer":"","neve_meta_disable_title":""},"product_brand":[],"product_cat":[15,37,16],"product_tag":[],"class_list":{"0":"post-12361","1":"product","2":"type-product","3":"status-publish","4":"has-post-thumbnail","6":"product_cat-non-classe","7":"product_cat-belgique","8":"product_cat-ceramique","10":"first","11":"instock","12":"shipping-taxable","13":"purchasable","14":"product-type-simple"},"_links":{"self":[{"href":"https:\/\/legrenierdelatour.be\/brocante\/wp-json\/wp\/v2\/product\/12361","targetHints":{"allow":["GET"]}}],"collection":[{"href":"https:\/\/legrenierdelatour.be\/brocante\/wp-json\/wp\/v2\/product"}],"about":[{"href":"https:\/\/legrenierdelatour.be\/brocante\/wp-json\/wp\/v2\/types\/product"}],"replies":[{"embeddable":true,"href":"https:\/\/legrenierdelatour.be\/brocante\/wp-json\/wp\/v2\/comments?post=12361"}],"wp:featuredmedia":[{"embeddable":true,"href":"https:\/\/legrenierdelatour.be\/brocante\/wp-json\/wp\/v2\/media\/12339"}],"wp:attachment":[{"href":"https:\/\/legrenierdelatour.be\/brocante\/wp-json\/wp\/v2\/media?parent=12361"}],"wp:term":[{"taxonomy":"product_brand","embeddable":true,"href":"https:\/\/legrenierdelatour.be\/brocante\/wp-json\/wp\/v2\/product_brand?post=12361"},{"taxonomy":"product_cat","embeddable":true,"href":"https:\/\/legrenierdelatour.be\/brocante\/wp-json\/wp\/v2\/product_cat?post=12361"},{"taxonomy":"product_tag","embeddable":true,"href":"https:\/\/legrenierdelatour.be\/brocante\/wp-json\/wp\/v2\/product_tag?post=12361"}],"curies":[{"name":"wp","href":"https:\/\/api.w.org\/{rel}","templated":true}]}}