{"id":12345,"date":"2026-03-14T15:13:11","date_gmt":"2026-03-14T14:13:11","guid":{"rendered":"https:\/\/legrenierdelatour.be\/brocante\/?post_type=product&#038;p=12345"},"modified":"2026-03-14T15:13:11","modified_gmt":"2026-03-14T14:13:11","slug":"assiette-en-etain-saint-donat-p-mathey","status":"publish","type":"product","link":"https:\/\/legrenierdelatour.be\/brocante\/produit\/assiette-en-etain-saint-donat-p-mathey\/","title":{"rendered":"Assiette en \u00e9tain Saint Donat, P Mathey"},"content":{"rendered":"<p>Assiette en \u00e9tain (23 cm de diam\u00e8tre), portant une repr\u00e9sentation de Saint Donat, sign\u00e9e P.Mathey, un artiste de Frassem . Elle porte derri\u00e8re \u00a0un poin\u00e7on avec une fleur, ainsi que les inscriptions \u00ab\u00a0Office du tourisme du pays d\u2019Arlon, reproduction interdite\u00a0\u00bb et Don de la ville d\u2019Arlon\u00a0\u00bb.<\/p>\n<div>R\u00e9f 49.13<\/div>\n","protected":false},"excerpt":{"rendered":"<p>Assiette en \u00e9tain (23 cm de diam\u00e8tre), portant une repr\u00e9sentation de Saint Donat, sign\u00e9e P.Mathey, un artiste de Frassem . Elle porte derri\u00e8re \u00a0un poin\u00e7on avec une fleur, ainsi que les inscriptions \u00ab\u00a0Office du tourisme du pays d\u2019Arlon, reproduction interdite\u00a0\u00bb et Don de la ville d\u2019Arlon\u00a0\u00bb. R\u00e9f 49.13<\/p>\n","protected":false},"featured_media":12346,"comment_status":"open","ping_status":"closed","template":"","meta":{"neve_meta_sidebar":"","neve_meta_container":"","neve_meta_enable_content_width":"off","neve_meta_content_width":100,"neve_meta_title_alignment":"","neve_meta_author_avatar":"","neve_post_elements_order":"","neve_meta_disable_header":"","neve_meta_disable_footer":"","neve_meta_disable_title":""},"product_brand":[],"product_cat":[31,167],"product_tag":[],"class_list":{"0":"post-12345","1":"product","2":"type-product","3":"status-publish","4":"has-post-thumbnail","6":"product_cat-pays-darlon","7":"product_cat-peintures-et-sculptures","9":"first","10":"instock","11":"shipping-taxable","12":"purchasable","13":"product-type-simple"},"_links":{"self":[{"href":"https:\/\/legrenierdelatour.be\/brocante\/wp-json\/wp\/v2\/product\/12345","targetHints":{"allow":["GET"]}}],"collection":[{"href":"https:\/\/legrenierdelatour.be\/brocante\/wp-json\/wp\/v2\/product"}],"about":[{"href":"https:\/\/legrenierdelatour.be\/brocante\/wp-json\/wp\/v2\/types\/product"}],"replies":[{"embeddable":true,"href":"https:\/\/legrenierdelatour.be\/brocante\/wp-json\/wp\/v2\/comments?post=12345"}],"wp:featuredmedia":[{"embeddable":true,"href":"https:\/\/legrenierdelatour.be\/brocante\/wp-json\/wp\/v2\/media\/12346"}],"wp:attachment":[{"href":"https:\/\/legrenierdelatour.be\/brocante\/wp-json\/wp\/v2\/media?parent=12345"}],"wp:term":[{"taxonomy":"product_brand","embeddable":true,"href":"https:\/\/legrenierdelatour.be\/brocante\/wp-json\/wp\/v2\/product_brand?post=12345"},{"taxonomy":"product_cat","embeddable":true,"href":"https:\/\/legrenierdelatour.be\/brocante\/wp-json\/wp\/v2\/product_cat?post=12345"},{"taxonomy":"product_tag","embeddable":true,"href":"https:\/\/legrenierdelatour.be\/brocante\/wp-json\/wp\/v2\/product_tag?post=12345"}],"curies":[{"name":"wp","href":"https:\/\/api.w.org\/{rel}","templated":true}]}}