{"id":12315,"date":"2026-03-14T14:02:06","date_gmt":"2026-03-14T13:02:06","guid":{"rendered":"https:\/\/legrenierdelatour.be\/brocante\/?post_type=product&#038;p=12315"},"modified":"2026-03-14T14:02:06","modified_gmt":"2026-03-14T13:02:06","slug":"vase-beige-villeroy-boch-1019-3-1950-60","status":"publish","type":"product","link":"https:\/\/legrenierdelatour.be\/brocante\/produit\/vase-beige-villeroy-boch-1019-3-1950-60\/","title":{"rendered":"Vase beige, Villeroy &#038; Boch 1019\/3, 1950-60"},"content":{"rendered":"<p>Beau vase (15 cm de haut) produit par Villeroy &amp; Boch Luxembourg dans les ann\u00e9es 1954-67. Il porte le cachet en creux de cette \u00e9poque-l\u00e0, ainsi que le num\u00e9ro de forme 1019\/3. Le num\u00e9ro de couleur est le 258, c\u2019est \u00e0 dire beige. Ce vase a un petit \u00e9clat sur l&rsquo;anse.<\/p>\n<div>R\u00e9f 49.09<\/div>\n","protected":false},"excerpt":{"rendered":"<p>Beau vase (15 cm de haut) produit par Villeroy &amp; Boch Luxembourg dans les ann\u00e9es 1954-67. Il porte le cachet en creux de cette \u00e9poque-l\u00e0, ainsi que le num\u00e9ro de forme 1019\/3. Le num\u00e9ro de couleur est le 258, c\u2019est \u00e0 dire beige. Ce vase a un petit \u00e9clat sur l&rsquo;anse. R\u00e9f 49.09<\/p>\n","protected":false},"featured_media":12302,"comment_status":"open","ping_status":"closed","template":"","meta":{"neve_meta_sidebar":"","neve_meta_container":"","neve_meta_enable_content_width":"off","neve_meta_content_width":100,"neve_meta_title_alignment":"","neve_meta_author_avatar":"","neve_post_elements_order":"","neve_meta_disable_header":"","neve_meta_disable_footer":"","neve_meta_disable_title":""},"product_brand":[],"product_cat":[16,165,29],"product_tag":[],"class_list":{"0":"post-12315","1":"product","2":"type-product","3":"status-publish","4":"has-post-thumbnail","6":"product_cat-ceramique","7":"product_cat-luxembourg","8":"product_cat-villeroy-boch","10":"first","11":"instock","12":"shipping-taxable","13":"purchasable","14":"product-type-simple"},"_links":{"self":[{"href":"https:\/\/legrenierdelatour.be\/brocante\/wp-json\/wp\/v2\/product\/12315","targetHints":{"allow":["GET"]}}],"collection":[{"href":"https:\/\/legrenierdelatour.be\/brocante\/wp-json\/wp\/v2\/product"}],"about":[{"href":"https:\/\/legrenierdelatour.be\/brocante\/wp-json\/wp\/v2\/types\/product"}],"replies":[{"embeddable":true,"href":"https:\/\/legrenierdelatour.be\/brocante\/wp-json\/wp\/v2\/comments?post=12315"}],"wp:featuredmedia":[{"embeddable":true,"href":"https:\/\/legrenierdelatour.be\/brocante\/wp-json\/wp\/v2\/media\/12302"}],"wp:attachment":[{"href":"https:\/\/legrenierdelatour.be\/brocante\/wp-json\/wp\/v2\/media?parent=12315"}],"wp:term":[{"taxonomy":"product_brand","embeddable":true,"href":"https:\/\/legrenierdelatour.be\/brocante\/wp-json\/wp\/v2\/product_brand?post=12315"},{"taxonomy":"product_cat","embeddable":true,"href":"https:\/\/legrenierdelatour.be\/brocante\/wp-json\/wp\/v2\/product_cat?post=12315"},{"taxonomy":"product_tag","embeddable":true,"href":"https:\/\/legrenierdelatour.be\/brocante\/wp-json\/wp\/v2\/product_tag?post=12315"}],"curies":[{"name":"wp","href":"https:\/\/api.w.org\/{rel}","templated":true}]}}