{"id":12312,"date":"2026-03-11T16:11:56","date_gmt":"2026-03-11T15:11:56","guid":{"rendered":"https:\/\/legrenierdelatour.be\/brocante\/?post_type=product&#038;p=12312"},"modified":"2026-03-11T16:11:56","modified_gmt":"2026-03-11T15:11:56","slug":"pique-fleurs-art-deco-wasmuel","status":"publish","type":"product","link":"https:\/\/legrenierdelatour.be\/brocante\/produit\/pique-fleurs-art-deco-wasmuel\/","title":{"rendered":"Pique-fleurs Art D\u00e9co Wasm\u00fcel"},"content":{"rendered":"<p>Beau pique-fleur (11 cm de haut) issu de la manufacture de Wasmuel (1834-1952). Il a \u00e9t\u00e9 produit dans les ann\u00e9es 1920, dans le style Art D\u00e9co. Il est en tr\u00e8s bon \u00e9tat.<\/p>\n<div>R\u00e9f 49.05<\/div>\n","protected":false},"excerpt":{"rendered":"<p>Beau pique-fleur (11 cm de haut) issu de la manufacture de Wasmuel (1834-1952). Il a \u00e9t\u00e9 produit dans les ann\u00e9es 1920, dans le style Art D\u00e9co. Il est en tr\u00e8s bon \u00e9tat. R\u00e9f 49.05<\/p>\n","protected":false},"featured_media":12307,"comment_status":"open","ping_status":"closed","template":"","meta":{"neve_meta_sidebar":"","neve_meta_container":"","neve_meta_enable_content_width":"off","neve_meta_content_width":100,"neve_meta_title_alignment":"","neve_meta_author_avatar":"","neve_post_elements_order":"","neve_meta_disable_header":"","neve_meta_disable_footer":"","neve_meta_disable_title":""},"product_brand":[],"product_cat":[37,16,178],"product_tag":[],"class_list":{"0":"post-12312","1":"product","2":"type-product","3":"status-publish","4":"has-post-thumbnail","6":"product_cat-belgique","7":"product_cat-ceramique","8":"product_cat-waesmuel","10":"first","11":"instock","12":"shipping-taxable","13":"purchasable","14":"product-type-simple"},"_links":{"self":[{"href":"https:\/\/legrenierdelatour.be\/brocante\/wp-json\/wp\/v2\/product\/12312","targetHints":{"allow":["GET"]}}],"collection":[{"href":"https:\/\/legrenierdelatour.be\/brocante\/wp-json\/wp\/v2\/product"}],"about":[{"href":"https:\/\/legrenierdelatour.be\/brocante\/wp-json\/wp\/v2\/types\/product"}],"replies":[{"embeddable":true,"href":"https:\/\/legrenierdelatour.be\/brocante\/wp-json\/wp\/v2\/comments?post=12312"}],"wp:featuredmedia":[{"embeddable":true,"href":"https:\/\/legrenierdelatour.be\/brocante\/wp-json\/wp\/v2\/media\/12307"}],"wp:attachment":[{"href":"https:\/\/legrenierdelatour.be\/brocante\/wp-json\/wp\/v2\/media?parent=12312"}],"wp:term":[{"taxonomy":"product_brand","embeddable":true,"href":"https:\/\/legrenierdelatour.be\/brocante\/wp-json\/wp\/v2\/product_brand?post=12312"},{"taxonomy":"product_cat","embeddable":true,"href":"https:\/\/legrenierdelatour.be\/brocante\/wp-json\/wp\/v2\/product_cat?post=12312"},{"taxonomy":"product_tag","embeddable":true,"href":"https:\/\/legrenierdelatour.be\/brocante\/wp-json\/wp\/v2\/product_tag?post=12312"}],"curies":[{"name":"wp","href":"https:\/\/api.w.org\/{rel}","templated":true}]}}