{"id":12299,"date":"2026-03-11T15:20:57","date_gmt":"2026-03-11T14:20:57","guid":{"rendered":"https:\/\/legrenierdelatour.be\/brocante\/?post_type=product&#038;p=12299"},"modified":"2026-03-11T15:20:57","modified_gmt":"2026-03-11T14:20:57","slug":"carrelage-souvenir-de-saint-donat-arlon","status":"publish","type":"product","link":"https:\/\/legrenierdelatour.be\/brocante\/produit\/carrelage-souvenir-de-saint-donat-arlon\/","title":{"rendered":"Carrelage souvenir de Saint Donat, Arlon"},"content":{"rendered":"<p>Carrelage en fa\u00efence (15 cm de c\u00f4t\u00e9) portant un dessin souvenir D\u2019arlon Saint Donat. Il a \u00e9t\u00e9 produit par Villeroy &amp; Boch.<\/p>\n<div>R\u00e9f 49.04<\/div>\n","protected":false},"excerpt":{"rendered":"<p>Carrelage en fa\u00efence (15 cm de c\u00f4t\u00e9) portant un dessin souvenir D\u2019arlon Saint Donat. Il a \u00e9t\u00e9 produit par Villeroy &amp; Boch. R\u00e9f 49.04<\/p>\n","protected":false},"featured_media":12310,"comment_status":"open","ping_status":"closed","template":"","meta":{"neve_meta_sidebar":"","neve_meta_container":"","neve_meta_enable_content_width":"off","neve_meta_content_width":100,"neve_meta_title_alignment":"","neve_meta_author_avatar":"","neve_post_elements_order":"","neve_meta_disable_header":"","neve_meta_disable_footer":"","neve_meta_disable_title":""},"product_brand":[],"product_cat":[16,31,29],"product_tag":[],"class_list":{"0":"post-12299","1":"product","2":"type-product","3":"status-publish","4":"has-post-thumbnail","6":"product_cat-ceramique","7":"product_cat-pays-darlon","8":"product_cat-villeroy-boch","10":"first","11":"instock","12":"shipping-taxable","13":"purchasable","14":"product-type-simple"},"_links":{"self":[{"href":"https:\/\/legrenierdelatour.be\/brocante\/wp-json\/wp\/v2\/product\/12299","targetHints":{"allow":["GET"]}}],"collection":[{"href":"https:\/\/legrenierdelatour.be\/brocante\/wp-json\/wp\/v2\/product"}],"about":[{"href":"https:\/\/legrenierdelatour.be\/brocante\/wp-json\/wp\/v2\/types\/product"}],"replies":[{"embeddable":true,"href":"https:\/\/legrenierdelatour.be\/brocante\/wp-json\/wp\/v2\/comments?post=12299"}],"wp:featuredmedia":[{"embeddable":true,"href":"https:\/\/legrenierdelatour.be\/brocante\/wp-json\/wp\/v2\/media\/12310"}],"wp:attachment":[{"href":"https:\/\/legrenierdelatour.be\/brocante\/wp-json\/wp\/v2\/media?parent=12299"}],"wp:term":[{"taxonomy":"product_brand","embeddable":true,"href":"https:\/\/legrenierdelatour.be\/brocante\/wp-json\/wp\/v2\/product_brand?post=12299"},{"taxonomy":"product_cat","embeddable":true,"href":"https:\/\/legrenierdelatour.be\/brocante\/wp-json\/wp\/v2\/product_cat?post=12299"},{"taxonomy":"product_tag","embeddable":true,"href":"https:\/\/legrenierdelatour.be\/brocante\/wp-json\/wp\/v2\/product_tag?post=12299"}],"curies":[{"name":"wp","href":"https:\/\/api.w.org\/{rel}","templated":true}]}}