{"id":12296,"date":"2026-03-11T11:39:00","date_gmt":"2026-03-11T10:39:00","guid":{"rendered":"https:\/\/legrenierdelatour.be\/brocante\/?post_type=product&#038;p=12296"},"modified":"2026-03-11T11:39:00","modified_gmt":"2026-03-11T10:39:00","slug":"gravure-labbaye-de-notre-dame-dorval-jacobus-harrewijn-18e-siecle","status":"publish","type":"product","link":"https:\/\/legrenierdelatour.be\/brocante\/produit\/gravure-labbaye-de-notre-dame-dorval-jacobus-harrewijn-18e-siecle\/","title":{"rendered":"Gravure \u00ab\u00a0L&rsquo;abbaye de Notre-Dame d&rsquo;Orval\u00a0\u00bb, Jacobus Harrewijn, 18\u00e8 si\u00e8cle"},"content":{"rendered":"<p>Belle gravure encadr\u00e9e (52&#215;41 cadre compris) repr\u00e9sentant l\u2019Abbaye d\u2019Orval. Cette gravure est sign\u00e9e dans la panache Harrewijn sculp, Jacobus Harrewijn est un graveur bruxellois du 18\u00e8 si\u00e8cle qui se sp\u00e9cialisa notamment dans la gravure de cartes, plans et vues remarquables de Bruxelles et des Pays-Bas espagnols. Cette gravure est extraite de \u00ab\u00a0les D\u00e9lices des Pays-Bas\u00a0\u00bb attribu\u00e9 \u00e0 Jean-Baptiste Christyn. Cette gravure date probablement du 18\u00e8 si\u00e8cle (\u00e9dition 1887).<\/p>\n<div>R\u00e9f 49.03<\/div>\n","protected":false},"excerpt":{"rendered":"<p>Belle gravure encadr\u00e9e (52&#215;41 cadre compris) repr\u00e9sentant l\u2019Abbaye d\u2019Orval. Cette gravure est sign\u00e9e dans la panache Harrewijn sculp, Jacobus Harrewijn est un graveur bruxellois du 18\u00e8 si\u00e8cle qui se sp\u00e9cialisa notamment dans la gravure de cartes, plans et vues remarquables de Bruxelles et des Pays-Bas espagnols. Cette gravure est extraite de \u00ab\u00a0les D\u00e9lices des Pays-Bas\u00a0\u00bb&hellip;&nbsp;<a href=\"https:\/\/legrenierdelatour.be\/brocante\/produit\/gravure-labbaye-de-notre-dame-dorval-jacobus-harrewijn-18e-siecle\/\" class=\"\" rel=\"bookmark\">Lire la suite &raquo;<span class=\"screen-reader-text\">Gravure \u00ab\u00a0L&rsquo;abbaye de Notre-Dame d&rsquo;Orval\u00a0\u00bb, Jacobus Harrewijn, 18\u00e8 si\u00e8cle<\/span><\/a><\/p>\n","protected":false},"featured_media":12297,"comment_status":"open","ping_status":"closed","template":"","meta":{"neve_meta_sidebar":"","neve_meta_container":"","neve_meta_enable_content_width":"off","neve_meta_content_width":100,"neve_meta_title_alignment":"","neve_meta_author_avatar":"","neve_post_elements_order":"","neve_meta_disable_header":"","neve_meta_disable_footer":"","neve_meta_disable_title":""},"product_brand":[],"product_cat":[31,167],"product_tag":[],"class_list":{"0":"post-12296","1":"product","2":"type-product","3":"status-publish","4":"has-post-thumbnail","6":"product_cat-pays-darlon","7":"product_cat-peintures-et-sculptures","9":"first","10":"instock","11":"shipping-taxable","12":"purchasable","13":"product-type-simple"},"_links":{"self":[{"href":"https:\/\/legrenierdelatour.be\/brocante\/wp-json\/wp\/v2\/product\/12296","targetHints":{"allow":["GET"]}}],"collection":[{"href":"https:\/\/legrenierdelatour.be\/brocante\/wp-json\/wp\/v2\/product"}],"about":[{"href":"https:\/\/legrenierdelatour.be\/brocante\/wp-json\/wp\/v2\/types\/product"}],"replies":[{"embeddable":true,"href":"https:\/\/legrenierdelatour.be\/brocante\/wp-json\/wp\/v2\/comments?post=12296"}],"wp:featuredmedia":[{"embeddable":true,"href":"https:\/\/legrenierdelatour.be\/brocante\/wp-json\/wp\/v2\/media\/12297"}],"wp:attachment":[{"href":"https:\/\/legrenierdelatour.be\/brocante\/wp-json\/wp\/v2\/media?parent=12296"}],"wp:term":[{"taxonomy":"product_brand","embeddable":true,"href":"https:\/\/legrenierdelatour.be\/brocante\/wp-json\/wp\/v2\/product_brand?post=12296"},{"taxonomy":"product_cat","embeddable":true,"href":"https:\/\/legrenierdelatour.be\/brocante\/wp-json\/wp\/v2\/product_cat?post=12296"},{"taxonomy":"product_tag","embeddable":true,"href":"https:\/\/legrenierdelatour.be\/brocante\/wp-json\/wp\/v2\/product_tag?post=12296"}],"curies":[{"name":"wp","href":"https:\/\/api.w.org\/{rel}","templated":true}]}}