{"id":12295,"date":"2026-03-11T10:23:30","date_gmt":"2026-03-11T09:23:30","guid":{"rendered":"https:\/\/legrenierdelatour.be\/brocante\/?post_type=product&#038;p=12295"},"modified":"2026-03-11T10:23:30","modified_gmt":"2026-03-11T09:23:30","slug":"vase-cristal-val-saint-lambert","status":"publish","type":"product","link":"https:\/\/legrenierdelatour.be\/brocante\/produit\/vase-cristal-val-saint-lambert\/","title":{"rendered":"Vase cristal Val Saint Lambert"},"content":{"rendered":"<div>Vase (20,5 cm de haut) en cristal doubl\u00e9 rouge rubis et taill\u00e9 en motifs g\u00e9om\u00e9triques. Il a \u00e9t\u00e9 cr\u00e9\u00e9 par Val saint Lambert, cristallerie reconnue pour son savoir-faire depuis 1826. Le vase en parfait \u00e9tat n\u2019est pas sign\u00e9.<\/div>\n<div>R\u00e9f 49.02<\/div>\n","protected":false},"excerpt":{"rendered":"<p>Vase (20,5 cm de haut) en cristal doubl\u00e9 rouge rubis et taill\u00e9 en motifs g\u00e9om\u00e9triques. Il a \u00e9t\u00e9 cr\u00e9\u00e9 par Val saint Lambert, cristallerie reconnue pour son savoir-faire depuis 1826. Le vase en parfait \u00e9tat n\u2019est pas sign\u00e9. R\u00e9f 49.02<\/p>\n","protected":false},"featured_media":12292,"comment_status":"open","ping_status":"closed","template":"","meta":{"neve_meta_sidebar":"","neve_meta_container":"","neve_meta_enable_content_width":"off","neve_meta_content_width":100,"neve_meta_title_alignment":"","neve_meta_author_avatar":"","neve_post_elements_order":"","neve_meta_disable_header":"","neve_meta_disable_footer":"","neve_meta_disable_title":""},"product_brand":[],"product_cat":[162,63,22],"product_tag":[],"class_list":{"0":"post-12295","1":"product","2":"type-product","3":"status-publish","4":"has-post-thumbnail","6":"product_cat-productions-belges","7":"product_cat-val-saint-lambert","8":"product_cat-verrerie","10":"first","11":"instock","12":"shipping-taxable","13":"purchasable","14":"product-type-simple"},"_links":{"self":[{"href":"https:\/\/legrenierdelatour.be\/brocante\/wp-json\/wp\/v2\/product\/12295","targetHints":{"allow":["GET"]}}],"collection":[{"href":"https:\/\/legrenierdelatour.be\/brocante\/wp-json\/wp\/v2\/product"}],"about":[{"href":"https:\/\/legrenierdelatour.be\/brocante\/wp-json\/wp\/v2\/types\/product"}],"replies":[{"embeddable":true,"href":"https:\/\/legrenierdelatour.be\/brocante\/wp-json\/wp\/v2\/comments?post=12295"}],"wp:featuredmedia":[{"embeddable":true,"href":"https:\/\/legrenierdelatour.be\/brocante\/wp-json\/wp\/v2\/media\/12292"}],"wp:attachment":[{"href":"https:\/\/legrenierdelatour.be\/brocante\/wp-json\/wp\/v2\/media?parent=12295"}],"wp:term":[{"taxonomy":"product_brand","embeddable":true,"href":"https:\/\/legrenierdelatour.be\/brocante\/wp-json\/wp\/v2\/product_brand?post=12295"},{"taxonomy":"product_cat","embeddable":true,"href":"https:\/\/legrenierdelatour.be\/brocante\/wp-json\/wp\/v2\/product_cat?post=12295"},{"taxonomy":"product_tag","embeddable":true,"href":"https:\/\/legrenierdelatour.be\/brocante\/wp-json\/wp\/v2\/product_tag?post=12295"}],"curies":[{"name":"wp","href":"https:\/\/api.w.org\/{rel}","templated":true}]}}