{"id":12280,"date":"2026-03-10T11:45:19","date_gmt":"2026-03-10T10:45:19","guid":{"rendered":"https:\/\/legrenierdelatour.be\/brocante\/?post_type=product&#038;p=12280"},"modified":"2026-03-10T11:45:19","modified_gmt":"2026-03-10T10:45:19","slug":"petite-boite-religieuse-en-bois-style-florentin-19e-siecle","status":"publish","type":"product","link":"https:\/\/legrenierdelatour.be\/brocante\/produit\/petite-boite-religieuse-en-bois-style-florentin-19e-siecle\/","title":{"rendered":"Petite bo\u00eete religieuse en bois, Style florentin, 19\u00e8 si\u00e8cle (?)"},"content":{"rendered":"<p>Bo\u00eete (12x10x4 cm) d\u00e9cor\u00e9e d\u2019une sc\u00e8ne religieuse peinte \u00e0 la main, s\u2019ouvrant sur le c\u00f4t\u00e9 via un petit loquet. Cette petite production artisanale rappelle le style florentin, et pourrait dater du 19\u00e8 si\u00e8cle.<\/p>\n<div>R\u00e9f 48.98<\/div>\n","protected":false},"excerpt":{"rendered":"<p>Bo\u00eete (12x10x4 cm) d\u00e9cor\u00e9e d\u2019une sc\u00e8ne religieuse peinte \u00e0 la main, s\u2019ouvrant sur le c\u00f4t\u00e9 via un petit loquet. Cette petite production artisanale rappelle le style florentin, et pourrait dater du 19\u00e8 si\u00e8cle. R\u00e9f 48.98<\/p>\n","protected":false},"featured_media":12281,"comment_status":"open","ping_status":"closed","template":"","meta":{"neve_meta_sidebar":"","neve_meta_container":"","neve_meta_enable_content_width":"off","neve_meta_content_width":100,"neve_meta_title_alignment":"","neve_meta_author_avatar":"","neve_post_elements_order":"","neve_meta_disable_header":"","neve_meta_disable_footer":"","neve_meta_disable_title":""},"product_brand":[],"product_cat":[34],"product_tag":[],"class_list":{"0":"post-12280","1":"product","2":"type-product","3":"status-publish","4":"has-post-thumbnail","6":"product_cat-religiosa","8":"first","9":"instock","10":"shipping-taxable","11":"purchasable","12":"product-type-simple"},"_links":{"self":[{"href":"https:\/\/legrenierdelatour.be\/brocante\/wp-json\/wp\/v2\/product\/12280","targetHints":{"allow":["GET"]}}],"collection":[{"href":"https:\/\/legrenierdelatour.be\/brocante\/wp-json\/wp\/v2\/product"}],"about":[{"href":"https:\/\/legrenierdelatour.be\/brocante\/wp-json\/wp\/v2\/types\/product"}],"replies":[{"embeddable":true,"href":"https:\/\/legrenierdelatour.be\/brocante\/wp-json\/wp\/v2\/comments?post=12280"}],"wp:featuredmedia":[{"embeddable":true,"href":"https:\/\/legrenierdelatour.be\/brocante\/wp-json\/wp\/v2\/media\/12281"}],"wp:attachment":[{"href":"https:\/\/legrenierdelatour.be\/brocante\/wp-json\/wp\/v2\/media?parent=12280"}],"wp:term":[{"taxonomy":"product_brand","embeddable":true,"href":"https:\/\/legrenierdelatour.be\/brocante\/wp-json\/wp\/v2\/product_brand?post=12280"},{"taxonomy":"product_cat","embeddable":true,"href":"https:\/\/legrenierdelatour.be\/brocante\/wp-json\/wp\/v2\/product_cat?post=12280"},{"taxonomy":"product_tag","embeddable":true,"href":"https:\/\/legrenierdelatour.be\/brocante\/wp-json\/wp\/v2\/product_tag?post=12280"}],"curies":[{"name":"wp","href":"https:\/\/api.w.org\/{rel}","templated":true}]}}