{"id":12275,"date":"2026-03-05T16:08:44","date_gmt":"2026-03-05T15:08:44","guid":{"rendered":"https:\/\/legrenierdelatour.be\/brocante\/?post_type=product&#038;p=12275"},"modified":"2026-03-05T16:09:50","modified_gmt":"2026-03-05T15:09:50","slug":"lampe-de-bureau-heron-isao-hosoe-luxo","status":"publish","type":"product","link":"https:\/\/legrenierdelatour.be\/brocante\/produit\/lampe-de-bureau-heron-isao-hosoe-luxo\/","title":{"rendered":"Lampe de bureau H\u00e9ron, Isao Hosoe, Luxo"},"content":{"rendered":"<p>Lampe de bureau (68 cm de haut) cr\u00e9\u00e9e par Isao Hosoe (1942-2015) pour Luxo (Oslo\/Norv\u00e8ge) en 1994. Elle poss\u00e8de un interrupteur \u00e0 deux positions et peut tourner sur son axe gr\u00e2ce \u00e0 8 petites roulettes sous la base. Le \u00ab\u00a0corps\u00a0\u00bb de cette lampe \u00ab H\u00e9ron\u00a0\u00bb pivote tout en laissant la position de la \u00ab\u00a0t\u00eate\u00a0\u00bb \u00e0 l\u2019horizontale. Elle est en parfait \u00e9tat.<\/p>\n<div>R\u00e9f 48.93<\/div>\n","protected":false},"excerpt":{"rendered":"<p>Lampe de bureau (68 cm de haut) cr\u00e9\u00e9e par Isao Hosoe (1942-2015) pour Luxo (Oslo\/Norv\u00e8ge) en 1994. Elle poss\u00e8de un interrupteur \u00e0 deux positions et peut tourner sur son axe gr\u00e2ce \u00e0 8 petites roulettes sous la base. Le \u00ab\u00a0corps\u00a0\u00bb de cette lampe \u00ab H\u00e9ron\u00a0\u00bb pivote tout en laissant la position de la \u00ab\u00a0t\u00eate\u00a0\u00bb \u00e0&hellip;&nbsp;<a href=\"https:\/\/legrenierdelatour.be\/brocante\/produit\/lampe-de-bureau-heron-isao-hosoe-luxo\/\" class=\"\" rel=\"bookmark\">Lire la suite &raquo;<span class=\"screen-reader-text\">Lampe de bureau H\u00e9ron, Isao Hosoe, Luxo<\/span><\/a><\/p>\n","protected":false},"featured_media":12276,"comment_status":"open","ping_status":"closed","template":"","meta":{"neve_meta_sidebar":"","neve_meta_container":"","neve_meta_enable_content_width":"off","neve_meta_content_width":100,"neve_meta_title_alignment":"","neve_meta_author_avatar":"","neve_post_elements_order":"","neve_meta_disable_header":"","neve_meta_disable_footer":"","neve_meta_disable_title":""},"product_brand":[],"product_cat":[24],"product_tag":[],"class_list":{"0":"post-12275","1":"product","2":"type-product","3":"status-publish","4":"has-post-thumbnail","6":"product_cat-luminaires","8":"first","9":"instock","10":"shipping-taxable","11":"purchasable","12":"product-type-simple"},"_links":{"self":[{"href":"https:\/\/legrenierdelatour.be\/brocante\/wp-json\/wp\/v2\/product\/12275","targetHints":{"allow":["GET"]}}],"collection":[{"href":"https:\/\/legrenierdelatour.be\/brocante\/wp-json\/wp\/v2\/product"}],"about":[{"href":"https:\/\/legrenierdelatour.be\/brocante\/wp-json\/wp\/v2\/types\/product"}],"replies":[{"embeddable":true,"href":"https:\/\/legrenierdelatour.be\/brocante\/wp-json\/wp\/v2\/comments?post=12275"}],"wp:featuredmedia":[{"embeddable":true,"href":"https:\/\/legrenierdelatour.be\/brocante\/wp-json\/wp\/v2\/media\/12276"}],"wp:attachment":[{"href":"https:\/\/legrenierdelatour.be\/brocante\/wp-json\/wp\/v2\/media?parent=12275"}],"wp:term":[{"taxonomy":"product_brand","embeddable":true,"href":"https:\/\/legrenierdelatour.be\/brocante\/wp-json\/wp\/v2\/product_brand?post=12275"},{"taxonomy":"product_cat","embeddable":true,"href":"https:\/\/legrenierdelatour.be\/brocante\/wp-json\/wp\/v2\/product_cat?post=12275"},{"taxonomy":"product_tag","embeddable":true,"href":"https:\/\/legrenierdelatour.be\/brocante\/wp-json\/wp\/v2\/product_tag?post=12275"}],"curies":[{"name":"wp","href":"https:\/\/api.w.org\/{rel}","templated":true}]}}