{"id":12272,"date":"2026-03-05T15:38:14","date_gmt":"2026-03-05T14:38:14","guid":{"rendered":"https:\/\/legrenierdelatour.be\/brocante\/?post_type=product&#038;p=12272"},"modified":"2026-03-05T15:38:15","modified_gmt":"2026-03-05T14:38:15","slug":"service-a-cafe-atelier-dart-luc-vallauris-fat-lava","status":"publish","type":"product","link":"https:\/\/legrenierdelatour.be\/brocante\/produit\/service-a-cafe-atelier-dart-luc-vallauris-fat-lava\/","title":{"rendered":"Service \u00e0 caf\u00e9 Atelier d&rsquo;Art Luc Vallauris, Fat Lava"},"content":{"rendered":"<div>Ensemble de c\u00e9ramiques comprenant un pichet (20 cm de haut), d\u2019une petite cruche (13 cm de haut) de 4 tasses (5 cm de haut) et 4 sous-tasses (12 cm de diam\u00e8tre). Cet ensemble est une production de l\u2019atelier de C\u00e9ramique d\u2018Art Luc \u00e0 Vallauris, actif \u00e0 Vallauris d\u00e8s 1951 (jusqu\u2019en 2006) sous la direction d\u2019Auguste Lucchesi (n\u00e9 en 1913). Les pi\u00e8ces sont toutes marqu\u00e9es dessous. Cet ensemble date des ann\u00e9es 1960 de style Fat Lava.<\/div>\n<div>R\u00e9f 48.92<\/div>\n","protected":false},"excerpt":{"rendered":"<p>Ensemble de c\u00e9ramiques comprenant un pichet (20 cm de haut), d\u2019une petite cruche (13 cm de haut) de 4 tasses (5 cm de haut) et 4 sous-tasses (12 cm de diam\u00e8tre). Cet ensemble est une production de l\u2019atelier de C\u00e9ramique d\u2018Art Luc \u00e0 Vallauris, actif \u00e0 Vallauris d\u00e8s 1951 (jusqu\u2019en 2006) sous la direction d\u2019Auguste&hellip;&nbsp;<a href=\"https:\/\/legrenierdelatour.be\/brocante\/produit\/service-a-cafe-atelier-dart-luc-vallauris-fat-lava\/\" class=\"\" rel=\"bookmark\">Lire la suite &raquo;<span class=\"screen-reader-text\">Service \u00e0 caf\u00e9 Atelier d&rsquo;Art Luc Vallauris, Fat Lava<\/span><\/a><\/p>\n","protected":false},"featured_media":12273,"comment_status":"open","ping_status":"closed","template":"","meta":{"neve_meta_sidebar":"","neve_meta_container":"","neve_meta_enable_content_width":"off","neve_meta_content_width":100,"neve_meta_title_alignment":"","neve_meta_author_avatar":"","neve_post_elements_order":"","neve_meta_disable_header":"","neve_meta_disable_footer":"","neve_meta_disable_title":""},"product_brand":[],"product_cat":[16,59,94],"product_tag":[],"class_list":{"0":"post-12272","1":"product","2":"type-product","3":"status-publish","4":"has-post-thumbnail","6":"product_cat-ceramique","7":"product_cat-france","8":"product_cat-vallauris","10":"first","11":"instock","12":"shipping-taxable","13":"purchasable","14":"product-type-simple"},"_links":{"self":[{"href":"https:\/\/legrenierdelatour.be\/brocante\/wp-json\/wp\/v2\/product\/12272","targetHints":{"allow":["GET"]}}],"collection":[{"href":"https:\/\/legrenierdelatour.be\/brocante\/wp-json\/wp\/v2\/product"}],"about":[{"href":"https:\/\/legrenierdelatour.be\/brocante\/wp-json\/wp\/v2\/types\/product"}],"replies":[{"embeddable":true,"href":"https:\/\/legrenierdelatour.be\/brocante\/wp-json\/wp\/v2\/comments?post=12272"}],"wp:featuredmedia":[{"embeddable":true,"href":"https:\/\/legrenierdelatour.be\/brocante\/wp-json\/wp\/v2\/media\/12273"}],"wp:attachment":[{"href":"https:\/\/legrenierdelatour.be\/brocante\/wp-json\/wp\/v2\/media?parent=12272"}],"wp:term":[{"taxonomy":"product_brand","embeddable":true,"href":"https:\/\/legrenierdelatour.be\/brocante\/wp-json\/wp\/v2\/product_brand?post=12272"},{"taxonomy":"product_cat","embeddable":true,"href":"https:\/\/legrenierdelatour.be\/brocante\/wp-json\/wp\/v2\/product_cat?post=12272"},{"taxonomy":"product_tag","embeddable":true,"href":"https:\/\/legrenierdelatour.be\/brocante\/wp-json\/wp\/v2\/product_tag?post=12272"}],"curies":[{"name":"wp","href":"https:\/\/api.w.org\/{rel}","templated":true}]}}