{"id":12271,"date":"2026-03-05T14:49:38","date_gmt":"2026-03-05T13:49:38","guid":{"rendered":"https:\/\/legrenierdelatour.be\/brocante\/?post_type=product&#038;p=12271"},"modified":"2026-03-05T14:49:38","modified_gmt":"2026-03-05T13:49:38","slug":"vase-en-verre-van-ruppel-boom-art-deco","status":"publish","type":"product","link":"https:\/\/legrenierdelatour.be\/brocante\/produit\/vase-en-verre-van-ruppel-boom-art-deco\/","title":{"rendered":"Vase en verre Van Ruppel Boom, Art D\u00e9co"},"content":{"rendered":"<div>Grand vase en verre (22,5 cm de haut) fabriqu\u00e9 par la verrerie De Rupel \u00e0 Boom en Belgique. Il est caract\u00e9ris\u00e9 par son verre noir profond appel\u00e9 verre hyalite. Il est orn\u00e9 de parties structur\u00e9es et de lis\u00e9r\u00e9s dor\u00e9s \u00e0 l\u2019or fin. Ce mod\u00e8le est typique de la production belge des ann\u00e9es 1930, Art d\u00e9co. Le vase est en parfait \u00e9tat.<\/div>\n<div>R\u00e9f 48.91<\/div>\n","protected":false},"excerpt":{"rendered":"<p>Grand vase en verre (22,5 cm de haut) fabriqu\u00e9 par la verrerie De Rupel \u00e0 Boom en Belgique. Il est caract\u00e9ris\u00e9 par son verre noir profond appel\u00e9 verre hyalite. Il est orn\u00e9 de parties structur\u00e9es et de lis\u00e9r\u00e9s dor\u00e9s \u00e0 l\u2019or fin. Ce mod\u00e8le est typique de la production belge des ann\u00e9es 1930, Art d\u00e9co.&hellip;&nbsp;<a href=\"https:\/\/legrenierdelatour.be\/brocante\/produit\/vase-en-verre-van-ruppel-boom-art-deco\/\" class=\"\" rel=\"bookmark\">Lire la suite &raquo;<span class=\"screen-reader-text\">Vase en verre Van Ruppel Boom, Art D\u00e9co<\/span><\/a><\/p>\n","protected":false},"featured_media":12269,"comment_status":"open","ping_status":"closed","template":"","meta":{"neve_meta_sidebar":"","neve_meta_container":"","neve_meta_enable_content_width":"off","neve_meta_content_width":100,"neve_meta_title_alignment":"","neve_meta_author_avatar":"","neve_post_elements_order":"","neve_meta_disable_header":"","neve_meta_disable_footer":"","neve_meta_disable_title":""},"product_brand":[],"product_cat":[106,162,22],"product_tag":[],"class_list":{"0":"post-12271","1":"product","2":"type-product","3":"status-publish","4":"has-post-thumbnail","6":"product_cat-boom","7":"product_cat-productions-belges","8":"product_cat-verrerie","10":"first","11":"instock","12":"shipping-taxable","13":"purchasable","14":"product-type-simple"},"_links":{"self":[{"href":"https:\/\/legrenierdelatour.be\/brocante\/wp-json\/wp\/v2\/product\/12271","targetHints":{"allow":["GET"]}}],"collection":[{"href":"https:\/\/legrenierdelatour.be\/brocante\/wp-json\/wp\/v2\/product"}],"about":[{"href":"https:\/\/legrenierdelatour.be\/brocante\/wp-json\/wp\/v2\/types\/product"}],"replies":[{"embeddable":true,"href":"https:\/\/legrenierdelatour.be\/brocante\/wp-json\/wp\/v2\/comments?post=12271"}],"wp:featuredmedia":[{"embeddable":true,"href":"https:\/\/legrenierdelatour.be\/brocante\/wp-json\/wp\/v2\/media\/12269"}],"wp:attachment":[{"href":"https:\/\/legrenierdelatour.be\/brocante\/wp-json\/wp\/v2\/media?parent=12271"}],"wp:term":[{"taxonomy":"product_brand","embeddable":true,"href":"https:\/\/legrenierdelatour.be\/brocante\/wp-json\/wp\/v2\/product_brand?post=12271"},{"taxonomy":"product_cat","embeddable":true,"href":"https:\/\/legrenierdelatour.be\/brocante\/wp-json\/wp\/v2\/product_cat?post=12271"},{"taxonomy":"product_tag","embeddable":true,"href":"https:\/\/legrenierdelatour.be\/brocante\/wp-json\/wp\/v2\/product_tag?post=12271"}],"curies":[{"name":"wp","href":"https:\/\/api.w.org\/{rel}","templated":true}]}}