{"id":12266,"date":"2026-03-05T14:43:16","date_gmt":"2026-03-05T13:43:16","guid":{"rendered":"https:\/\/legrenierdelatour.be\/brocante\/?post_type=product&#038;p=12266"},"modified":"2026-03-05T14:48:46","modified_gmt":"2026-03-05T13:48:46","slug":"assiette-en-ceramique-florenville-bouffioulx-lardinois","status":"publish","type":"product","link":"https:\/\/legrenierdelatour.be\/brocante\/produit\/assiette-en-ceramique-florenville-bouffioulx-lardinois\/","title":{"rendered":"Assiette en c\u00e9ramique \u00ab\u00a0Florenville\u00a0\u00bb, Bouffioulx Lardinois"},"content":{"rendered":"<p>Assiette en c\u00e9ramique (20 cm de diam\u00e8tre) portant l\u2019\u00e9cusson de la ville de Florenville. est sign\u00e9e dessous \u00ab\u00a0Lardinois\u00a0\u00bb. L\u2019atelier de c\u00e9ramique Lardinois est \u00e0 Bouffioulx.<\/p>\n<div>R\u00e9f 48.90<\/div>\n","protected":false},"excerpt":{"rendered":"<p>Assiette en c\u00e9ramique (20 cm de diam\u00e8tre) portant l\u2019\u00e9cusson de la ville de Florenville. est sign\u00e9e dessous \u00ab\u00a0Lardinois\u00a0\u00bb. L\u2019atelier de c\u00e9ramique Lardinois est \u00e0 Bouffioulx. R\u00e9f 48.90<\/p>\n","protected":false},"featured_media":12267,"comment_status":"open","ping_status":"closed","template":"","meta":{"neve_meta_sidebar":"","neve_meta_container":"","neve_meta_enable_content_width":"off","neve_meta_content_width":100,"neve_meta_title_alignment":"","neve_meta_author_avatar":"","neve_post_elements_order":"","neve_meta_disable_header":"","neve_meta_disable_footer":"","neve_meta_disable_title":""},"product_brand":[],"product_cat":[37,202,16,31],"product_tag":[],"class_list":{"0":"post-12266","1":"product","2":"type-product","3":"status-publish","4":"has-post-thumbnail","6":"product_cat-belgique","7":"product_cat-bouffioulx","8":"product_cat-ceramique","9":"product_cat-pays-darlon","11":"first","12":"instock","13":"shipping-taxable","14":"purchasable","15":"product-type-simple"},"_links":{"self":[{"href":"https:\/\/legrenierdelatour.be\/brocante\/wp-json\/wp\/v2\/product\/12266","targetHints":{"allow":["GET"]}}],"collection":[{"href":"https:\/\/legrenierdelatour.be\/brocante\/wp-json\/wp\/v2\/product"}],"about":[{"href":"https:\/\/legrenierdelatour.be\/brocante\/wp-json\/wp\/v2\/types\/product"}],"replies":[{"embeddable":true,"href":"https:\/\/legrenierdelatour.be\/brocante\/wp-json\/wp\/v2\/comments?post=12266"}],"wp:featuredmedia":[{"embeddable":true,"href":"https:\/\/legrenierdelatour.be\/brocante\/wp-json\/wp\/v2\/media\/12267"}],"wp:attachment":[{"href":"https:\/\/legrenierdelatour.be\/brocante\/wp-json\/wp\/v2\/media?parent=12266"}],"wp:term":[{"taxonomy":"product_brand","embeddable":true,"href":"https:\/\/legrenierdelatour.be\/brocante\/wp-json\/wp\/v2\/product_brand?post=12266"},{"taxonomy":"product_cat","embeddable":true,"href":"https:\/\/legrenierdelatour.be\/brocante\/wp-json\/wp\/v2\/product_cat?post=12266"},{"taxonomy":"product_tag","embeddable":true,"href":"https:\/\/legrenierdelatour.be\/brocante\/wp-json\/wp\/v2\/product_tag?post=12266"}],"curies":[{"name":"wp","href":"https:\/\/api.w.org\/{rel}","templated":true}]}}