{"id":12258,"date":"2026-03-05T14:10:40","date_gmt":"2026-03-05T13:10:40","guid":{"rendered":"https:\/\/legrenierdelatour.be\/brocante\/?post_type=product&#038;p=12258"},"modified":"2026-03-05T14:10:41","modified_gmt":"2026-03-05T13:10:41","slug":"sculpture-en-bronze-le-semeur-jef-lambeaux","status":"publish","type":"product","link":"https:\/\/legrenierdelatour.be\/brocante\/produit\/sculpture-en-bronze-le-semeur-jef-lambeaux\/","title":{"rendered":"Sculpture en bronze \u00ab\u00a0Le Semeur\u00a0\u00bb, Jef Lambeaux"},"content":{"rendered":"<p>Belle sculpture en bronze (64 cm de haut) repr\u00e9sentant \u00ab\u00a0Le Semeur\u00a0\u00bb de Jef Lambeaux, sculpteur belge (1852-1908). Elle date des ann\u00e9es 1890-1910. Elle est sign\u00e9e sur le socle et porte \u00e9galement la mention du fondeur \u00ab\u00a0Usines Mogave Soc An Bruxelles\u00a0\u00bb. Jef Lambeaux est un repr\u00e9sentant du r\u00e9alisme et du naturalisme, avec des touches de symbolisme. Ses oeuvres sont connues pour leur pr\u00e9cision minutieuse et leur capacit\u00e9 \u00e0 exprimer les \u00e9motions humaines.<\/p>\n<div>R\u00e9f 45.85<\/div>\n","protected":false},"excerpt":{"rendered":"<p>Belle sculpture en bronze (64 cm de haut) repr\u00e9sentant \u00ab\u00a0Le Semeur\u00a0\u00bb de Jef Lambeaux, sculpteur belge (1852-1908). Elle date des ann\u00e9es 1890-1910. Elle est sign\u00e9e sur le socle et porte \u00e9galement la mention du fondeur \u00ab\u00a0Usines Mogave Soc An Bruxelles\u00a0\u00bb. Jef Lambeaux est un repr\u00e9sentant du r\u00e9alisme et du naturalisme, avec des touches de symbolisme.&hellip;&nbsp;<a href=\"https:\/\/legrenierdelatour.be\/brocante\/produit\/sculpture-en-bronze-le-semeur-jef-lambeaux\/\" class=\"\" rel=\"bookmark\">Lire la suite &raquo;<span class=\"screen-reader-text\">Sculpture en bronze \u00ab\u00a0Le Semeur\u00a0\u00bb, Jef Lambeaux<\/span><\/a><\/p>\n","protected":false},"featured_media":12259,"comment_status":"open","ping_status":"closed","template":"","meta":{"neve_meta_sidebar":"","neve_meta_container":"","neve_meta_enable_content_width":"off","neve_meta_content_width":100,"neve_meta_title_alignment":"","neve_meta_author_avatar":"","neve_post_elements_order":"","neve_meta_disable_header":"","neve_meta_disable_footer":"","neve_meta_disable_title":""},"product_brand":[],"product_cat":[167],"product_tag":[],"class_list":{"0":"post-12258","1":"product","2":"type-product","3":"status-publish","4":"has-post-thumbnail","6":"product_cat-peintures-et-sculptures","8":"first","9":"instock","10":"shipping-taxable","11":"purchasable","12":"product-type-simple"},"_links":{"self":[{"href":"https:\/\/legrenierdelatour.be\/brocante\/wp-json\/wp\/v2\/product\/12258","targetHints":{"allow":["GET"]}}],"collection":[{"href":"https:\/\/legrenierdelatour.be\/brocante\/wp-json\/wp\/v2\/product"}],"about":[{"href":"https:\/\/legrenierdelatour.be\/brocante\/wp-json\/wp\/v2\/types\/product"}],"replies":[{"embeddable":true,"href":"https:\/\/legrenierdelatour.be\/brocante\/wp-json\/wp\/v2\/comments?post=12258"}],"wp:featuredmedia":[{"embeddable":true,"href":"https:\/\/legrenierdelatour.be\/brocante\/wp-json\/wp\/v2\/media\/12259"}],"wp:attachment":[{"href":"https:\/\/legrenierdelatour.be\/brocante\/wp-json\/wp\/v2\/media?parent=12258"}],"wp:term":[{"taxonomy":"product_brand","embeddable":true,"href":"https:\/\/legrenierdelatour.be\/brocante\/wp-json\/wp\/v2\/product_brand?post=12258"},{"taxonomy":"product_cat","embeddable":true,"href":"https:\/\/legrenierdelatour.be\/brocante\/wp-json\/wp\/v2\/product_cat?post=12258"},{"taxonomy":"product_tag","embeddable":true,"href":"https:\/\/legrenierdelatour.be\/brocante\/wp-json\/wp\/v2\/product_tag?post=12258"}],"curies":[{"name":"wp","href":"https:\/\/api.w.org\/{rel}","templated":true}]}}