{"id":12254,"date":"2026-02-23T14:38:27","date_gmt":"2026-02-23T13:38:27","guid":{"rendered":"https:\/\/legrenierdelatour.be\/brocante\/?post_type=product&#038;p=12254"},"modified":"2026-02-23T14:50:03","modified_gmt":"2026-02-23T13:50:03","slug":"boite-pour-allumettes-en-bakelite-luxembourg","status":"publish","type":"product","link":"https:\/\/legrenierdelatour.be\/brocante\/produit\/boite-pour-allumettes-en-bakelite-luxembourg\/","title":{"rendered":"Bo\u00eete pour allumettes en Bak\u00e9lite, Luxembourg"},"content":{"rendered":"<p>Petite bo\u00eete pour allumettes (6,5&#215;3,5 cm ferm\u00e9e) en Bak\u00e9lite, avec grattoir dessous. Elle porte une illustration de la vinne de Luxembourg .<\/p>\n<div>R\u00e9f 48.74<\/div>\n","protected":false},"excerpt":{"rendered":"<p>Petite bo\u00eete pour allumettes (6,5&#215;3,5 cm ferm\u00e9e) en Bak\u00e9lite, avec grattoir dessous. Elle porte une illustration de la vinne de Luxembourg . R\u00e9f 48.74<\/p>\n","protected":false},"featured_media":12248,"comment_status":"open","ping_status":"closed","template":"","meta":{"neve_meta_sidebar":"","neve_meta_container":"","neve_meta_enable_content_width":"off","neve_meta_content_width":100,"neve_meta_title_alignment":"","neve_meta_author_avatar":"","neve_post_elements_order":"","neve_meta_disable_header":"","neve_meta_disable_footer":"","neve_meta_disable_title":""},"product_brand":[],"product_cat":[183,166],"product_tag":[],"class_list":{"0":"post-12254","1":"product","2":"type-product","3":"status-publish","4":"has-post-thumbnail","6":"product_cat-bureau-et-fumoir","7":"product_cat-luxemburgensia-luxemburgensia","9":"first","10":"instock","11":"shipping-taxable","12":"purchasable","13":"product-type-simple"},"_links":{"self":[{"href":"https:\/\/legrenierdelatour.be\/brocante\/wp-json\/wp\/v2\/product\/12254","targetHints":{"allow":["GET"]}}],"collection":[{"href":"https:\/\/legrenierdelatour.be\/brocante\/wp-json\/wp\/v2\/product"}],"about":[{"href":"https:\/\/legrenierdelatour.be\/brocante\/wp-json\/wp\/v2\/types\/product"}],"replies":[{"embeddable":true,"href":"https:\/\/legrenierdelatour.be\/brocante\/wp-json\/wp\/v2\/comments?post=12254"}],"wp:featuredmedia":[{"embeddable":true,"href":"https:\/\/legrenierdelatour.be\/brocante\/wp-json\/wp\/v2\/media\/12248"}],"wp:attachment":[{"href":"https:\/\/legrenierdelatour.be\/brocante\/wp-json\/wp\/v2\/media?parent=12254"}],"wp:term":[{"taxonomy":"product_brand","embeddable":true,"href":"https:\/\/legrenierdelatour.be\/brocante\/wp-json\/wp\/v2\/product_brand?post=12254"},{"taxonomy":"product_cat","embeddable":true,"href":"https:\/\/legrenierdelatour.be\/brocante\/wp-json\/wp\/v2\/product_cat?post=12254"},{"taxonomy":"product_tag","embeddable":true,"href":"https:\/\/legrenierdelatour.be\/brocante\/wp-json\/wp\/v2\/product_tag?post=12254"}],"curies":[{"name":"wp","href":"https:\/\/api.w.org\/{rel}","templated":true}]}}