{"id":12233,"date":"2026-02-19T17:03:33","date_gmt":"2026-02-19T16:03:33","guid":{"rendered":"https:\/\/legrenierdelatour.be\/brocante\/?post_type=product&#038;p=12233"},"modified":"2026-02-19T17:31:17","modified_gmt":"2026-02-19T16:31:17","slug":"sculpture-murale-arlequin-artiste-regional-luxembourg","status":"publish","type":"product","link":"https:\/\/legrenierdelatour.be\/brocante\/produit\/sculpture-murale-arlequin-artiste-regional-luxembourg\/","title":{"rendered":"Sculpture murale \u00ab\u00a0Arlequin\u00a0\u00bb, artiste r\u00e9gional Luxembourg"},"content":{"rendered":"<p>Sculpture murale (28 cm de haut) sign\u00e9 AWB et PU \u00e0 l\u2019arri\u00e8re. S\u2019y trouve \u00e9galement une \u00e9tiquette attestant \u00ab Marque de qualit\u00e9, Made in Belgium, Artisanat d\u2019Art Luxembourg \u00bb.<\/p>\n<div>R\u00e9f 48.53<\/div>\n","protected":false},"excerpt":{"rendered":"<p>Sculpture murale (28 cm de haut) sign\u00e9 AWB et PU \u00e0 l\u2019arri\u00e8re. S\u2019y trouve \u00e9galement une \u00e9tiquette attestant \u00ab Marque de qualit\u00e9, Made in Belgium, Artisanat d\u2019Art Luxembourg \u00bb. R\u00e9f 48.53<\/p>\n","protected":false},"featured_media":12234,"comment_status":"open","ping_status":"closed","template":"","meta":{"neve_meta_sidebar":"","neve_meta_container":"","neve_meta_enable_content_width":"off","neve_meta_content_width":100,"neve_meta_title_alignment":"","neve_meta_author_avatar":"","neve_post_elements_order":"","neve_meta_disable_header":"","neve_meta_disable_footer":"","neve_meta_disable_title":""},"product_brand":[],"product_cat":[37,16],"product_tag":[],"class_list":{"0":"post-12233","1":"product","2":"type-product","3":"status-publish","4":"has-post-thumbnail","6":"product_cat-belgique","7":"product_cat-ceramique","9":"first","10":"instock","11":"shipping-taxable","12":"purchasable","13":"product-type-simple"},"_links":{"self":[{"href":"https:\/\/legrenierdelatour.be\/brocante\/wp-json\/wp\/v2\/product\/12233","targetHints":{"allow":["GET"]}}],"collection":[{"href":"https:\/\/legrenierdelatour.be\/brocante\/wp-json\/wp\/v2\/product"}],"about":[{"href":"https:\/\/legrenierdelatour.be\/brocante\/wp-json\/wp\/v2\/types\/product"}],"replies":[{"embeddable":true,"href":"https:\/\/legrenierdelatour.be\/brocante\/wp-json\/wp\/v2\/comments?post=12233"}],"wp:featuredmedia":[{"embeddable":true,"href":"https:\/\/legrenierdelatour.be\/brocante\/wp-json\/wp\/v2\/media\/12234"}],"wp:attachment":[{"href":"https:\/\/legrenierdelatour.be\/brocante\/wp-json\/wp\/v2\/media?parent=12233"}],"wp:term":[{"taxonomy":"product_brand","embeddable":true,"href":"https:\/\/legrenierdelatour.be\/brocante\/wp-json\/wp\/v2\/product_brand?post=12233"},{"taxonomy":"product_cat","embeddable":true,"href":"https:\/\/legrenierdelatour.be\/brocante\/wp-json\/wp\/v2\/product_cat?post=12233"},{"taxonomy":"product_tag","embeddable":true,"href":"https:\/\/legrenierdelatour.be\/brocante\/wp-json\/wp\/v2\/product_tag?post=12233"}],"curies":[{"name":"wp","href":"https:\/\/api.w.org\/{rel}","templated":true}]}}