{"id":12224,"date":"2026-02-19T16:46:58","date_gmt":"2026-02-19T15:46:58","guid":{"rendered":"https:\/\/legrenierdelatour.be\/brocante\/?post_type=product&#038;p=12224"},"modified":"2026-02-19T16:50:08","modified_gmt":"2026-02-19T15:50:08","slug":"lunettes-de-soleil-vintage-de-luxe","status":"publish","type":"product","link":"https:\/\/legrenierdelatour.be\/brocante\/produit\/lunettes-de-soleil-vintage-de-luxe\/","title":{"rendered":"Lunettes de soleil vintage, de luxe"},"content":{"rendered":"<p>Paires de lunettes de soleil, de luxe, vintage, ansi que certains \u00e9tuis \u00e0 lunettes vides.<\/p>\n<div>&#8211; Jean Patou, mod\u00e8le Estelle, France : 75\u20ac<\/div>\n<div>&#8211; Christian Dior, mod\u00e8le 2592 31 55, Allemagne 1980 : 95\u20ac<\/div>\n<div>&#8211; Dolce &amp; Galbane, 8026 525\/73, Italie : 75\u20ac<\/div>\n<div>R\u00e9f 48.52<\/div>\n","protected":false},"excerpt":{"rendered":"<p>Paires de lunettes de soleil, de luxe, vintage, ansi que certains \u00e9tuis \u00e0 lunettes vides. &#8211; Jean Patou, mod\u00e8le Estelle, France : 75\u20ac &#8211; Christian Dior, mod\u00e8le 2592 31 55, Allemagne 1980 : 95\u20ac &#8211; Dolce &amp; Galbane, 8026 525\/73, Italie : 75\u20ac R\u00e9f 48.52<\/p>\n","protected":false},"featured_media":12225,"comment_status":"open","ping_status":"closed","template":"","meta":{"neve_meta_sidebar":"","neve_meta_container":"","neve_meta_enable_content_width":"off","neve_meta_content_width":100,"neve_meta_title_alignment":"","neve_meta_author_avatar":"","neve_post_elements_order":"","neve_meta_disable_header":"","neve_meta_disable_footer":"","neve_meta_disable_title":""},"product_brand":[],"product_cat":[160],"product_tag":[],"class_list":{"0":"post-12224","1":"product","2":"type-product","3":"status-publish","4":"has-post-thumbnail","6":"product_cat-la-mode","8":"first","9":"instock","10":"shipping-taxable","11":"purchasable","12":"product-type-simple"},"_links":{"self":[{"href":"https:\/\/legrenierdelatour.be\/brocante\/wp-json\/wp\/v2\/product\/12224","targetHints":{"allow":["GET"]}}],"collection":[{"href":"https:\/\/legrenierdelatour.be\/brocante\/wp-json\/wp\/v2\/product"}],"about":[{"href":"https:\/\/legrenierdelatour.be\/brocante\/wp-json\/wp\/v2\/types\/product"}],"replies":[{"embeddable":true,"href":"https:\/\/legrenierdelatour.be\/brocante\/wp-json\/wp\/v2\/comments?post=12224"}],"wp:featuredmedia":[{"embeddable":true,"href":"https:\/\/legrenierdelatour.be\/brocante\/wp-json\/wp\/v2\/media\/12225"}],"wp:attachment":[{"href":"https:\/\/legrenierdelatour.be\/brocante\/wp-json\/wp\/v2\/media?parent=12224"}],"wp:term":[{"taxonomy":"product_brand","embeddable":true,"href":"https:\/\/legrenierdelatour.be\/brocante\/wp-json\/wp\/v2\/product_brand?post=12224"},{"taxonomy":"product_cat","embeddable":true,"href":"https:\/\/legrenierdelatour.be\/brocante\/wp-json\/wp\/v2\/product_cat?post=12224"},{"taxonomy":"product_tag","embeddable":true,"href":"https:\/\/legrenierdelatour.be\/brocante\/wp-json\/wp\/v2\/product_tag?post=12224"}],"curies":[{"name":"wp","href":"https:\/\/api.w.org\/{rel}","templated":true}]}}