{"id":12220,"date":"2026-02-17T11:57:41","date_gmt":"2026-02-17T10:57:41","guid":{"rendered":"https:\/\/legrenierdelatour.be\/brocante\/?post_type=product&#038;p=12220"},"modified":"2026-02-17T16:33:21","modified_gmt":"2026-02-17T15:33:21","slug":"boite-a-dragees-1900-marie-louise-pinel","status":"publish","type":"product","link":"https:\/\/legrenierdelatour.be\/brocante\/produit\/boite-a-dragees-1900-marie-louise-pinel\/","title":{"rendered":"Bo\u00eete \u00e0 drag\u00e9es 1900, Marie-Louise Pinel"},"content":{"rendered":"<p>Belle bo\u00eete \u00e0 drag\u00e9es ovale (24 cm de long) en carton avec une gravure rehauss\u00e9e de peinture argent\u00e9e, sign\u00e9e M.L.Pinel. Il s\u2019agit de Marie-Louise Pinel, illustratrice et peintre fran\u00e7aise de la fin du 19\u00e8-d\u00e9but du 20\u00e8 si\u00e8cle. Elle ar\u00e9alis\u00e9 les dessins de diff\u00e9rents livres pour enfants entre autres, ainsi que des toiles personnelles.<\/p>\n<div>R\u00e9f 48.47<\/div>\n","protected":false},"excerpt":{"rendered":"<p>Belle bo\u00eete \u00e0 drag\u00e9es ovale (24 cm de long) en carton avec une gravure rehauss\u00e9e de peinture argent\u00e9e, sign\u00e9e M.L.Pinel. Il s\u2019agit de Marie-Louise Pinel, illustratrice et peintre fran\u00e7aise de la fin du 19\u00e8-d\u00e9but du 20\u00e8 si\u00e8cle. Elle ar\u00e9alis\u00e9 les dessins de diff\u00e9rents livres pour enfants entre autres, ainsi que des toiles personnelles. R\u00e9f 48.47<\/p>\n","protected":false},"featured_media":12221,"comment_status":"open","ping_status":"closed","template":"","meta":{"neve_meta_sidebar":"","neve_meta_container":"","neve_meta_enable_content_width":"off","neve_meta_content_width":100,"neve_meta_title_alignment":"","neve_meta_author_avatar":"","neve_post_elements_order":"","neve_meta_disable_header":"","neve_meta_disable_footer":"","neve_meta_disable_title":""},"product_brand":[],"product_cat":[15],"product_tag":[],"class_list":{"0":"post-12220","1":"product","2":"type-product","3":"status-publish","4":"has-post-thumbnail","6":"product_cat-non-classe","8":"first","9":"instock","10":"shipping-taxable","11":"purchasable","12":"product-type-simple"},"_links":{"self":[{"href":"https:\/\/legrenierdelatour.be\/brocante\/wp-json\/wp\/v2\/product\/12220","targetHints":{"allow":["GET"]}}],"collection":[{"href":"https:\/\/legrenierdelatour.be\/brocante\/wp-json\/wp\/v2\/product"}],"about":[{"href":"https:\/\/legrenierdelatour.be\/brocante\/wp-json\/wp\/v2\/types\/product"}],"replies":[{"embeddable":true,"href":"https:\/\/legrenierdelatour.be\/brocante\/wp-json\/wp\/v2\/comments?post=12220"}],"wp:featuredmedia":[{"embeddable":true,"href":"https:\/\/legrenierdelatour.be\/brocante\/wp-json\/wp\/v2\/media\/12221"}],"wp:attachment":[{"href":"https:\/\/legrenierdelatour.be\/brocante\/wp-json\/wp\/v2\/media?parent=12220"}],"wp:term":[{"taxonomy":"product_brand","embeddable":true,"href":"https:\/\/legrenierdelatour.be\/brocante\/wp-json\/wp\/v2\/product_brand?post=12220"},{"taxonomy":"product_cat","embeddable":true,"href":"https:\/\/legrenierdelatour.be\/brocante\/wp-json\/wp\/v2\/product_cat?post=12220"},{"taxonomy":"product_tag","embeddable":true,"href":"https:\/\/legrenierdelatour.be\/brocante\/wp-json\/wp\/v2\/product_tag?post=12220"}],"curies":[{"name":"wp","href":"https:\/\/api.w.org\/{rel}","templated":true}]}}