{"id":12206,"date":"2026-02-16T15:34:23","date_gmt":"2026-02-16T14:34:23","guid":{"rendered":"https:\/\/legrenierdelatour.be\/brocante\/?post_type=product&#038;p=12206"},"modified":"2026-02-16T15:34:23","modified_gmt":"2026-02-16T14:34:23","slug":"vide-poche-villeroy-boch-cigarettes-ducal-1960","status":"publish","type":"product","link":"https:\/\/legrenierdelatour.be\/brocante\/produit\/vide-poche-villeroy-boch-cigarettes-ducal-1960\/","title":{"rendered":"Vide-poche Villeroy &#038; Boch, Cigarettes Ducal, 1960"},"content":{"rendered":"<p>Vide-poche en fa\u00efence (13 cm de c\u00f4t\u00e9) procduit par la manufacture Villeroy &amp; Boch au Luxembourg pour la marque de cigarettes liuxembourgeoise Ducal, dans les ann\u00e9es 1960.<\/p>\n<div>R\u00e9f 48.42<\/div>\n","protected":false},"excerpt":{"rendered":"<p>Vide-poche en fa\u00efence (13 cm de c\u00f4t\u00e9) procduit par la manufacture Villeroy &amp; Boch au Luxembourg pour la marque de cigarettes liuxembourgeoise Ducal, dans les ann\u00e9es 1960. R\u00e9f 48.42<\/p>\n","protected":false},"featured_media":12199,"comment_status":"open","ping_status":"closed","template":"","meta":{"neve_meta_sidebar":"","neve_meta_container":"","neve_meta_enable_content_width":"off","neve_meta_content_width":100,"neve_meta_title_alignment":"","neve_meta_author_avatar":"","neve_post_elements_order":"","neve_meta_disable_header":"","neve_meta_disable_footer":"","neve_meta_disable_title":""},"product_brand":[],"product_cat":[183,16,165,166,173,29],"product_tag":[],"class_list":{"0":"post-12206","1":"product","2":"type-product","3":"status-publish","4":"has-post-thumbnail","6":"product_cat-bureau-et-fumoir","7":"product_cat-ceramique","8":"product_cat-luxembourg","9":"product_cat-luxemburgensia-luxemburgensia","10":"product_cat-objets-de-publicite","11":"product_cat-villeroy-boch","13":"first","14":"instock","15":"shipping-taxable","16":"purchasable","17":"product-type-simple"},"_links":{"self":[{"href":"https:\/\/legrenierdelatour.be\/brocante\/wp-json\/wp\/v2\/product\/12206","targetHints":{"allow":["GET"]}}],"collection":[{"href":"https:\/\/legrenierdelatour.be\/brocante\/wp-json\/wp\/v2\/product"}],"about":[{"href":"https:\/\/legrenierdelatour.be\/brocante\/wp-json\/wp\/v2\/types\/product"}],"replies":[{"embeddable":true,"href":"https:\/\/legrenierdelatour.be\/brocante\/wp-json\/wp\/v2\/comments?post=12206"}],"wp:featuredmedia":[{"embeddable":true,"href":"https:\/\/legrenierdelatour.be\/brocante\/wp-json\/wp\/v2\/media\/12199"}],"wp:attachment":[{"href":"https:\/\/legrenierdelatour.be\/brocante\/wp-json\/wp\/v2\/media?parent=12206"}],"wp:term":[{"taxonomy":"product_brand","embeddable":true,"href":"https:\/\/legrenierdelatour.be\/brocante\/wp-json\/wp\/v2\/product_brand?post=12206"},{"taxonomy":"product_cat","embeddable":true,"href":"https:\/\/legrenierdelatour.be\/brocante\/wp-json\/wp\/v2\/product_cat?post=12206"},{"taxonomy":"product_tag","embeddable":true,"href":"https:\/\/legrenierdelatour.be\/brocante\/wp-json\/wp\/v2\/product_tag?post=12206"}],"curies":[{"name":"wp","href":"https:\/\/api.w.org\/{rel}","templated":true}]}}