{"id":12205,"date":"2026-02-16T13:25:37","date_gmt":"2026-02-16T12:25:37","guid":{"rendered":"https:\/\/legrenierdelatour.be\/brocante\/?post_type=product&#038;p=12205"},"modified":"2026-02-16T13:25:37","modified_gmt":"2026-02-16T12:25:37","slug":"assiette-ceramique-coq-yvon-ange","status":"publish","type":"product","link":"https:\/\/legrenierdelatour.be\/brocante\/produit\/assiette-ceramique-coq-yvon-ange\/","title":{"rendered":"Assiette c\u00e9ramique , \u00ab\u00a0Coq\u00a0\u00bb, Yvon Ang\u00e9"},"content":{"rendered":"<p>Belle assiette en c\u00e9ramique (22 cm de diam\u00e8tre) portant une repr\u00e9&amp;senation en relief d\u2019un coq. Elle est sign\u00e9e au dos \u00ab\u00a0Ang\u00e9\u00a0\u00bb et porte l\u2019\u00e9tiquette de l\u2019atelier d\u2019Yvon Ang\u00e9 \u00e0 Pin-Izel. Ayant son propre atelier\u00a0\u00ab\u00a0La Girolle\u00a0\u00bb \u00e0 Chassepierre, cet artiste et artisan est reconnu internationalement. Yvon Ang\u00e9 cr\u00e9e ses propres \u00e9maux et couleurs. L&rsquo;assiette est en excellent \u00e9tat.<\/p>\n<div>R\u00e9f 48.41<\/div>\n","protected":false},"excerpt":{"rendered":"<p>Belle assiette en c\u00e9ramique (22 cm de diam\u00e8tre) portant une repr\u00e9&amp;senation en relief d\u2019un coq. Elle est sign\u00e9e au dos \u00ab\u00a0Ang\u00e9\u00a0\u00bb et porte l\u2019\u00e9tiquette de l\u2019atelier d\u2019Yvon Ang\u00e9 \u00e0 Pin-Izel. Ayant son propre atelier\u00a0\u00ab\u00a0La Girolle\u00a0\u00bb \u00e0 Chassepierre, cet artiste et artisan est reconnu internationalement. Yvon Ang\u00e9 cr\u00e9e ses propres \u00e9maux et couleurs. L&rsquo;assiette est en&hellip;&nbsp;<a href=\"https:\/\/legrenierdelatour.be\/brocante\/produit\/assiette-ceramique-coq-yvon-ange\/\" class=\"\" rel=\"bookmark\">Lire la suite &raquo;<span class=\"screen-reader-text\">Assiette c\u00e9ramique , \u00ab\u00a0Coq\u00a0\u00bb, Yvon Ang\u00e9<\/span><\/a><\/p>\n","protected":false},"featured_media":12194,"comment_status":"open","ping_status":"closed","template":"","meta":{"neve_meta_sidebar":"","neve_meta_container":"","neve_meta_enable_content_width":"off","neve_meta_content_width":100,"neve_meta_title_alignment":"","neve_meta_author_avatar":"","neve_post_elements_order":"","neve_meta_disable_header":"","neve_meta_disable_footer":"","neve_meta_disable_title":""},"product_brand":[],"product_cat":[37,16,31],"product_tag":[],"class_list":{"0":"post-12205","1":"product","2":"type-product","3":"status-publish","4":"has-post-thumbnail","6":"product_cat-belgique","7":"product_cat-ceramique","8":"product_cat-pays-darlon","10":"first","11":"instock","12":"shipping-taxable","13":"purchasable","14":"product-type-simple"},"_links":{"self":[{"href":"https:\/\/legrenierdelatour.be\/brocante\/wp-json\/wp\/v2\/product\/12205","targetHints":{"allow":["GET"]}}],"collection":[{"href":"https:\/\/legrenierdelatour.be\/brocante\/wp-json\/wp\/v2\/product"}],"about":[{"href":"https:\/\/legrenierdelatour.be\/brocante\/wp-json\/wp\/v2\/types\/product"}],"replies":[{"embeddable":true,"href":"https:\/\/legrenierdelatour.be\/brocante\/wp-json\/wp\/v2\/comments?post=12205"}],"wp:featuredmedia":[{"embeddable":true,"href":"https:\/\/legrenierdelatour.be\/brocante\/wp-json\/wp\/v2\/media\/12194"}],"wp:attachment":[{"href":"https:\/\/legrenierdelatour.be\/brocante\/wp-json\/wp\/v2\/media?parent=12205"}],"wp:term":[{"taxonomy":"product_brand","embeddable":true,"href":"https:\/\/legrenierdelatour.be\/brocante\/wp-json\/wp\/v2\/product_brand?post=12205"},{"taxonomy":"product_cat","embeddable":true,"href":"https:\/\/legrenierdelatour.be\/brocante\/wp-json\/wp\/v2\/product_cat?post=12205"},{"taxonomy":"product_tag","embeddable":true,"href":"https:\/\/legrenierdelatour.be\/brocante\/wp-json\/wp\/v2\/product_tag?post=12205"}],"curies":[{"name":"wp","href":"https:\/\/api.w.org\/{rel}","templated":true}]}}