{"id":12204,"date":"2026-02-16T13:19:49","date_gmt":"2026-02-16T12:19:49","guid":{"rendered":"https:\/\/legrenierdelatour.be\/brocante\/?post_type=product&#038;p=12204"},"modified":"2026-02-16T13:24:47","modified_gmt":"2026-02-16T12:24:47","slug":"sauciere-villeroy-boch-scarlett-christine-reuter-1967","status":"publish","type":"product","link":"https:\/\/legrenierdelatour.be\/brocante\/produit\/sauciere-villeroy-boch-scarlett-christine-reuter-1967\/","title":{"rendered":"Sauci\u00e8re Villeroy &#038; Boch, Scarlett, Christine Reuter 1967"},"content":{"rendered":"<p>Belle sauci\u00e8re (21 cm de long)\u00a0de la manufacture Villeroy et Boch, de la collection Scarlett dessin\u00e9e par Christine Reuter en 1967. Elle est en parfait \u00e9tat<\/p>\n<div>R\u00e9f 48.40<\/div>\n","protected":false},"excerpt":{"rendered":"<p>Belle sauci\u00e8re (21 cm de long)\u00a0de la manufacture Villeroy et Boch, de la collection Scarlett dessin\u00e9e par Christine Reuter en 1967. Elle est en parfait \u00e9tat R\u00e9f 48.40<\/p>\n","protected":false},"featured_media":12197,"comment_status":"open","ping_status":"closed","template":"","meta":{"neve_meta_sidebar":"","neve_meta_container":"","neve_meta_enable_content_width":"off","neve_meta_content_width":100,"neve_meta_title_alignment":"","neve_meta_author_avatar":"","neve_post_elements_order":"","neve_meta_disable_header":"","neve_meta_disable_footer":"","neve_meta_disable_title":""},"product_brand":[],"product_cat":[172,16,165,29],"product_tag":[],"class_list":{"0":"post-12204","1":"product","2":"type-product","3":"status-publish","4":"has-post-thumbnail","6":"product_cat-en-cuisine","7":"product_cat-ceramique","8":"product_cat-luxembourg","9":"product_cat-villeroy-boch","11":"first","12":"instock","13":"shipping-taxable","14":"purchasable","15":"product-type-simple"},"_links":{"self":[{"href":"https:\/\/legrenierdelatour.be\/brocante\/wp-json\/wp\/v2\/product\/12204","targetHints":{"allow":["GET"]}}],"collection":[{"href":"https:\/\/legrenierdelatour.be\/brocante\/wp-json\/wp\/v2\/product"}],"about":[{"href":"https:\/\/legrenierdelatour.be\/brocante\/wp-json\/wp\/v2\/types\/product"}],"replies":[{"embeddable":true,"href":"https:\/\/legrenierdelatour.be\/brocante\/wp-json\/wp\/v2\/comments?post=12204"}],"wp:featuredmedia":[{"embeddable":true,"href":"https:\/\/legrenierdelatour.be\/brocante\/wp-json\/wp\/v2\/media\/12197"}],"wp:attachment":[{"href":"https:\/\/legrenierdelatour.be\/brocante\/wp-json\/wp\/v2\/media?parent=12204"}],"wp:term":[{"taxonomy":"product_brand","embeddable":true,"href":"https:\/\/legrenierdelatour.be\/brocante\/wp-json\/wp\/v2\/product_brand?post=12204"},{"taxonomy":"product_cat","embeddable":true,"href":"https:\/\/legrenierdelatour.be\/brocante\/wp-json\/wp\/v2\/product_cat?post=12204"},{"taxonomy":"product_tag","embeddable":true,"href":"https:\/\/legrenierdelatour.be\/brocante\/wp-json\/wp\/v2\/product_tag?post=12204"}],"curies":[{"name":"wp","href":"https:\/\/api.w.org\/{rel}","templated":true}]}}