{"id":12190,"date":"2026-02-16T13:15:31","date_gmt":"2026-02-16T12:15:31","guid":{"rendered":"https:\/\/legrenierdelatour.be\/brocante\/?post_type=product&#038;p=12190"},"modified":"2026-02-16T13:15:31","modified_gmt":"2026-02-16T12:15:31","slug":"vase-en-cristal-rene-delvenne-val-saint-lambert","status":"publish","type":"product","link":"https:\/\/legrenierdelatour.be\/brocante\/produit\/vase-en-cristal-rene-delvenne-val-saint-lambert\/","title":{"rendered":"Vase en cristal, Ren\u00e9 Delvenne, Val Saint Lambert"},"content":{"rendered":"<p>Joli vase ros\u00e9 en cristal (21 cm de haut) sign\u00e9 par gravure dessous \u00ab\u00a0Val St Lambert\u00a0\u00bb. Le design organique en forme de torsade est caract\u00e9rostique des ann\u00e9es 1950-60. Selon un concept de Ren\u00e9 Delvennedesigner et artiste verrier actif dans les ann\u00e9es 1950-60 dans la manufacture de Val saint Lambert, la technique sommerso (souperposition de couches de cristal color\u00e9) canneberge.<\/p>\n<div>R\u00e9f 48.39<\/div>\n","protected":false},"excerpt":{"rendered":"<p>Joli vase ros\u00e9 en cristal (21 cm de haut) sign\u00e9 par gravure dessous \u00ab\u00a0Val St Lambert\u00a0\u00bb. Le design organique en forme de torsade est caract\u00e9rostique des ann\u00e9es 1950-60. Selon un concept de Ren\u00e9 Delvennedesigner et artiste verrier actif dans les ann\u00e9es 1950-60 dans la manufacture de Val saint Lambert, la technique sommerso (souperposition de couches&hellip;&nbsp;<a href=\"https:\/\/legrenierdelatour.be\/brocante\/produit\/vase-en-cristal-rene-delvenne-val-saint-lambert\/\" class=\"\" rel=\"bookmark\">Lire la suite &raquo;<span class=\"screen-reader-text\">Vase en cristal, Ren\u00e9 Delvenne, Val Saint Lambert<\/span><\/a><\/p>\n","protected":false},"featured_media":12201,"comment_status":"open","ping_status":"closed","template":"","meta":{"neve_meta_sidebar":"","neve_meta_container":"","neve_meta_enable_content_width":"off","neve_meta_content_width":100,"neve_meta_title_alignment":"","neve_meta_author_avatar":"","neve_post_elements_order":"","neve_meta_disable_header":"","neve_meta_disable_footer":"","neve_meta_disable_title":""},"product_brand":[],"product_cat":[162,63,22],"product_tag":[],"class_list":{"0":"post-12190","1":"product","2":"type-product","3":"status-publish","4":"has-post-thumbnail","6":"product_cat-productions-belges","7":"product_cat-val-saint-lambert","8":"product_cat-verrerie","10":"first","11":"instock","12":"shipping-taxable","13":"purchasable","14":"product-type-simple"},"_links":{"self":[{"href":"https:\/\/legrenierdelatour.be\/brocante\/wp-json\/wp\/v2\/product\/12190","targetHints":{"allow":["GET"]}}],"collection":[{"href":"https:\/\/legrenierdelatour.be\/brocante\/wp-json\/wp\/v2\/product"}],"about":[{"href":"https:\/\/legrenierdelatour.be\/brocante\/wp-json\/wp\/v2\/types\/product"}],"replies":[{"embeddable":true,"href":"https:\/\/legrenierdelatour.be\/brocante\/wp-json\/wp\/v2\/comments?post=12190"}],"wp:featuredmedia":[{"embeddable":true,"href":"https:\/\/legrenierdelatour.be\/brocante\/wp-json\/wp\/v2\/media\/12201"}],"wp:attachment":[{"href":"https:\/\/legrenierdelatour.be\/brocante\/wp-json\/wp\/v2\/media?parent=12190"}],"wp:term":[{"taxonomy":"product_brand","embeddable":true,"href":"https:\/\/legrenierdelatour.be\/brocante\/wp-json\/wp\/v2\/product_brand?post=12190"},{"taxonomy":"product_cat","embeddable":true,"href":"https:\/\/legrenierdelatour.be\/brocante\/wp-json\/wp\/v2\/product_cat?post=12190"},{"taxonomy":"product_tag","embeddable":true,"href":"https:\/\/legrenierdelatour.be\/brocante\/wp-json\/wp\/v2\/product_tag?post=12190"}],"curies":[{"name":"wp","href":"https:\/\/api.w.org\/{rel}","templated":true}]}}