{"id":12177,"date":"2026-02-09T17:08:58","date_gmt":"2026-02-09T16:08:58","guid":{"rendered":"https:\/\/legrenierdelatour.be\/brocante\/?post_type=product&#038;p=12177"},"modified":"2026-02-09T17:08:59","modified_gmt":"2026-02-09T16:08:59","slug":"serigraphie-robert-brandy-1995","status":"publish","type":"product","link":"https:\/\/legrenierdelatour.be\/brocante\/produit\/serigraphie-robert-brandy-1995\/","title":{"rendered":"S\u00e9rigraphie, Robert Brandy, 1995"},"content":{"rendered":"<p>S\u00e9rigraphie (54&#215;76 cm cadre compris) sign\u00e9e en bas \u00e0 droite R.Brandy, dat\u00e9e 1995 et justifi\u00e9e en bas \u00e0 gauche 6\/135. C\u2019est une oeuvre de Robert Brandy, artiste luxembourgeois n\u00e9 en 1946 \u00e0 Luxembourg-Ville. Pionnier de la professionnalisation des artistes ind\u00e9pendants au Luxembourg, R Brandy a jou\u00e9 un r\u00f4le majeur dans l\u2019histoire de l\u2019art contemporaine au Luxembourg.<\/p>\n<div>R\u00e9f 48.36<\/div>\n","protected":false},"excerpt":{"rendered":"<p>S\u00e9rigraphie (54&#215;76 cm cadre compris) sign\u00e9e en bas \u00e0 droite R.Brandy, dat\u00e9e 1995 et justifi\u00e9e en bas \u00e0 gauche 6\/135. C\u2019est une oeuvre de Robert Brandy, artiste luxembourgeois n\u00e9 en 1946 \u00e0 Luxembourg-Ville. Pionnier de la professionnalisation des artistes ind\u00e9pendants au Luxembourg, R Brandy a jou\u00e9 un r\u00f4le majeur dans l\u2019histoire de l\u2019art contemporaine au&hellip;&nbsp;<a href=\"https:\/\/legrenierdelatour.be\/brocante\/produit\/serigraphie-robert-brandy-1995\/\" class=\"\" rel=\"bookmark\">Lire la suite &raquo;<span class=\"screen-reader-text\">S\u00e9rigraphie, Robert Brandy, 1995<\/span><\/a><\/p>\n","protected":false},"featured_media":12178,"comment_status":"open","ping_status":"closed","template":"","meta":{"neve_meta_sidebar":"","neve_meta_container":"","neve_meta_enable_content_width":"off","neve_meta_content_width":100,"neve_meta_title_alignment":"","neve_meta_author_avatar":"","neve_post_elements_order":"","neve_meta_disable_header":"","neve_meta_disable_footer":"","neve_meta_disable_title":""},"product_brand":[],"product_cat":[166,167],"product_tag":[],"class_list":{"0":"post-12177","1":"product","2":"type-product","3":"status-publish","4":"has-post-thumbnail","6":"product_cat-luxemburgensia-luxemburgensia","7":"product_cat-peintures-et-sculptures","9":"first","10":"instock","11":"shipping-taxable","12":"purchasable","13":"product-type-simple"},"_links":{"self":[{"href":"https:\/\/legrenierdelatour.be\/brocante\/wp-json\/wp\/v2\/product\/12177","targetHints":{"allow":["GET"]}}],"collection":[{"href":"https:\/\/legrenierdelatour.be\/brocante\/wp-json\/wp\/v2\/product"}],"about":[{"href":"https:\/\/legrenierdelatour.be\/brocante\/wp-json\/wp\/v2\/types\/product"}],"replies":[{"embeddable":true,"href":"https:\/\/legrenierdelatour.be\/brocante\/wp-json\/wp\/v2\/comments?post=12177"}],"wp:featuredmedia":[{"embeddable":true,"href":"https:\/\/legrenierdelatour.be\/brocante\/wp-json\/wp\/v2\/media\/12178"}],"wp:attachment":[{"href":"https:\/\/legrenierdelatour.be\/brocante\/wp-json\/wp\/v2\/media?parent=12177"}],"wp:term":[{"taxonomy":"product_brand","embeddable":true,"href":"https:\/\/legrenierdelatour.be\/brocante\/wp-json\/wp\/v2\/product_brand?post=12177"},{"taxonomy":"product_cat","embeddable":true,"href":"https:\/\/legrenierdelatour.be\/brocante\/wp-json\/wp\/v2\/product_cat?post=12177"},{"taxonomy":"product_tag","embeddable":true,"href":"https:\/\/legrenierdelatour.be\/brocante\/wp-json\/wp\/v2\/product_tag?post=12177"}],"curies":[{"name":"wp","href":"https:\/\/api.w.org\/{rel}","templated":true}]}}