{"id":12173,"date":"2026-02-09T15:00:06","date_gmt":"2026-02-09T14:00:06","guid":{"rendered":"https:\/\/legrenierdelatour.be\/brocante\/?post_type=product&#038;p=12173"},"modified":"2026-02-09T17:09:31","modified_gmt":"2026-02-09T16:09:31","slug":"aquarelle-de-clown-jos-steil","status":"publish","type":"product","link":"https:\/\/legrenierdelatour.be\/brocante\/produit\/aquarelle-de-clown-jos-steil\/","title":{"rendered":"Aquarelle de clown, Jos Steil"},"content":{"rendered":"<p>Aquarelle (34&#215;44 cm cadre compris) repr\u00e9sentant un clown color\u00e9. Elle est sign\u00e9e en bas \u00e0 droite et dat\u00e9e 91(?). C\u2019est une oeuvre de Jos Steil (1940 Esch-2004) \u00a0un artiste luxembourgeois autodidacte faisant partie du Cercle des Artistes Luxembourgeois (CAL).<\/p>\n<div>R\u00e9f 48.35<\/div>\n","protected":false},"excerpt":{"rendered":"<p>Aquarelle (34&#215;44 cm cadre compris) repr\u00e9sentant un clown color\u00e9. Elle est sign\u00e9e en bas \u00e0 droite et dat\u00e9e 91(?). C\u2019est une oeuvre de Jos Steil (1940 Esch-2004) \u00a0un artiste luxembourgeois autodidacte faisant partie du Cercle des Artistes Luxembourgeois (CAL). R\u00e9f 48.35<\/p>\n","protected":false},"featured_media":12174,"comment_status":"open","ping_status":"closed","template":"","meta":{"neve_meta_sidebar":"","neve_meta_container":"","neve_meta_enable_content_width":"off","neve_meta_content_width":100,"neve_meta_title_alignment":"","neve_meta_author_avatar":"","neve_post_elements_order":"","neve_meta_disable_header":"","neve_meta_disable_footer":"","neve_meta_disable_title":""},"product_brand":[],"product_cat":[15,166,167],"product_tag":[],"class_list":{"0":"post-12173","1":"product","2":"type-product","3":"status-publish","4":"has-post-thumbnail","6":"product_cat-non-classe","7":"product_cat-luxemburgensia-luxemburgensia","8":"product_cat-peintures-et-sculptures","10":"first","11":"instock","12":"shipping-taxable","13":"purchasable","14":"product-type-simple"},"_links":{"self":[{"href":"https:\/\/legrenierdelatour.be\/brocante\/wp-json\/wp\/v2\/product\/12173","targetHints":{"allow":["GET"]}}],"collection":[{"href":"https:\/\/legrenierdelatour.be\/brocante\/wp-json\/wp\/v2\/product"}],"about":[{"href":"https:\/\/legrenierdelatour.be\/brocante\/wp-json\/wp\/v2\/types\/product"}],"replies":[{"embeddable":true,"href":"https:\/\/legrenierdelatour.be\/brocante\/wp-json\/wp\/v2\/comments?post=12173"}],"wp:featuredmedia":[{"embeddable":true,"href":"https:\/\/legrenierdelatour.be\/brocante\/wp-json\/wp\/v2\/media\/12174"}],"wp:attachment":[{"href":"https:\/\/legrenierdelatour.be\/brocante\/wp-json\/wp\/v2\/media?parent=12173"}],"wp:term":[{"taxonomy":"product_brand","embeddable":true,"href":"https:\/\/legrenierdelatour.be\/brocante\/wp-json\/wp\/v2\/product_brand?post=12173"},{"taxonomy":"product_cat","embeddable":true,"href":"https:\/\/legrenierdelatour.be\/brocante\/wp-json\/wp\/v2\/product_cat?post=12173"},{"taxonomy":"product_tag","embeddable":true,"href":"https:\/\/legrenierdelatour.be\/brocante\/wp-json\/wp\/v2\/product_tag?post=12173"}],"curies":[{"name":"wp","href":"https:\/\/api.w.org\/{rel}","templated":true}]}}