{"id":12172,"date":"2026-02-09T13:08:04","date_gmt":"2026-02-09T12:08:04","guid":{"rendered":"https:\/\/legrenierdelatour.be\/brocante\/?post_type=product&#038;p=12172"},"modified":"2026-02-09T13:08:04","modified_gmt":"2026-02-09T12:08:04","slug":"corbeille-tressee-en-faience-fine-boch-luxembourg-18e-siecle-brindille","status":"publish","type":"product","link":"https:\/\/legrenierdelatour.be\/brocante\/produit\/corbeille-tressee-en-faience-fine-boch-luxembourg-18e-siecle-brindille\/","title":{"rendered":"Corbeille tress\u00e9e en fa\u00efence fine, Boch Luxembourg, 18\u00e8 si\u00e8cle, Brindille"},"content":{"rendered":"<p>Grande corbeille tress\u00e9e \u00e0 aile ajour\u00e9e imitant la vannerie (26 cm de diam\u00e8tre, hauteur 6 cm) portant au centre un d\u00e9cor en cama\u00efeu bleu \u00ab\u00a0\u00e0 la brindille\u00a0\u00bb de type Chantilly. La marque en bleu au revers , LB, \u00e9tait en usage jusqu\u2019en 1786. Il porte \u00e9galement le monogramme du peintre d\u00e9corateur \u00ab S \u00bbCe pannier est en bon \u00e9tat et a pu subir une restauration ancienne .<\/p>\n<div>R\u00e9f 48.34<\/div>\n","protected":false},"excerpt":{"rendered":"<p>Grande corbeille tress\u00e9e \u00e0 aile ajour\u00e9e imitant la vannerie (26 cm de diam\u00e8tre, hauteur 6 cm) portant au centre un d\u00e9cor en cama\u00efeu bleu \u00ab\u00a0\u00e0 la brindille\u00a0\u00bb de type Chantilly. La marque en bleu au revers , LB, \u00e9tait en usage jusqu\u2019en 1786. Il porte \u00e9galement le monogramme du peintre d\u00e9corateur \u00ab S \u00bbCe pannier&hellip;&nbsp;<a href=\"https:\/\/legrenierdelatour.be\/brocante\/produit\/corbeille-tressee-en-faience-fine-boch-luxembourg-18e-siecle-brindille\/\" class=\"\" rel=\"bookmark\">Lire la suite &raquo;<span class=\"screen-reader-text\">Corbeille tress\u00e9e en fa\u00efence fine, Boch Luxembourg, 18\u00e8 si\u00e8cle, Brindille<\/span><\/a><\/p>\n","protected":false},"featured_media":12167,"comment_status":"open","ping_status":"closed","template":"","meta":{"neve_meta_sidebar":"","neve_meta_container":"","neve_meta_enable_content_width":"off","neve_meta_content_width":100,"neve_meta_title_alignment":"","neve_meta_author_avatar":"","neve_post_elements_order":"","neve_meta_disable_header":"","neve_meta_disable_footer":"","neve_meta_disable_title":""},"product_brand":[],"product_cat":[16,165,29],"product_tag":[],"class_list":{"0":"post-12172","1":"product","2":"type-product","3":"status-publish","4":"has-post-thumbnail","6":"product_cat-ceramique","7":"product_cat-luxembourg","8":"product_cat-villeroy-boch","10":"first","11":"instock","12":"shipping-taxable","13":"purchasable","14":"product-type-simple"},"_links":{"self":[{"href":"https:\/\/legrenierdelatour.be\/brocante\/wp-json\/wp\/v2\/product\/12172","targetHints":{"allow":["GET"]}}],"collection":[{"href":"https:\/\/legrenierdelatour.be\/brocante\/wp-json\/wp\/v2\/product"}],"about":[{"href":"https:\/\/legrenierdelatour.be\/brocante\/wp-json\/wp\/v2\/types\/product"}],"replies":[{"embeddable":true,"href":"https:\/\/legrenierdelatour.be\/brocante\/wp-json\/wp\/v2\/comments?post=12172"}],"wp:featuredmedia":[{"embeddable":true,"href":"https:\/\/legrenierdelatour.be\/brocante\/wp-json\/wp\/v2\/media\/12167"}],"wp:attachment":[{"href":"https:\/\/legrenierdelatour.be\/brocante\/wp-json\/wp\/v2\/media?parent=12172"}],"wp:term":[{"taxonomy":"product_brand","embeddable":true,"href":"https:\/\/legrenierdelatour.be\/brocante\/wp-json\/wp\/v2\/product_brand?post=12172"},{"taxonomy":"product_cat","embeddable":true,"href":"https:\/\/legrenierdelatour.be\/brocante\/wp-json\/wp\/v2\/product_cat?post=12172"},{"taxonomy":"product_tag","embeddable":true,"href":"https:\/\/legrenierdelatour.be\/brocante\/wp-json\/wp\/v2\/product_tag?post=12172"}],"curies":[{"name":"wp","href":"https:\/\/api.w.org\/{rel}","templated":true}]}}