{"id":12170,"date":"2026-02-09T12:56:39","date_gmt":"2026-02-09T11:56:39","guid":{"rendered":"https:\/\/legrenierdelatour.be\/brocante\/?post_type=product&#038;p=12170"},"modified":"2026-02-09T12:56:40","modified_gmt":"2026-02-09T11:56:40","slug":"assiette-en-faience-fine-boch-luxembourg-trefle-18e-19e-siecle","status":"publish","type":"product","link":"https:\/\/legrenierdelatour.be\/brocante\/produit\/assiette-en-faience-fine-boch-luxembourg-trefle-18e-19e-siecle\/","title":{"rendered":"Assiette en fa\u00efence fine, Boch Luxembourg, tr\u00e8fle, 18\u00e8-19\u00e8 si\u00e8cle"},"content":{"rendered":"<p>Assiette en fa\u00efence fine (22,5 cm de diam\u00e8tre), \u00e0 bord moulur\u00e9 et chantourn\u00e9 \u00e0 6 lobes. La bordure porte un d\u00e9cor denticul\u00e9 bleu, et le d\u00e9cor central est en cama\u00efeu bleu, \u00e0 la feuille de tr\u00e8fle. L\u2019assiette n\u2019a pas de talon. Cette assiette porte au revers la marque en creux LB datant de 1787-1812 , ainsi que en creux \u00ab\u00a020\u00a0\u00bb et le monogramme peint en bleu du peintre d\u00e9corateur \u00ab R \u00bb.<\/p>\n<div>R\u00e9f 48.32<\/div>\n","protected":false},"excerpt":{"rendered":"<p>Assiette en fa\u00efence fine (22,5 cm de diam\u00e8tre), \u00e0 bord moulur\u00e9 et chantourn\u00e9 \u00e0 6 lobes. La bordure porte un d\u00e9cor denticul\u00e9 bleu, et le d\u00e9cor central est en cama\u00efeu bleu, \u00e0 la feuille de tr\u00e8fle. L\u2019assiette n\u2019a pas de talon. Cette assiette porte au revers la marque en creux LB datant de 1787-1812 ,&hellip;&nbsp;<a href=\"https:\/\/legrenierdelatour.be\/brocante\/produit\/assiette-en-faience-fine-boch-luxembourg-trefle-18e-19e-siecle\/\" class=\"\" rel=\"bookmark\">Lire la suite &raquo;<span class=\"screen-reader-text\">Assiette en fa\u00efence fine, Boch Luxembourg, tr\u00e8fle, 18\u00e8-19\u00e8 si\u00e8cle<\/span><\/a><\/p>\n","protected":false},"featured_media":12159,"comment_status":"open","ping_status":"closed","template":"","meta":{"neve_meta_sidebar":"","neve_meta_container":"","neve_meta_enable_content_width":"off","neve_meta_content_width":100,"neve_meta_title_alignment":"","neve_meta_author_avatar":"","neve_post_elements_order":"","neve_meta_disable_header":"","neve_meta_disable_footer":"","neve_meta_disable_title":""},"product_brand":[],"product_cat":[16,165,29],"product_tag":[],"class_list":{"0":"post-12170","1":"product","2":"type-product","3":"status-publish","4":"has-post-thumbnail","6":"product_cat-ceramique","7":"product_cat-luxembourg","8":"product_cat-villeroy-boch","10":"first","11":"instock","12":"shipping-taxable","13":"purchasable","14":"product-type-simple"},"_links":{"self":[{"href":"https:\/\/legrenierdelatour.be\/brocante\/wp-json\/wp\/v2\/product\/12170","targetHints":{"allow":["GET"]}}],"collection":[{"href":"https:\/\/legrenierdelatour.be\/brocante\/wp-json\/wp\/v2\/product"}],"about":[{"href":"https:\/\/legrenierdelatour.be\/brocante\/wp-json\/wp\/v2\/types\/product"}],"replies":[{"embeddable":true,"href":"https:\/\/legrenierdelatour.be\/brocante\/wp-json\/wp\/v2\/comments?post=12170"}],"wp:featuredmedia":[{"embeddable":true,"href":"https:\/\/legrenierdelatour.be\/brocante\/wp-json\/wp\/v2\/media\/12159"}],"wp:attachment":[{"href":"https:\/\/legrenierdelatour.be\/brocante\/wp-json\/wp\/v2\/media?parent=12170"}],"wp:term":[{"taxonomy":"product_brand","embeddable":true,"href":"https:\/\/legrenierdelatour.be\/brocante\/wp-json\/wp\/v2\/product_brand?post=12170"},{"taxonomy":"product_cat","embeddable":true,"href":"https:\/\/legrenierdelatour.be\/brocante\/wp-json\/wp\/v2\/product_cat?post=12170"},{"taxonomy":"product_tag","embeddable":true,"href":"https:\/\/legrenierdelatour.be\/brocante\/wp-json\/wp\/v2\/product_tag?post=12170"}],"curies":[{"name":"wp","href":"https:\/\/api.w.org\/{rel}","templated":true}]}}