{"id":12140,"date":"2026-01-25T14:57:22","date_gmt":"2026-01-25T13:57:22","guid":{"rendered":"https:\/\/legrenierdelatour.be\/brocante\/?post_type=product&#038;p=12140"},"modified":"2026-01-25T14:57:23","modified_gmt":"2026-01-25T13:57:23","slug":"nd-de-luxembourg-emaischen-1966-leon-nosbusch","status":"publish","type":"product","link":"https:\/\/legrenierdelatour.be\/brocante\/produit\/nd-de-luxembourg-emaischen-1966-leon-nosbusch\/","title":{"rendered":"ND de Luxembourg, Emaischen 1966, L\u00e9on Nosbusch"},"content":{"rendered":"<p>ND de Luxembourg en c\u00e9ramique (24 cm de haut) \u00e9dit\u00e9e \u00e0 l\u2019occasion de l\u2019Emaischen en 1966. Elle est sign\u00e9e dessous L.N. pour L\u00e9on Nosbusch (1897-1979), un sculpteur et peintre luxembourgeois, entre autres directeur d\u2019une fabrique de porcelaine \u00e0 Bruxelles. Il a obtenu le Prix Grand-Duc adolphe en 1929. Elle est en tr\u00e8s bon \u00e9tat.<\/p>\n<div>R\u00e9f 48.27<\/div>\n","protected":false},"excerpt":{"rendered":"<p>ND de Luxembourg en c\u00e9ramique (24 cm de haut) \u00e9dit\u00e9e \u00e0 l\u2019occasion de l\u2019Emaischen en 1966. Elle est sign\u00e9e dessous L.N. pour L\u00e9on Nosbusch (1897-1979), un sculpteur et peintre luxembourgeois, entre autres directeur d\u2019une fabrique de porcelaine \u00e0 Bruxelles. Il a obtenu le Prix Grand-Duc adolphe en 1929. Elle est en tr\u00e8s bon \u00e9tat. R\u00e9f&hellip;&nbsp;<a href=\"https:\/\/legrenierdelatour.be\/brocante\/produit\/nd-de-luxembourg-emaischen-1966-leon-nosbusch\/\" class=\"\" rel=\"bookmark\">Lire la suite &raquo;<span class=\"screen-reader-text\">ND de Luxembourg, Emaischen 1966, L\u00e9on Nosbusch<\/span><\/a><\/p>\n","protected":false},"featured_media":12130,"comment_status":"open","ping_status":"closed","template":"","meta":{"neve_meta_sidebar":"","neve_meta_container":"","neve_meta_enable_content_width":"off","neve_meta_content_width":100,"neve_meta_title_alignment":"","neve_meta_author_avatar":"","neve_post_elements_order":"","neve_meta_disable_header":"","neve_meta_disable_footer":"","neve_meta_disable_title":""},"product_brand":[],"product_cat":[16,165,30,166,167],"product_tag":[],"class_list":{"0":"post-12140","1":"product","2":"type-product","3":"status-publish","4":"has-post-thumbnail","6":"product_cat-ceramique","7":"product_cat-luxembourg","8":"product_cat-luxemburgensia","9":"product_cat-luxemburgensia-luxemburgensia","10":"product_cat-peintures-et-sculptures","12":"first","13":"instock","14":"shipping-taxable","15":"purchasable","16":"product-type-simple"},"_links":{"self":[{"href":"https:\/\/legrenierdelatour.be\/brocante\/wp-json\/wp\/v2\/product\/12140","targetHints":{"allow":["GET"]}}],"collection":[{"href":"https:\/\/legrenierdelatour.be\/brocante\/wp-json\/wp\/v2\/product"}],"about":[{"href":"https:\/\/legrenierdelatour.be\/brocante\/wp-json\/wp\/v2\/types\/product"}],"replies":[{"embeddable":true,"href":"https:\/\/legrenierdelatour.be\/brocante\/wp-json\/wp\/v2\/comments?post=12140"}],"wp:featuredmedia":[{"embeddable":true,"href":"https:\/\/legrenierdelatour.be\/brocante\/wp-json\/wp\/v2\/media\/12130"}],"wp:attachment":[{"href":"https:\/\/legrenierdelatour.be\/brocante\/wp-json\/wp\/v2\/media?parent=12140"}],"wp:term":[{"taxonomy":"product_brand","embeddable":true,"href":"https:\/\/legrenierdelatour.be\/brocante\/wp-json\/wp\/v2\/product_brand?post=12140"},{"taxonomy":"product_cat","embeddable":true,"href":"https:\/\/legrenierdelatour.be\/brocante\/wp-json\/wp\/v2\/product_cat?post=12140"},{"taxonomy":"product_tag","embeddable":true,"href":"https:\/\/legrenierdelatour.be\/brocante\/wp-json\/wp\/v2\/product_tag?post=12140"}],"curies":[{"name":"wp","href":"https:\/\/api.w.org\/{rel}","templated":true}]}}