{"id":12123,"date":"2026-01-24T17:37:57","date_gmt":"2026-01-24T16:37:57","guid":{"rendered":"https:\/\/legrenierdelatour.be\/brocante\/?post_type=product&#038;p=12123"},"modified":"2026-01-24T17:37:57","modified_gmt":"2026-01-24T16:37:57","slug":"gravure-saint-quirin-a-luxembourg-geo-fosty","status":"publish","type":"product","link":"https:\/\/legrenierdelatour.be\/brocante\/produit\/gravure-saint-quirin-a-luxembourg-geo-fosty\/","title":{"rendered":"Gravure \u00ab\u00a0Saint Quirin \u00e0 Luxembourg\u00a0\u00bb, G\u00e9o Fosty"},"content":{"rendered":"<p>Gravure (53&#215;40 cm cadre compris) de la Chapelle St Quirin \u00e0 Luxembourg, sign\u00e9e de la main de l\u2019artiste en bas \u00e0 droite ainsi que num\u00e9rot\u00e9e 12\/200.\u00a0G\u00e9o Fosty (Arlon 1913- 2002) a fait ses \u00e9tudes \u00e0 l&rsquo;Acad\u00e9mie des Beaux-arts de Bruxelles, d&rsquo;o\u00f9 il sortit en 1934.\u00a0Il se lance alors dans le dessin humoristique et la caricature et ira m\u00eame jusqu&rsquo;\u00e0 repr\u00e9senter Staline et Hitler en fr\u00e8res Siamois.\u00a0C&rsquo;est en 1939 qu&rsquo;il entre comme professeur de dessin \u00e0 l&rsquo;Ath\u00e9n\u00e9e Royal d\u2019Arlon, o\u00f9 il enseignera jusqu\u2019en 1972.\u00a0En mai 1940, il a particip\u00e9 \u00e0 la campagne des 18 jours, puis a \u00e9t\u00e9 retenu prisonnier de guerre, o\u00f9 il fut autoris\u00e9 \u00e0 dessiner, d&rsquo;abord quelques croquis sur des carnets, puis des dessins plus travaill\u00e9s.\u00a0\u00c0 c\u00f4t\u00e9 de cela, il produit de nombreux dessins et aquarelles, excelle dans l&rsquo;art de l&rsquo;eau-forte et de la pointe s\u00e8che. Son sujet de pr\u00e9dilection : les paysages du Luxembourg, les beaux paysages d&rsquo;Arlon et des alentours.<\/p>\n<div>R\u00e9f 48.23<\/div>\n","protected":false},"excerpt":{"rendered":"<p>Gravure (53&#215;40 cm cadre compris) de la Chapelle St Quirin \u00e0 Luxembourg, sign\u00e9e de la main de l\u2019artiste en bas \u00e0 droite ainsi que num\u00e9rot\u00e9e 12\/200.\u00a0G\u00e9o Fosty (Arlon 1913- 2002) a fait ses \u00e9tudes \u00e0 l&rsquo;Acad\u00e9mie des Beaux-arts de Bruxelles, d&rsquo;o\u00f9 il sortit en 1934.\u00a0Il se lance alors dans le dessin humoristique et la caricature&hellip;&nbsp;<a href=\"https:\/\/legrenierdelatour.be\/brocante\/produit\/gravure-saint-quirin-a-luxembourg-geo-fosty\/\" class=\"\" rel=\"bookmark\">Lire la suite &raquo;<span class=\"screen-reader-text\">Gravure \u00ab\u00a0Saint Quirin \u00e0 Luxembourg\u00a0\u00bb, G\u00e9o Fosty<\/span><\/a><\/p>\n","protected":false},"featured_media":12105,"comment_status":"open","ping_status":"closed","template":"","meta":{"neve_meta_sidebar":"","neve_meta_container":"","neve_meta_enable_content_width":"off","neve_meta_content_width":100,"neve_meta_title_alignment":"","neve_meta_author_avatar":"","neve_post_elements_order":"","neve_meta_disable_header":"","neve_meta_disable_footer":"","neve_meta_disable_title":""},"product_brand":[],"product_cat":[31,167],"product_tag":[],"class_list":{"0":"post-12123","1":"product","2":"type-product","3":"status-publish","4":"has-post-thumbnail","6":"product_cat-pays-darlon","7":"product_cat-peintures-et-sculptures","9":"first","10":"instock","11":"shipping-taxable","12":"purchasable","13":"product-type-simple"},"_links":{"self":[{"href":"https:\/\/legrenierdelatour.be\/brocante\/wp-json\/wp\/v2\/product\/12123","targetHints":{"allow":["GET"]}}],"collection":[{"href":"https:\/\/legrenierdelatour.be\/brocante\/wp-json\/wp\/v2\/product"}],"about":[{"href":"https:\/\/legrenierdelatour.be\/brocante\/wp-json\/wp\/v2\/types\/product"}],"replies":[{"embeddable":true,"href":"https:\/\/legrenierdelatour.be\/brocante\/wp-json\/wp\/v2\/comments?post=12123"}],"wp:featuredmedia":[{"embeddable":true,"href":"https:\/\/legrenierdelatour.be\/brocante\/wp-json\/wp\/v2\/media\/12105"}],"wp:attachment":[{"href":"https:\/\/legrenierdelatour.be\/brocante\/wp-json\/wp\/v2\/media?parent=12123"}],"wp:term":[{"taxonomy":"product_brand","embeddable":true,"href":"https:\/\/legrenierdelatour.be\/brocante\/wp-json\/wp\/v2\/product_brand?post=12123"},{"taxonomy":"product_cat","embeddable":true,"href":"https:\/\/legrenierdelatour.be\/brocante\/wp-json\/wp\/v2\/product_cat?post=12123"},{"taxonomy":"product_tag","embeddable":true,"href":"https:\/\/legrenierdelatour.be\/brocante\/wp-json\/wp\/v2\/product_tag?post=12123"}],"curies":[{"name":"wp","href":"https:\/\/api.w.org\/{rel}","templated":true}]}}