{"id":12120,"date":"2026-01-24T16:18:10","date_gmt":"2026-01-24T15:18:10","guid":{"rendered":"https:\/\/legrenierdelatour.be\/brocante\/?post_type=product&#038;p=12120"},"modified":"2026-01-24T16:18:11","modified_gmt":"2026-01-24T15:18:11","slug":"peinture-eglise-de-colpach-jules-pirotte","status":"publish","type":"product","link":"https:\/\/legrenierdelatour.be\/brocante\/produit\/peinture-eglise-de-colpach-jules-pirotte\/","title":{"rendered":"Peinture Eglise de Colpach, Jules Pirotte"},"content":{"rendered":"<p>Belle peinture (46x54cm cadre compris) repr\u00e9sentant l\u2019\u00e9glise de Colpach, r\u00e9alis\u00e9e par Jules Pirotte (Sainte-C\u00e9cile 1922 &#8211; Attert 2009) qui vivait et travaillait \u00e0 Arlon. La peinture est sign\u00e9e en bas \u00e0 gauche. Elle est \u00e9galement contre-dat\u00e9e de 1978.<\/p>\n<div>R\u00e9f 48.20<\/div>\n","protected":false},"excerpt":{"rendered":"<p>Belle peinture (46x54cm cadre compris) repr\u00e9sentant l\u2019\u00e9glise de Colpach, r\u00e9alis\u00e9e par Jules Pirotte (Sainte-C\u00e9cile 1922 &#8211; Attert 2009) qui vivait et travaillait \u00e0 Arlon. La peinture est sign\u00e9e en bas \u00e0 gauche. Elle est \u00e9galement contre-dat\u00e9e de 1978. R\u00e9f 48.20<\/p>\n","protected":false},"featured_media":12093,"comment_status":"open","ping_status":"closed","template":"","meta":{"neve_meta_sidebar":"","neve_meta_container":"","neve_meta_enable_content_width":"off","neve_meta_content_width":100,"neve_meta_title_alignment":"","neve_meta_author_avatar":"","neve_post_elements_order":"","neve_meta_disable_header":"","neve_meta_disable_footer":"","neve_meta_disable_title":""},"product_brand":[],"product_cat":[166,31,167],"product_tag":[],"class_list":{"0":"post-12120","1":"product","2":"type-product","3":"status-publish","4":"has-post-thumbnail","6":"product_cat-luxemburgensia-luxemburgensia","7":"product_cat-pays-darlon","8":"product_cat-peintures-et-sculptures","10":"first","11":"instock","12":"shipping-taxable","13":"purchasable","14":"product-type-simple"},"_links":{"self":[{"href":"https:\/\/legrenierdelatour.be\/brocante\/wp-json\/wp\/v2\/product\/12120","targetHints":{"allow":["GET"]}}],"collection":[{"href":"https:\/\/legrenierdelatour.be\/brocante\/wp-json\/wp\/v2\/product"}],"about":[{"href":"https:\/\/legrenierdelatour.be\/brocante\/wp-json\/wp\/v2\/types\/product"}],"replies":[{"embeddable":true,"href":"https:\/\/legrenierdelatour.be\/brocante\/wp-json\/wp\/v2\/comments?post=12120"}],"wp:featuredmedia":[{"embeddable":true,"href":"https:\/\/legrenierdelatour.be\/brocante\/wp-json\/wp\/v2\/media\/12093"}],"wp:attachment":[{"href":"https:\/\/legrenierdelatour.be\/brocante\/wp-json\/wp\/v2\/media?parent=12120"}],"wp:term":[{"taxonomy":"product_brand","embeddable":true,"href":"https:\/\/legrenierdelatour.be\/brocante\/wp-json\/wp\/v2\/product_brand?post=12120"},{"taxonomy":"product_cat","embeddable":true,"href":"https:\/\/legrenierdelatour.be\/brocante\/wp-json\/wp\/v2\/product_cat?post=12120"},{"taxonomy":"product_tag","embeddable":true,"href":"https:\/\/legrenierdelatour.be\/brocante\/wp-json\/wp\/v2\/product_tag?post=12120"}],"curies":[{"name":"wp","href":"https:\/\/api.w.org\/{rel}","templated":true}]}}