{"id":1209,"date":"2022-04-05T18:07:40","date_gmt":"2022-04-05T16:07:40","guid":{"rendered":"https:\/\/legrenierdelatour.be\/brocante\/?post_type=product&#038;p=1209"},"modified":"2022-05-19T15:39:25","modified_gmt":"2022-05-19T13:39:25","slug":"plat-en-verre-rose-moule-pavillons","status":"publish","type":"product","link":"https:\/\/legrenierdelatour.be\/brocante\/produit\/plat-en-verre-rose-moule-pavillons\/","title":{"rendered":"Plat en verre rose moul\u00e9 \u00ab\u00a0Pavillons\u00a0\u00bb"},"content":{"rendered":"<p>Plat en verre rose moul\u00e9 press\u00e9 (14,5 cm diam\u00e8tre), produit par la cristallerie de Manage\/Pavillons (1922-1954) (\u00ab\u00a0Made in Belgium\u00a0\u00bb et \u00ab\u00a0Pavillons\u00a0\u00bb en relief). Ce joli plat est en bon \u00e9tat g\u00e9n\u00e9ral. Il est de la m\u00eame collection que l\u2019article R\u00e9f 9.40.<\/p>\n<div>R\u00e9f 8.51<\/div>\n","protected":false},"excerpt":{"rendered":"<p>Plat en verre rose moul\u00e9 press\u00e9 (14,5 cm diam\u00e8tre), produit par la cristallerie de Manage\/Pavillons (1922-1954) (\u00ab\u00a0Made in Belgium\u00a0\u00bb et \u00ab\u00a0Pavillons\u00a0\u00bb en relief). Ce joli plat est en bon \u00e9tat g\u00e9n\u00e9ral. Il est de la m\u00eame collection que l\u2019article R\u00e9f 9.40. R\u00e9f 8.51<\/p>\n","protected":false},"featured_media":1210,"comment_status":"open","ping_status":"closed","template":"","meta":{"neve_meta_sidebar":"","neve_meta_container":"","neve_meta_enable_content_width":"off","neve_meta_content_width":100,"neve_meta_title_alignment":"","neve_meta_author_avatar":"","neve_post_elements_order":"","neve_meta_disable_header":"","neve_meta_disable_footer":"","neve_meta_disable_title":""},"product_brand":[],"product_cat":[172,72,162,22],"product_tag":[40,73],"class_list":{"0":"post-1209","1":"product","2":"type-product","3":"status-publish","4":"has-post-thumbnail","6":"product_cat-en-cuisine","7":"product_cat-pavillons","8":"product_cat-productions-belges","9":"product_cat-verrerie","10":"product_tag-belgique","11":"product_tag-pavillons","13":"first","14":"instock","15":"shipping-taxable","16":"purchasable","17":"product-type-simple"},"_links":{"self":[{"href":"https:\/\/legrenierdelatour.be\/brocante\/wp-json\/wp\/v2\/product\/1209","targetHints":{"allow":["GET"]}}],"collection":[{"href":"https:\/\/legrenierdelatour.be\/brocante\/wp-json\/wp\/v2\/product"}],"about":[{"href":"https:\/\/legrenierdelatour.be\/brocante\/wp-json\/wp\/v2\/types\/product"}],"replies":[{"embeddable":true,"href":"https:\/\/legrenierdelatour.be\/brocante\/wp-json\/wp\/v2\/comments?post=1209"}],"wp:featuredmedia":[{"embeddable":true,"href":"https:\/\/legrenierdelatour.be\/brocante\/wp-json\/wp\/v2\/media\/1210"}],"wp:attachment":[{"href":"https:\/\/legrenierdelatour.be\/brocante\/wp-json\/wp\/v2\/media?parent=1209"}],"wp:term":[{"taxonomy":"product_brand","embeddable":true,"href":"https:\/\/legrenierdelatour.be\/brocante\/wp-json\/wp\/v2\/product_brand?post=1209"},{"taxonomy":"product_cat","embeddable":true,"href":"https:\/\/legrenierdelatour.be\/brocante\/wp-json\/wp\/v2\/product_cat?post=1209"},{"taxonomy":"product_tag","embeddable":true,"href":"https:\/\/legrenierdelatour.be\/brocante\/wp-json\/wp\/v2\/product_tag?post=1209"}],"curies":[{"name":"wp","href":"https:\/\/api.w.org\/{rel}","templated":true}]}}