{"id":12083,"date":"2026-01-24T13:25:27","date_gmt":"2026-01-24T12:25:27","guid":{"rendered":"https:\/\/legrenierdelatour.be\/brocante\/?post_type=product&#038;p=12083"},"modified":"2026-01-24T13:25:27","modified_gmt":"2026-01-24T12:25:27","slug":"bonbonniere-250-ans-de-villeroy-et-boch-luxembourg","status":"publish","type":"product","link":"https:\/\/legrenierdelatour.be\/brocante\/produit\/bonbonniere-250-ans-de-villeroy-et-boch-luxembourg\/","title":{"rendered":"Bonbonni\u00e8re 250 ans de Villeroy et Boch Luxembourg"},"content":{"rendered":"<p>Belle petite bonbonni\u00e8re (7 cm de diam\u00e8tre) \u00e9dit\u00e9e \u00e0 l\u2019occasion des 250 ans de Villeroy et Boch, produite par Villeroy &amp; Boch en 1998. Elle est en parfait \u00e9tat.<\/p>\n<div>R\u00e9f 48.17<\/div>\n","protected":false},"excerpt":{"rendered":"<p>Belle petite bonbonni\u00e8re (7 cm de diam\u00e8tre) \u00e9dit\u00e9e \u00e0 l\u2019occasion des 250 ans de Villeroy et Boch, produite par Villeroy &amp; Boch en 1998. Elle est en parfait \u00e9tat. R\u00e9f 48.17<\/p>\n","protected":false},"featured_media":12084,"comment_status":"open","ping_status":"closed","template":"","meta":{"neve_meta_sidebar":"","neve_meta_container":"","neve_meta_enable_content_width":"off","neve_meta_content_width":100,"neve_meta_title_alignment":"","neve_meta_author_avatar":"","neve_post_elements_order":"","neve_meta_disable_header":"","neve_meta_disable_footer":"","neve_meta_disable_title":""},"product_brand":[],"product_cat":[16,165,30,166,173,29],"product_tag":[],"class_list":{"0":"post-12083","1":"product","2":"type-product","3":"status-publish","4":"has-post-thumbnail","6":"product_cat-ceramique","7":"product_cat-luxembourg","8":"product_cat-luxemburgensia","9":"product_cat-luxemburgensia-luxemburgensia","10":"product_cat-objets-de-publicite","11":"product_cat-villeroy-boch","13":"first","14":"instock","15":"shipping-taxable","16":"purchasable","17":"product-type-simple"},"_links":{"self":[{"href":"https:\/\/legrenierdelatour.be\/brocante\/wp-json\/wp\/v2\/product\/12083","targetHints":{"allow":["GET"]}}],"collection":[{"href":"https:\/\/legrenierdelatour.be\/brocante\/wp-json\/wp\/v2\/product"}],"about":[{"href":"https:\/\/legrenierdelatour.be\/brocante\/wp-json\/wp\/v2\/types\/product"}],"replies":[{"embeddable":true,"href":"https:\/\/legrenierdelatour.be\/brocante\/wp-json\/wp\/v2\/comments?post=12083"}],"wp:featuredmedia":[{"embeddable":true,"href":"https:\/\/legrenierdelatour.be\/brocante\/wp-json\/wp\/v2\/media\/12084"}],"wp:attachment":[{"href":"https:\/\/legrenierdelatour.be\/brocante\/wp-json\/wp\/v2\/media?parent=12083"}],"wp:term":[{"taxonomy":"product_brand","embeddable":true,"href":"https:\/\/legrenierdelatour.be\/brocante\/wp-json\/wp\/v2\/product_brand?post=12083"},{"taxonomy":"product_cat","embeddable":true,"href":"https:\/\/legrenierdelatour.be\/brocante\/wp-json\/wp\/v2\/product_cat?post=12083"},{"taxonomy":"product_tag","embeddable":true,"href":"https:\/\/legrenierdelatour.be\/brocante\/wp-json\/wp\/v2\/product_tag?post=12083"}],"curies":[{"name":"wp","href":"https:\/\/api.w.org\/{rel}","templated":true}]}}