{"id":12082,"date":"2026-01-16T18:50:49","date_gmt":"2026-01-16T17:50:49","guid":{"rendered":"https:\/\/legrenierdelatour.be\/brocante\/?post_type=product&#038;p=12082"},"modified":"2026-01-16T18:50:49","modified_gmt":"2026-01-16T17:50:49","slug":"vierge-a-lenfant-sous-globe-19e-siecle","status":"publish","type":"product","link":"https:\/\/legrenierdelatour.be\/brocante\/produit\/vierge-a-lenfant-sous-globe-19e-siecle\/","title":{"rendered":"Vierge \u00e0 l&rsquo;Enfant sous globe, 19\u00e8 si\u00e8cle"},"content":{"rendered":"<p>Globe en verre sur socle en bois (38 cm de haut), contenant une Vierge \u00e0 l\u2019Enfant en cire, par\u00e9e d\u2019habits en dentelle. Ces objets de d\u00e9votion \u00e9taient tr\u00e8s populaires \u00e0 la fin du 19\u00e8 si\u00e8cle.<\/p>\n<div>R\u00e9f 48.16<\/div>\n","protected":false},"excerpt":{"rendered":"<p>Globe en verre sur socle en bois (38 cm de haut), contenant une Vierge \u00e0 l\u2019Enfant en cire, par\u00e9e d\u2019habits en dentelle. Ces objets de d\u00e9votion \u00e9taient tr\u00e8s populaires \u00e0 la fin du 19\u00e8 si\u00e8cle. R\u00e9f 48.16<\/p>\n","protected":false},"featured_media":12057,"comment_status":"open","ping_status":"closed","template":"","meta":{"neve_meta_sidebar":"","neve_meta_container":"","neve_meta_enable_content_width":"off","neve_meta_content_width":100,"neve_meta_title_alignment":"","neve_meta_author_avatar":"","neve_post_elements_order":"","neve_meta_disable_header":"","neve_meta_disable_footer":"","neve_meta_disable_title":""},"product_brand":[],"product_cat":[34],"product_tag":[],"class_list":{"0":"post-12082","1":"product","2":"type-product","3":"status-publish","4":"has-post-thumbnail","6":"product_cat-religiosa","8":"first","9":"instock","10":"shipping-taxable","11":"purchasable","12":"product-type-simple"},"_links":{"self":[{"href":"https:\/\/legrenierdelatour.be\/brocante\/wp-json\/wp\/v2\/product\/12082","targetHints":{"allow":["GET"]}}],"collection":[{"href":"https:\/\/legrenierdelatour.be\/brocante\/wp-json\/wp\/v2\/product"}],"about":[{"href":"https:\/\/legrenierdelatour.be\/brocante\/wp-json\/wp\/v2\/types\/product"}],"replies":[{"embeddable":true,"href":"https:\/\/legrenierdelatour.be\/brocante\/wp-json\/wp\/v2\/comments?post=12082"}],"wp:featuredmedia":[{"embeddable":true,"href":"https:\/\/legrenierdelatour.be\/brocante\/wp-json\/wp\/v2\/media\/12057"}],"wp:attachment":[{"href":"https:\/\/legrenierdelatour.be\/brocante\/wp-json\/wp\/v2\/media?parent=12082"}],"wp:term":[{"taxonomy":"product_brand","embeddable":true,"href":"https:\/\/legrenierdelatour.be\/brocante\/wp-json\/wp\/v2\/product_brand?post=12082"},{"taxonomy":"product_cat","embeddable":true,"href":"https:\/\/legrenierdelatour.be\/brocante\/wp-json\/wp\/v2\/product_cat?post=12082"},{"taxonomy":"product_tag","embeddable":true,"href":"https:\/\/legrenierdelatour.be\/brocante\/wp-json\/wp\/v2\/product_tag?post=12082"}],"curies":[{"name":"wp","href":"https:\/\/api.w.org\/{rel}","templated":true}]}}