{"id":12081,"date":"2026-01-16T18:37:44","date_gmt":"2026-01-16T17:37:44","guid":{"rendered":"https:\/\/legrenierdelatour.be\/brocante\/?post_type=product&#038;p=12081"},"modified":"2026-01-16T18:38:13","modified_gmt":"2026-01-16T17:38:13","slug":"drageoir-en-cristal-grave","status":"publish","type":"product","link":"https:\/\/legrenierdelatour.be\/brocante\/produit\/drageoir-en-cristal-grave\/","title":{"rendered":"Drageoir en cristal grav\u00e9"},"content":{"rendered":"<p>Grand drageoir en cristal (16 cm de diam\u00e8tre) portant des gravures \u00e0 l\u2019acide sur le bol et sur le couvercle. Ce type d\u2019objet date souvent de la fin du 19\u00e8-d\u00e9but du 20\u00e8 si\u00e8cle. Il s\u2019agit probablement d\u2019une production fran\u00e7aise. Ce drageoir est en parfait \u00e9tat.<\/p>\n<div>R\u00e9f 48.15<\/div>\n","protected":false},"excerpt":{"rendered":"<p>Grand drageoir en cristal (16 cm de diam\u00e8tre) portant des gravures \u00e0 l\u2019acide sur le bol et sur le couvercle. Ce type d\u2019objet date souvent de la fin du 19\u00e8-d\u00e9but du 20\u00e8 si\u00e8cle. Il s\u2019agit probablement d\u2019une production fran\u00e7aise. Ce drageoir est en parfait \u00e9tat. R\u00e9f 48.15<\/p>\n","protected":false},"featured_media":12066,"comment_status":"open","ping_status":"closed","template":"","meta":{"neve_meta_sidebar":"","neve_meta_container":"","neve_meta_enable_content_width":"off","neve_meta_content_width":100,"neve_meta_title_alignment":"","neve_meta_author_avatar":"","neve_post_elements_order":"","neve_meta_disable_header":"","neve_meta_disable_footer":"","neve_meta_disable_title":""},"product_brand":[],"product_cat":[163,22],"product_tag":[],"class_list":{"0":"post-12081","1":"product","2":"type-product","3":"status-publish","4":"has-post-thumbnail","6":"product_cat-productions-francaises","7":"product_cat-verrerie","9":"first","10":"instock","11":"shipping-taxable","12":"purchasable","13":"product-type-simple"},"_links":{"self":[{"href":"https:\/\/legrenierdelatour.be\/brocante\/wp-json\/wp\/v2\/product\/12081","targetHints":{"allow":["GET"]}}],"collection":[{"href":"https:\/\/legrenierdelatour.be\/brocante\/wp-json\/wp\/v2\/product"}],"about":[{"href":"https:\/\/legrenierdelatour.be\/brocante\/wp-json\/wp\/v2\/types\/product"}],"replies":[{"embeddable":true,"href":"https:\/\/legrenierdelatour.be\/brocante\/wp-json\/wp\/v2\/comments?post=12081"}],"wp:featuredmedia":[{"embeddable":true,"href":"https:\/\/legrenierdelatour.be\/brocante\/wp-json\/wp\/v2\/media\/12066"}],"wp:attachment":[{"href":"https:\/\/legrenierdelatour.be\/brocante\/wp-json\/wp\/v2\/media?parent=12081"}],"wp:term":[{"taxonomy":"product_brand","embeddable":true,"href":"https:\/\/legrenierdelatour.be\/brocante\/wp-json\/wp\/v2\/product_brand?post=12081"},{"taxonomy":"product_cat","embeddable":true,"href":"https:\/\/legrenierdelatour.be\/brocante\/wp-json\/wp\/v2\/product_cat?post=12081"},{"taxonomy":"product_tag","embeddable":true,"href":"https:\/\/legrenierdelatour.be\/brocante\/wp-json\/wp\/v2\/product_tag?post=12081"}],"curies":[{"name":"wp","href":"https:\/\/api.w.org\/{rel}","templated":true}]}}