{"id":12078,"date":"2026-01-16T18:01:11","date_gmt":"2026-01-16T17:01:11","guid":{"rendered":"https:\/\/legrenierdelatour.be\/brocante\/?post_type=product&#038;p=12078"},"modified":"2026-01-16T18:01:11","modified_gmt":"2026-01-16T17:01:11","slug":"gobelet-damitie-en-cristal-de-boheme","status":"publish","type":"product","link":"https:\/\/legrenierdelatour.be\/brocante\/produit\/gobelet-damitie-en-cristal-de-boheme\/","title":{"rendered":"Gobelet d&rsquo;amiti\u00e9 en cristal de Boh\u00e8me"},"content":{"rendered":"<p>Tr\u00e8s beau petit vase ou gobelet festonn\u00e9 (14 cm de haut) en cristal taill\u00e9 et d\u00e9gag\u00e9 \u00e0 l\u2019acide, de couleur Bourdeau. Il s\u2019agit d\u2019une production tch\u00e8que. Applel\u00e9 aussi \u00ab\u00a0Gobelet d\u2019amiti\u00e9\u00a0\u00bb, il \u00e9tait offert en guise d\u2019amiti\u00e9. Il date sans doute de la moiti\u00e9 du XX\u00e8 si\u00e8cle.<\/p>\n<div>R\u00e9f 48.12<\/div>\n","protected":false},"excerpt":{"rendered":"<p>Tr\u00e8s beau petit vase ou gobelet festonn\u00e9 (14 cm de haut) en cristal taill\u00e9 et d\u00e9gag\u00e9 \u00e0 l\u2019acide, de couleur Bourdeau. Il s\u2019agit d\u2019une production tch\u00e8que. Applel\u00e9 aussi \u00ab\u00a0Gobelet d\u2019amiti\u00e9\u00a0\u00bb, il \u00e9tait offert en guise d\u2019amiti\u00e9. Il date sans doute de la moiti\u00e9 du XX\u00e8 si\u00e8cle. R\u00e9f 48.12<\/p>\n","protected":false},"featured_media":12063,"comment_status":"open","ping_status":"closed","template":"","meta":{"neve_meta_sidebar":"","neve_meta_container":"","neve_meta_enable_content_width":"off","neve_meta_content_width":100,"neve_meta_title_alignment":"","neve_meta_author_avatar":"","neve_post_elements_order":"","neve_meta_disable_header":"","neve_meta_disable_footer":"","neve_meta_disable_title":""},"product_brand":[],"product_cat":[22],"product_tag":[],"class_list":{"0":"post-12078","1":"product","2":"type-product","3":"status-publish","4":"has-post-thumbnail","6":"product_cat-verrerie","8":"first","9":"instock","10":"shipping-taxable","11":"purchasable","12":"product-type-simple"},"_links":{"self":[{"href":"https:\/\/legrenierdelatour.be\/brocante\/wp-json\/wp\/v2\/product\/12078","targetHints":{"allow":["GET"]}}],"collection":[{"href":"https:\/\/legrenierdelatour.be\/brocante\/wp-json\/wp\/v2\/product"}],"about":[{"href":"https:\/\/legrenierdelatour.be\/brocante\/wp-json\/wp\/v2\/types\/product"}],"replies":[{"embeddable":true,"href":"https:\/\/legrenierdelatour.be\/brocante\/wp-json\/wp\/v2\/comments?post=12078"}],"wp:featuredmedia":[{"embeddable":true,"href":"https:\/\/legrenierdelatour.be\/brocante\/wp-json\/wp\/v2\/media\/12063"}],"wp:attachment":[{"href":"https:\/\/legrenierdelatour.be\/brocante\/wp-json\/wp\/v2\/media?parent=12078"}],"wp:term":[{"taxonomy":"product_brand","embeddable":true,"href":"https:\/\/legrenierdelatour.be\/brocante\/wp-json\/wp\/v2\/product_brand?post=12078"},{"taxonomy":"product_cat","embeddable":true,"href":"https:\/\/legrenierdelatour.be\/brocante\/wp-json\/wp\/v2\/product_cat?post=12078"},{"taxonomy":"product_tag","embeddable":true,"href":"https:\/\/legrenierdelatour.be\/brocante\/wp-json\/wp\/v2\/product_tag?post=12078"}],"curies":[{"name":"wp","href":"https:\/\/api.w.org\/{rel}","templated":true}]}}