{"id":12077,"date":"2026-01-16T17:41:33","date_gmt":"2026-01-16T16:41:33","guid":{"rendered":"https:\/\/legrenierdelatour.be\/brocante\/?post_type=product&#038;p=12077"},"modified":"2026-01-16T17:41:34","modified_gmt":"2026-01-16T16:41:34","slug":"plaque-detain-fillette-au-milieu-de-fleurs","status":"publish","type":"product","link":"https:\/\/legrenierdelatour.be\/brocante\/produit\/plaque-detain-fillette-au-milieu-de-fleurs\/","title":{"rendered":"Plaque d&rsquo;\u00e9tain, fillette au milieu de fleurs"},"content":{"rendered":"<p>Petite plaque en \u00e9tain (19 cm de diam\u00e8tre) portant une repr\u00e9sentation d\u2019une fillette au milieu de fleurs. Cette plaque est pr\u00e9vue \u00e0 \u00eatre suspendue. Cette plaque date sans doute des ann\u00e9es 1980 et a \u00e9t\u00e9 achet\u00e9e chez \u00ab\u00a0ArtEtains Cadeaux \u00e0 Arlon.<\/p>\n<div>R\u00e9f 48.11<\/div>\n","protected":false},"excerpt":{"rendered":"<p>Petite plaque en \u00e9tain (19 cm de diam\u00e8tre) portant une repr\u00e9sentation d\u2019une fillette au milieu de fleurs. Cette plaque est pr\u00e9vue \u00e0 \u00eatre suspendue. Cette plaque date sans doute des ann\u00e9es 1980 et a \u00e9t\u00e9 achet\u00e9e chez \u00ab\u00a0ArtEtains Cadeaux \u00e0 Arlon. R\u00e9f 48.11<\/p>\n","protected":false},"featured_media":12052,"comment_status":"open","ping_status":"closed","template":"","meta":{"neve_meta_sidebar":"","neve_meta_container":"","neve_meta_enable_content_width":"off","neve_meta_content_width":100,"neve_meta_title_alignment":"","neve_meta_author_avatar":"","neve_post_elements_order":"","neve_meta_disable_header":"","neve_meta_disable_footer":"","neve_meta_disable_title":""},"product_brand":[],"product_cat":[110,109],"product_tag":[],"class_list":{"0":"post-12077","1":"product","2":"type-product","3":"status-publish","4":"has-post-thumbnail","6":"product_cat-etain","7":"product_cat-metal","9":"first","10":"instock","11":"shipping-taxable","12":"purchasable","13":"product-type-simple"},"_links":{"self":[{"href":"https:\/\/legrenierdelatour.be\/brocante\/wp-json\/wp\/v2\/product\/12077","targetHints":{"allow":["GET"]}}],"collection":[{"href":"https:\/\/legrenierdelatour.be\/brocante\/wp-json\/wp\/v2\/product"}],"about":[{"href":"https:\/\/legrenierdelatour.be\/brocante\/wp-json\/wp\/v2\/types\/product"}],"replies":[{"embeddable":true,"href":"https:\/\/legrenierdelatour.be\/brocante\/wp-json\/wp\/v2\/comments?post=12077"}],"wp:featuredmedia":[{"embeddable":true,"href":"https:\/\/legrenierdelatour.be\/brocante\/wp-json\/wp\/v2\/media\/12052"}],"wp:attachment":[{"href":"https:\/\/legrenierdelatour.be\/brocante\/wp-json\/wp\/v2\/media?parent=12077"}],"wp:term":[{"taxonomy":"product_brand","embeddable":true,"href":"https:\/\/legrenierdelatour.be\/brocante\/wp-json\/wp\/v2\/product_brand?post=12077"},{"taxonomy":"product_cat","embeddable":true,"href":"https:\/\/legrenierdelatour.be\/brocante\/wp-json\/wp\/v2\/product_cat?post=12077"},{"taxonomy":"product_tag","embeddable":true,"href":"https:\/\/legrenierdelatour.be\/brocante\/wp-json\/wp\/v2\/product_tag?post=12077"}],"curies":[{"name":"wp","href":"https:\/\/api.w.org\/{rel}","templated":true}]}}