{"id":12075,"date":"2026-01-16T17:26:54","date_gmt":"2026-01-16T16:26:54","guid":{"rendered":"https:\/\/legrenierdelatour.be\/brocante\/?post_type=product&#038;p=12075"},"modified":"2026-01-16T17:27:03","modified_gmt":"2026-01-16T16:27:03","slug":"grand-vase-tulipe-de-la-cristallerie-de-vannes-le-chatel-art-deco","status":"publish","type":"product","link":"https:\/\/legrenierdelatour.be\/brocante\/produit\/grand-vase-tulipe-de-la-cristallerie-de-vannes-le-chatel-art-deco\/","title":{"rendered":"Grand vase \u00ab\u00a0Tulipe\u00a0\u00bb de la Cristallerie de Vannes-le-Ch\u00e2tel, Art d\u00e9co"},"content":{"rendered":"<p>Grand vase en cristal (25 cm de haut) portant la marque grav\u00e9e dessous de la Cristallerie de Vannes le Ch\u00e2tel (cr\u00e9\u00e9e en 1765). Ce vase Art D\u00e9co date des ann\u00e9es 1930. Il est en parfait \u00e9tat.<\/p>\n<div>R\u00e9f 48.09<\/div>\n","protected":false},"excerpt":{"rendered":"<p>Grand vase en cristal (25 cm de haut) portant la marque grav\u00e9e dessous de la Cristallerie de Vannes le Ch\u00e2tel (cr\u00e9\u00e9e en 1765). Ce vase Art D\u00e9co date des ann\u00e9es 1930. Il est en parfait \u00e9tat. R\u00e9f 48.09<\/p>\n","protected":false},"featured_media":12054,"comment_status":"open","ping_status":"closed","template":"","meta":{"neve_meta_sidebar":"","neve_meta_container":"","neve_meta_enable_content_width":"off","neve_meta_content_width":100,"neve_meta_title_alignment":"","neve_meta_author_avatar":"","neve_post_elements_order":"","neve_meta_disable_header":"","neve_meta_disable_footer":"","neve_meta_disable_title":""},"product_brand":[],"product_cat":[163,22],"product_tag":[],"class_list":{"0":"post-12075","1":"product","2":"type-product","3":"status-publish","4":"has-post-thumbnail","6":"product_cat-productions-francaises","7":"product_cat-verrerie","9":"first","10":"instock","11":"shipping-taxable","12":"purchasable","13":"product-type-simple"},"_links":{"self":[{"href":"https:\/\/legrenierdelatour.be\/brocante\/wp-json\/wp\/v2\/product\/12075","targetHints":{"allow":["GET"]}}],"collection":[{"href":"https:\/\/legrenierdelatour.be\/brocante\/wp-json\/wp\/v2\/product"}],"about":[{"href":"https:\/\/legrenierdelatour.be\/brocante\/wp-json\/wp\/v2\/types\/product"}],"replies":[{"embeddable":true,"href":"https:\/\/legrenierdelatour.be\/brocante\/wp-json\/wp\/v2\/comments?post=12075"}],"wp:featuredmedia":[{"embeddable":true,"href":"https:\/\/legrenierdelatour.be\/brocante\/wp-json\/wp\/v2\/media\/12054"}],"wp:attachment":[{"href":"https:\/\/legrenierdelatour.be\/brocante\/wp-json\/wp\/v2\/media?parent=12075"}],"wp:term":[{"taxonomy":"product_brand","embeddable":true,"href":"https:\/\/legrenierdelatour.be\/brocante\/wp-json\/wp\/v2\/product_brand?post=12075"},{"taxonomy":"product_cat","embeddable":true,"href":"https:\/\/legrenierdelatour.be\/brocante\/wp-json\/wp\/v2\/product_cat?post=12075"},{"taxonomy":"product_tag","embeddable":true,"href":"https:\/\/legrenierdelatour.be\/brocante\/wp-json\/wp\/v2\/product_tag?post=12075"}],"curies":[{"name":"wp","href":"https:\/\/api.w.org\/{rel}","templated":true}]}}