{"id":12042,"date":"2026-01-13T15:05:56","date_gmt":"2026-01-13T14:05:56","guid":{"rendered":"https:\/\/legrenierdelatour.be\/brocante\/?post_type=product&#038;p=12042"},"modified":"2026-01-13T15:05:56","modified_gmt":"2026-01-13T14:05:56","slug":"vase-anton-mehlem-bonn","status":"publish","type":"product","link":"https:\/\/legrenierdelatour.be\/brocante\/produit\/vase-anton-mehlem-bonn\/","title":{"rendered":"Vase Anton Mehlem Bonn"},"content":{"rendered":"<div>Petit vase en porcelaine (9 cm de haut) portant des d\u00e9cors bleu et blanc avec des bouquetes et un paysage dans des cartouches. Il est sans doute issu de la manufacture Franz Anlon Mehlem (1836-1931) \u00e0 Bonn, rachet\u00e9e par Villeroy et Boch en 1921 mais fermerta en 1931. Ce vase porte diverses marques, avec le monogramme \u00ab\u00a0Fan\u00a0\u00bb ou \u00ab\u00a0An\u00a0\u00bb, une tour et \u00ab\u00a0Royal Bonn\u00a0\u00bb, \u00ab\u00a01755\u00a0\u00bb. Ce vase date sans doute du d\u00e9but du XX\u00e8 si\u00e8cle.<\/div>\n<div>R\u00e9f 48.05<\/div>\n","protected":false},"excerpt":{"rendered":"<p>Petit vase en porcelaine (9 cm de haut) portant des d\u00e9cors bleu et blanc avec des bouquetes et un paysage dans des cartouches. Il est sans doute issu de la manufacture Franz Anlon Mehlem (1836-1931) \u00e0 Bonn, rachet\u00e9e par Villeroy et Boch en 1921 mais fermerta en 1931. Ce vase porte diverses marques, avec le&hellip;&nbsp;<a href=\"https:\/\/legrenierdelatour.be\/brocante\/produit\/vase-anton-mehlem-bonn\/\" class=\"\" rel=\"bookmark\">Lire la suite &raquo;<span class=\"screen-reader-text\">Vase Anton Mehlem Bonn<\/span><\/a><\/p>\n","protected":false},"featured_media":12043,"comment_status":"open","ping_status":"closed","template":"","meta":{"neve_meta_sidebar":"","neve_meta_container":"","neve_meta_enable_content_width":"off","neve_meta_content_width":100,"neve_meta_title_alignment":"","neve_meta_author_avatar":"","neve_post_elements_order":"","neve_meta_disable_header":"","neve_meta_disable_footer":"","neve_meta_disable_title":""},"product_brand":[],"product_cat":[16],"product_tag":[],"class_list":{"0":"post-12042","1":"product","2":"type-product","3":"status-publish","4":"has-post-thumbnail","6":"product_cat-ceramique","8":"first","9":"instock","10":"shipping-taxable","11":"purchasable","12":"product-type-simple"},"_links":{"self":[{"href":"https:\/\/legrenierdelatour.be\/brocante\/wp-json\/wp\/v2\/product\/12042","targetHints":{"allow":["GET"]}}],"collection":[{"href":"https:\/\/legrenierdelatour.be\/brocante\/wp-json\/wp\/v2\/product"}],"about":[{"href":"https:\/\/legrenierdelatour.be\/brocante\/wp-json\/wp\/v2\/types\/product"}],"replies":[{"embeddable":true,"href":"https:\/\/legrenierdelatour.be\/brocante\/wp-json\/wp\/v2\/comments?post=12042"}],"wp:featuredmedia":[{"embeddable":true,"href":"https:\/\/legrenierdelatour.be\/brocante\/wp-json\/wp\/v2\/media\/12043"}],"wp:attachment":[{"href":"https:\/\/legrenierdelatour.be\/brocante\/wp-json\/wp\/v2\/media?parent=12042"}],"wp:term":[{"taxonomy":"product_brand","embeddable":true,"href":"https:\/\/legrenierdelatour.be\/brocante\/wp-json\/wp\/v2\/product_brand?post=12042"},{"taxonomy":"product_cat","embeddable":true,"href":"https:\/\/legrenierdelatour.be\/brocante\/wp-json\/wp\/v2\/product_cat?post=12042"},{"taxonomy":"product_tag","embeddable":true,"href":"https:\/\/legrenierdelatour.be\/brocante\/wp-json\/wp\/v2\/product_tag?post=12042"}],"curies":[{"name":"wp","href":"https:\/\/api.w.org\/{rel}","templated":true}]}}