{"id":12039,"date":"2026-01-13T14:48:49","date_gmt":"2026-01-13T13:48:49","guid":{"rendered":"https:\/\/legrenierdelatour.be\/brocante\/?post_type=product&#038;p=12039"},"modified":"2026-01-13T14:48:49","modified_gmt":"2026-01-13T13:48:49","slug":"carrelage-decoratif-vintage-holland-mosa-zon","status":"publish","type":"product","link":"https:\/\/legrenierdelatour.be\/brocante\/produit\/carrelage-decoratif-vintage-holland-mosa-zon\/","title":{"rendered":"Carrelage d\u00e9coratif vintage, Holland Mosa Zon"},"content":{"rendered":"<p>Carrelage d\u00e9coratif (20&#215;10 cm) portant une repr\u00e9sentation d\u2019un gar\u00e7on sign\u00e9 Son. A l\u2019arri\u00e8re, une notice mentionne Anne Marie Remy \u00e0 Martelange, cadeau de communion du 18 mai 1969. Il s\u2019agit d\u2019une production hollandaise des ann\u00e9es 1960.<\/p>\n<div>R\u00e9f 48.04<\/div>\n","protected":false},"excerpt":{"rendered":"<p>Carrelage d\u00e9coratif (20&#215;10 cm) portant une repr\u00e9sentation d\u2019un gar\u00e7on sign\u00e9 Son. A l\u2019arri\u00e8re, une notice mentionne Anne Marie Remy \u00e0 Martelange, cadeau de communion du 18 mai 1969. Il s\u2019agit d\u2019une production hollandaise des ann\u00e9es 1960. R\u00e9f 48.04<\/p>\n","protected":false},"featured_media":12040,"comment_status":"open","ping_status":"closed","template":"","meta":{"neve_meta_sidebar":"","neve_meta_container":"","neve_meta_enable_content_width":"off","neve_meta_content_width":100,"neve_meta_title_alignment":"","neve_meta_author_avatar":"","neve_post_elements_order":"","neve_meta_disable_header":"","neve_meta_disable_footer":"","neve_meta_disable_title":""},"product_brand":[],"product_cat":[16],"product_tag":[],"class_list":{"0":"post-12039","1":"product","2":"type-product","3":"status-publish","4":"has-post-thumbnail","6":"product_cat-ceramique","8":"first","9":"instock","10":"shipping-taxable","11":"purchasable","12":"product-type-simple"},"_links":{"self":[{"href":"https:\/\/legrenierdelatour.be\/brocante\/wp-json\/wp\/v2\/product\/12039","targetHints":{"allow":["GET"]}}],"collection":[{"href":"https:\/\/legrenierdelatour.be\/brocante\/wp-json\/wp\/v2\/product"}],"about":[{"href":"https:\/\/legrenierdelatour.be\/brocante\/wp-json\/wp\/v2\/types\/product"}],"replies":[{"embeddable":true,"href":"https:\/\/legrenierdelatour.be\/brocante\/wp-json\/wp\/v2\/comments?post=12039"}],"wp:featuredmedia":[{"embeddable":true,"href":"https:\/\/legrenierdelatour.be\/brocante\/wp-json\/wp\/v2\/media\/12040"}],"wp:attachment":[{"href":"https:\/\/legrenierdelatour.be\/brocante\/wp-json\/wp\/v2\/media?parent=12039"}],"wp:term":[{"taxonomy":"product_brand","embeddable":true,"href":"https:\/\/legrenierdelatour.be\/brocante\/wp-json\/wp\/v2\/product_brand?post=12039"},{"taxonomy":"product_cat","embeddable":true,"href":"https:\/\/legrenierdelatour.be\/brocante\/wp-json\/wp\/v2\/product_cat?post=12039"},{"taxonomy":"product_tag","embeddable":true,"href":"https:\/\/legrenierdelatour.be\/brocante\/wp-json\/wp\/v2\/product_tag?post=12039"}],"curies":[{"name":"wp","href":"https:\/\/api.w.org\/{rel}","templated":true}]}}