{"id":12031,"date":"2026-01-13T14:27:41","date_gmt":"2026-01-13T13:27:41","guid":{"rendered":"https:\/\/legrenierdelatour.be\/brocante\/?post_type=product&#038;p=12031"},"modified":"2026-01-13T14:27:42","modified_gmt":"2026-01-13T13:27:42","slug":"ancienne-boite-a-dragees-debut-du-xxe-siecle","status":"publish","type":"product","link":"https:\/\/legrenierdelatour.be\/brocante\/produit\/ancienne-boite-a-dragees-debut-du-xxe-siecle\/","title":{"rendered":"Ancienne bo\u00eete \u00e0 drag\u00e9es, d\u00e9but du XX\u00e8 si\u00e8cle"},"content":{"rendered":"<p>Belle bo\u00eete \u00e0 drag\u00e9es en carton (17 cm de diam\u00e8tre) portant des sc\u00e8nes enfantines. Sous la bo\u00eete se trouve l\u2019inscription manuelle \u00ab\u00a0Maria 1904\u00a0\u00bb. Elle est en assez bon \u00e9tat pour son \u00e2ge.<\/p>\n<div>R\u00e9f 48.01<\/div>\n","protected":false},"excerpt":{"rendered":"<p>Belle bo\u00eete \u00e0 drag\u00e9es en carton (17 cm de diam\u00e8tre) portant des sc\u00e8nes enfantines. Sous la bo\u00eete se trouve l\u2019inscription manuelle \u00ab\u00a0Maria 1904\u00a0\u00bb. Elle est en assez bon \u00e9tat pour son \u00e2ge. R\u00e9f 48.01<\/p>\n","protected":false},"featured_media":12032,"comment_status":"open","ping_status":"closed","template":"","meta":{"neve_meta_sidebar":"","neve_meta_container":"","neve_meta_enable_content_width":"off","neve_meta_content_width":100,"neve_meta_title_alignment":"","neve_meta_author_avatar":"","neve_post_elements_order":"","neve_meta_disable_header":"","neve_meta_disable_footer":"","neve_meta_disable_title":""},"product_brand":[],"product_cat":[15],"product_tag":[],"class_list":{"0":"post-12031","1":"product","2":"type-product","3":"status-publish","4":"has-post-thumbnail","6":"product_cat-non-classe","8":"first","9":"instock","10":"shipping-taxable","11":"purchasable","12":"product-type-simple"},"_links":{"self":[{"href":"https:\/\/legrenierdelatour.be\/brocante\/wp-json\/wp\/v2\/product\/12031","targetHints":{"allow":["GET"]}}],"collection":[{"href":"https:\/\/legrenierdelatour.be\/brocante\/wp-json\/wp\/v2\/product"}],"about":[{"href":"https:\/\/legrenierdelatour.be\/brocante\/wp-json\/wp\/v2\/types\/product"}],"replies":[{"embeddable":true,"href":"https:\/\/legrenierdelatour.be\/brocante\/wp-json\/wp\/v2\/comments?post=12031"}],"wp:featuredmedia":[{"embeddable":true,"href":"https:\/\/legrenierdelatour.be\/brocante\/wp-json\/wp\/v2\/media\/12032"}],"wp:attachment":[{"href":"https:\/\/legrenierdelatour.be\/brocante\/wp-json\/wp\/v2\/media?parent=12031"}],"wp:term":[{"taxonomy":"product_brand","embeddable":true,"href":"https:\/\/legrenierdelatour.be\/brocante\/wp-json\/wp\/v2\/product_brand?post=12031"},{"taxonomy":"product_cat","embeddable":true,"href":"https:\/\/legrenierdelatour.be\/brocante\/wp-json\/wp\/v2\/product_cat?post=12031"},{"taxonomy":"product_tag","embeddable":true,"href":"https:\/\/legrenierdelatour.be\/brocante\/wp-json\/wp\/v2\/product_tag?post=12031"}],"curies":[{"name":"wp","href":"https:\/\/api.w.org\/{rel}","templated":true}]}}