{"id":12027,"date":"2026-01-13T13:51:40","date_gmt":"2026-01-13T12:51:40","guid":{"rendered":"https:\/\/legrenierdelatour.be\/brocante\/?post_type=product&#038;p=12027"},"modified":"2026-01-13T13:51:40","modified_gmt":"2026-01-13T12:51:40","slug":"pied-de-sapin-de-noel-vintage","status":"publish","type":"product","link":"https:\/\/legrenierdelatour.be\/brocante\/produit\/pied-de-sapin-de-noel-vintage\/","title":{"rendered":"Pied de sapin de No\u00ebl Vintage"},"content":{"rendered":"<p>Pied de sapin de No\u00ebl (29 cm de diam\u00e8tre) en plastique, issu d\u2019une manufacture belge (d\u2019apr\u00e8s l\u2019impression dessous). Il peut \u00eatre rempli d\u2019eau ou de sable pour augmenter son poids Il date des ann\u00e9es 1970.<\/p>\n<div>R\u00e9f 47.99<\/div>\n","protected":false},"excerpt":{"rendered":"<p>Pied de sapin de No\u00ebl (29 cm de diam\u00e8tre) en plastique, issu d\u2019une manufacture belge (d\u2019apr\u00e8s l\u2019impression dessous). Il peut \u00eatre rempli d\u2019eau ou de sable pour augmenter son poids Il date des ann\u00e9es 1970. R\u00e9f 47.99<\/p>\n","protected":false},"featured_media":12028,"comment_status":"open","ping_status":"closed","template":"","meta":{"neve_meta_sidebar":"","neve_meta_container":"","neve_meta_enable_content_width":"off","neve_meta_content_width":100,"neve_meta_title_alignment":"","neve_meta_author_avatar":"","neve_post_elements_order":"","neve_meta_disable_header":"","neve_meta_disable_footer":"","neve_meta_disable_title":""},"product_brand":[],"product_cat":[15],"product_tag":[],"class_list":{"0":"post-12027","1":"product","2":"type-product","3":"status-publish","4":"has-post-thumbnail","6":"product_cat-non-classe","8":"first","9":"instock","10":"shipping-taxable","11":"purchasable","12":"product-type-simple"},"_links":{"self":[{"href":"https:\/\/legrenierdelatour.be\/brocante\/wp-json\/wp\/v2\/product\/12027","targetHints":{"allow":["GET"]}}],"collection":[{"href":"https:\/\/legrenierdelatour.be\/brocante\/wp-json\/wp\/v2\/product"}],"about":[{"href":"https:\/\/legrenierdelatour.be\/brocante\/wp-json\/wp\/v2\/types\/product"}],"replies":[{"embeddable":true,"href":"https:\/\/legrenierdelatour.be\/brocante\/wp-json\/wp\/v2\/comments?post=12027"}],"wp:featuredmedia":[{"embeddable":true,"href":"https:\/\/legrenierdelatour.be\/brocante\/wp-json\/wp\/v2\/media\/12028"}],"wp:attachment":[{"href":"https:\/\/legrenierdelatour.be\/brocante\/wp-json\/wp\/v2\/media?parent=12027"}],"wp:term":[{"taxonomy":"product_brand","embeddable":true,"href":"https:\/\/legrenierdelatour.be\/brocante\/wp-json\/wp\/v2\/product_brand?post=12027"},{"taxonomy":"product_cat","embeddable":true,"href":"https:\/\/legrenierdelatour.be\/brocante\/wp-json\/wp\/v2\/product_cat?post=12027"},{"taxonomy":"product_tag","embeddable":true,"href":"https:\/\/legrenierdelatour.be\/brocante\/wp-json\/wp\/v2\/product_tag?post=12027"}],"curies":[{"name":"wp","href":"https:\/\/api.w.org\/{rel}","templated":true}]}}