{"id":12018,"date":"2026-01-06T15:22:01","date_gmt":"2026-01-06T14:22:01","guid":{"rendered":"https:\/\/legrenierdelatour.be\/brocante\/?post_type=product&#038;p=12018"},"modified":"2026-01-06T15:22:01","modified_gmt":"2026-01-06T14:22:01","slug":"bonbonniere-gouda-art-deco","status":"publish","type":"product","link":"https:\/\/legrenierdelatour.be\/brocante\/produit\/bonbonniere-gouda-art-deco\/","title":{"rendered":"Bonbonni\u00e8re Gouda, Art D\u00e9co"},"content":{"rendered":"<p>Bonbonni\u00e8re (9&#215;10 cm) en fa\u00efence de la poterie de Gouda, un style de c\u00e9ramique hollandaise d\u00e9corative produit \u00e0 Gouda aux Pays-Bas, dans la premi\u00e8re moiti\u00e9 du XX\u00e8 si\u00e8cle. Elle est connue pour ses motifs floraux ou abstraits solor\u00e9s et stylis\u00e9s, inspir\u00e9s de l\u2019Art nouveau ou l\u2019Art D\u00e9co. La manufacture est Gouda Plateelbakkerij Zuid-Holland, avec un num\u00e9ro de mod\u00e8le 2614 et un d\u00e9cor Anne Royal. Petite restauration visible \u00e0 un angle du couvercle.<\/p>\n<div>R\u00e9f 47.95<\/div>\n","protected":false},"excerpt":{"rendered":"<p>Bonbonni\u00e8re (9&#215;10 cm) en fa\u00efence de la poterie de Gouda, un style de c\u00e9ramique hollandaise d\u00e9corative produit \u00e0 Gouda aux Pays-Bas, dans la premi\u00e8re moiti\u00e9 du XX\u00e8 si\u00e8cle. Elle est connue pour ses motifs floraux ou abstraits solor\u00e9s et stylis\u00e9s, inspir\u00e9s de l\u2019Art nouveau ou l\u2019Art D\u00e9co. La manufacture est Gouda Plateelbakkerij Zuid-Holland, avec un&hellip;&nbsp;<a href=\"https:\/\/legrenierdelatour.be\/brocante\/produit\/bonbonniere-gouda-art-deco\/\" class=\"\" rel=\"bookmark\">Lire la suite &raquo;<span class=\"screen-reader-text\">Bonbonni\u00e8re Gouda, Art D\u00e9co<\/span><\/a><\/p>\n","protected":false},"featured_media":12008,"comment_status":"open","ping_status":"closed","template":"","meta":{"neve_meta_sidebar":"","neve_meta_container":"","neve_meta_enable_content_width":"off","neve_meta_content_width":100,"neve_meta_title_alignment":"","neve_meta_author_avatar":"","neve_post_elements_order":"","neve_meta_disable_header":"","neve_meta_disable_footer":"","neve_meta_disable_title":""},"product_brand":[],"product_cat":[159,16],"product_tag":[],"class_list":{"0":"post-12018","1":"product","2":"type-product","3":"status-publish","4":"has-post-thumbnail","6":"product_cat-autres-pays","7":"product_cat-ceramique","9":"first","10":"instock","11":"shipping-taxable","12":"purchasable","13":"product-type-simple"},"_links":{"self":[{"href":"https:\/\/legrenierdelatour.be\/brocante\/wp-json\/wp\/v2\/product\/12018","targetHints":{"allow":["GET"]}}],"collection":[{"href":"https:\/\/legrenierdelatour.be\/brocante\/wp-json\/wp\/v2\/product"}],"about":[{"href":"https:\/\/legrenierdelatour.be\/brocante\/wp-json\/wp\/v2\/types\/product"}],"replies":[{"embeddable":true,"href":"https:\/\/legrenierdelatour.be\/brocante\/wp-json\/wp\/v2\/comments?post=12018"}],"wp:featuredmedia":[{"embeddable":true,"href":"https:\/\/legrenierdelatour.be\/brocante\/wp-json\/wp\/v2\/media\/12008"}],"wp:attachment":[{"href":"https:\/\/legrenierdelatour.be\/brocante\/wp-json\/wp\/v2\/media?parent=12018"}],"wp:term":[{"taxonomy":"product_brand","embeddable":true,"href":"https:\/\/legrenierdelatour.be\/brocante\/wp-json\/wp\/v2\/product_brand?post=12018"},{"taxonomy":"product_cat","embeddable":true,"href":"https:\/\/legrenierdelatour.be\/brocante\/wp-json\/wp\/v2\/product_cat?post=12018"},{"taxonomy":"product_tag","embeddable":true,"href":"https:\/\/legrenierdelatour.be\/brocante\/wp-json\/wp\/v2\/product_tag?post=12018"}],"curies":[{"name":"wp","href":"https:\/\/api.w.org\/{rel}","templated":true}]}}