{"id":12017,"date":"2026-01-06T15:07:54","date_gmt":"2026-01-06T14:07:54","guid":{"rendered":"https:\/\/legrenierdelatour.be\/brocante\/?post_type=product&#038;p=12017"},"modified":"2026-01-06T15:21:17","modified_gmt":"2026-01-06T14:21:17","slug":"ensemble-jardiniere-et-vases-art-deco-thulin","status":"publish","type":"product","link":"https:\/\/legrenierdelatour.be\/brocante\/produit\/ensemble-jardiniere-et-vases-art-deco-thulin\/","title":{"rendered":"Ensemble jardini\u00e8re et vases Art D\u00e9co, Thulin"},"content":{"rendered":"<p>Belle jardini\u00e8re (28 cm de long) accompagn\u00e9e de ses deux vases assortis (21 cm de haut) en parfait \u00e9tat, par\u00e9s d\u2019un bel \u00e9mail coulant en barbotine. La jardini\u00e8re est marqu\u00e9e dessous \u00ab\u00a0147 Belgium\u00a0\u00bb et les vases \u00ab\u00a095 Belgium\u00a0\u00bb. Ce sont des productions de la faiencerie de Thulin (1887-1973). L&rsquo;ensemble date des ann\u00e9es 1930, p\u00e9riode Art D\u00e9co.<\/p>\n<div>R\u00e9f 47.94<\/div>\n","protected":false},"excerpt":{"rendered":"<p>Belle jardini\u00e8re (28 cm de long) accompagn\u00e9e de ses deux vases assortis (21 cm de haut) en parfait \u00e9tat, par\u00e9s d\u2019un bel \u00e9mail coulant en barbotine. La jardini\u00e8re est marqu\u00e9e dessous \u00ab\u00a0147 Belgium\u00a0\u00bb et les vases \u00ab\u00a095 Belgium\u00a0\u00bb. Ce sont des productions de la faiencerie de Thulin (1887-1973). L&rsquo;ensemble date des ann\u00e9es 1930, p\u00e9riode Art&hellip;&nbsp;<a href=\"https:\/\/legrenierdelatour.be\/brocante\/produit\/ensemble-jardiniere-et-vases-art-deco-thulin\/\" class=\"\" rel=\"bookmark\">Lire la suite &raquo;<span class=\"screen-reader-text\">Ensemble jardini\u00e8re et vases Art D\u00e9co, Thulin<\/span><\/a><\/p>\n","protected":false},"featured_media":12005,"comment_status":"open","ping_status":"closed","template":"","meta":{"neve_meta_sidebar":"","neve_meta_container":"","neve_meta_enable_content_width":"off","neve_meta_content_width":100,"neve_meta_title_alignment":"","neve_meta_author_avatar":"","neve_post_elements_order":"","neve_meta_disable_header":"","neve_meta_disable_footer":"","neve_meta_disable_title":""},"product_brand":[],"product_cat":[37,16,177],"product_tag":[],"class_list":{"0":"post-12017","1":"product","2":"type-product","3":"status-publish","4":"has-post-thumbnail","6":"product_cat-belgique","7":"product_cat-ceramique","8":"product_cat-thulin","10":"first","11":"instock","12":"shipping-taxable","13":"purchasable","14":"product-type-simple"},"_links":{"self":[{"href":"https:\/\/legrenierdelatour.be\/brocante\/wp-json\/wp\/v2\/product\/12017","targetHints":{"allow":["GET"]}}],"collection":[{"href":"https:\/\/legrenierdelatour.be\/brocante\/wp-json\/wp\/v2\/product"}],"about":[{"href":"https:\/\/legrenierdelatour.be\/brocante\/wp-json\/wp\/v2\/types\/product"}],"replies":[{"embeddable":true,"href":"https:\/\/legrenierdelatour.be\/brocante\/wp-json\/wp\/v2\/comments?post=12017"}],"wp:featuredmedia":[{"embeddable":true,"href":"https:\/\/legrenierdelatour.be\/brocante\/wp-json\/wp\/v2\/media\/12005"}],"wp:attachment":[{"href":"https:\/\/legrenierdelatour.be\/brocante\/wp-json\/wp\/v2\/media?parent=12017"}],"wp:term":[{"taxonomy":"product_brand","embeddable":true,"href":"https:\/\/legrenierdelatour.be\/brocante\/wp-json\/wp\/v2\/product_brand?post=12017"},{"taxonomy":"product_cat","embeddable":true,"href":"https:\/\/legrenierdelatour.be\/brocante\/wp-json\/wp\/v2\/product_cat?post=12017"},{"taxonomy":"product_tag","embeddable":true,"href":"https:\/\/legrenierdelatour.be\/brocante\/wp-json\/wp\/v2\/product_tag?post=12017"}],"curies":[{"name":"wp","href":"https:\/\/api.w.org\/{rel}","templated":true}]}}